{"id":29063,"date":"2026-04-08T08:09:22","date_gmt":"2026-04-08T08:09:22","guid":{"rendered":"https:\/\/sanqingniaoo.com\/product\/chunky-cotton\/"},"modified":"2026-04-22T08:26:51","modified_gmt":"2026-04-22T08:26:51","slug":"chunky-cotton","status":"publish","type":"product","link":"https:\/\/sanqingniaoo.com\/pt\/produto\/chunky-cotton\/","title":{"rendered":"Algod\u00e3o volumoso"},"content":{"rendered":"<p>O Premier\u00ae Chunky Cotton \u00e9 um fio de algod\u00e3o 100%, super volumoso, que se trabalha rapidamente e \u00e9 muito macio! Tricote ou fa\u00e7a croch\u00e9 para decorar a sua casa ou para usar com acess\u00f3rios fabulosos. Com este fio espesso e sumptuoso, numa gama de tons neutros e suaves, os seus projectos ser\u00e3o r\u00e1pidos e bonitos. Este fio lav\u00e1vel na m\u00e1quina tamb\u00e9m \u00e9 f\u00e1cil de cuidar - vai adorar criar com ele!<\/p>","protected":false},"excerpt":{"rendered":"<p>Premier\u00ae Chunky Cotton is a 100% cotton, super bulky yarn that works up fast and is oh-so soft! Knit or<\/p>","protected":false},"featured_media":29061,"comment_status":"open","ping_status":"closed","template":"","meta":[],"product_brand":[],"product_cat":[27],"product_tag":[],"class_list":{"0":"post-29063","1":"product","2":"type-product","3":"status-publish","4":"has-post-thumbnail","6":"product_cat-pure-cotton-yarn","8":"first","9":"instock","10":"shipping-taxable","11":"purchasable","12":"product-type-simple"},"_links":{"self":[{"href":"https:\/\/sanqingniaoo.com\/pt\/wp-json\/wp\/v2\/product\/29063","targetHints":{"allow":["GET"]}}],"collection":[{"href":"https:\/\/sanqingniaoo.com\/pt\/wp-json\/wp\/v2\/product"}],"about":[{"href":"https:\/\/sanqingniaoo.com\/pt\/wp-json\/wp\/v2\/types\/product"}],"replies":[{"embeddable":true,"href":"https:\/\/sanqingniaoo.com\/pt\/wp-json\/wp\/v2\/comments?post=29063"}],"version-history":[{"count":0,"href":"https:\/\/sanqingniaoo.com\/pt\/wp-json\/wp\/v2\/product\/29063\/revisions"}],"wp:featuredmedia":[{"embeddable":true,"href":"https:\/\/sanqingniaoo.com\/pt\/wp-json\/wp\/v2\/media\/29061"}],"wp:attachment":[{"href":"https:\/\/sanqingniaoo.com\/pt\/wp-json\/wp\/v2\/media?parent=29063"}],"wp:term":[{"taxonomy":"product_brand","embeddable":true,"href":"https:\/\/sanqingniaoo.com\/pt\/wp-json\/wp\/v2\/product_brand?post=29063"},{"taxonomy":"product_cat","embeddable":true,"href":"https:\/\/sanqingniaoo.com\/pt\/wp-json\/wp\/v2\/product_cat?post=29063"},{"taxonomy":"product_tag","embeddable":true,"href":"https:\/\/sanqingniaoo.com\/pt\/wp-json\/wp\/v2\/product_tag?post=29063"}],"curies":[{"name":"wp","href":"https:\/\/api.w.org\/{rel}","templated":true}]}}