{"id":29069,"date":"2026-04-08T08:09:23","date_gmt":"2026-04-08T08:09:23","guid":{"rendered":"https:\/\/sanqingniaoo.com\/product\/bamboo-fair\/"},"modified":"2026-04-22T08:27:31","modified_gmt":"2026-04-22T08:27:31","slug":"bamboo-fair","status":"publish","type":"product","link":"https:\/\/sanqingniaoo.com\/pt\/produto\/bamboo-fair\/","title":{"rendered":"Feira do Bambu"},"content":{"rendered":"<p>Com fibra de bambu macia misturada com algod\u00e3o, a Bamboo Fair tem um brilho subtil e uma suavidade sedosa que a far\u00e1 querer us\u00e1-la durante todo o ano. Ideal para projectos de tempo quente, Bamboo Fair \u00e9 o acompanhamento perfeito para a sua pr\u00f3xima viagem \u00e0 praia, piquenique de ver\u00e3o ou para embrulhar a mais recente adi\u00e7\u00e3o \u00e0 sua fam\u00edlia.<br \/>\nTrabalhe confortavelmente sabendo que este fio \u00e9 seguro para si! Foi aprovado pelo mais alto padr\u00e3o, adequado para o contacto direto com a pele mais sens\u00edvel, mesmo de beb\u00e9s e crian\u00e7as pequenas.<br \/>\nFios aprovados por<\/p>","protected":false},"excerpt":{"rendered":"<p>With soft bamboo fiber mixed with cotton, Bamboo Fair has a subtle sheen and silky softness that will make you<\/p>","protected":false},"featured_media":29067,"comment_status":"open","ping_status":"closed","template":"","meta":[],"product_brand":[],"product_cat":[27],"product_tag":[],"class_list":{"0":"post-29069","1":"product","2":"type-product","3":"status-publish","4":"has-post-thumbnail","6":"product_cat-pure-cotton-yarn","8":"first","9":"instock","10":"shipping-taxable","11":"purchasable","12":"product-type-simple"},"_links":{"self":[{"href":"https:\/\/sanqingniaoo.com\/pt\/wp-json\/wp\/v2\/product\/29069","targetHints":{"allow":["GET"]}}],"collection":[{"href":"https:\/\/sanqingniaoo.com\/pt\/wp-json\/wp\/v2\/product"}],"about":[{"href":"https:\/\/sanqingniaoo.com\/pt\/wp-json\/wp\/v2\/types\/product"}],"replies":[{"embeddable":true,"href":"https:\/\/sanqingniaoo.com\/pt\/wp-json\/wp\/v2\/comments?post=29069"}],"version-history":[{"count":0,"href":"https:\/\/sanqingniaoo.com\/pt\/wp-json\/wp\/v2\/product\/29069\/revisions"}],"wp:featuredmedia":[{"embeddable":true,"href":"https:\/\/sanqingniaoo.com\/pt\/wp-json\/wp\/v2\/media\/29067"}],"wp:attachment":[{"href":"https:\/\/sanqingniaoo.com\/pt\/wp-json\/wp\/v2\/media?parent=29069"}],"wp:term":[{"taxonomy":"product_brand","embeddable":true,"href":"https:\/\/sanqingniaoo.com\/pt\/wp-json\/wp\/v2\/product_brand?post=29069"},{"taxonomy":"product_cat","embeddable":true,"href":"https:\/\/sanqingniaoo.com\/pt\/wp-json\/wp\/v2\/product_cat?post=29069"},{"taxonomy":"product_tag","embeddable":true,"href":"https:\/\/sanqingniaoo.com\/pt\/wp-json\/wp\/v2\/product_tag?post=29069"}],"curies":[{"name":"wp","href":"https:\/\/api.w.org\/{rel}","templated":true}]}}