{"id":29074,"date":"2026-04-08T08:09:24","date_gmt":"2026-04-08T08:09:24","guid":{"rendered":"https:\/\/sanqingniaoo.com\/product\/cotton-supreme-worsted\/"},"modified":"2026-04-22T08:27:20","modified_gmt":"2026-04-22T08:27:20","slug":"cotton-supreme-worsted","status":"publish","type":"product","link":"https:\/\/sanqingniaoo.com\/pt\/produto\/cotton-supreme-worsted\/","title":{"rendered":"Algod\u00e3o Supreme Worsted"},"content":{"rendered":"<p>Todas as vendas s\u00e3o definitivas. N\u00e3o h\u00e1 devolu\u00e7\u00f5es ou trocas.<br \/>\nEste artigo foi descontinuado e n\u00e3o ser\u00e1 reposto no stock. Certifique-se de que encomenda o suficiente para terminar o seu projeto. N\u00e3o s\u00e3o aceites reembolsos para artigos que esgotem o stock.<br \/>\nO Cotton Supreme \u00e9 um fio de algod\u00e3o suave e sumptuoso. Um sonho para trabalhar, o algod\u00e3o macio brilha com cores vivas e resulta maravilhosamente em tops e camisolas de ver\u00e3o. Lav\u00e1vel e sec\u00e1vel \u00e0 m\u00e1quina, o Cotton Supreme amacia-se \u00e0 medida que \u00e9 lavado - o que o torna uma \u00f3ptima escolha para pe\u00e7as de vestu\u00e1rio para adultos e crian\u00e7as!<\/p>","protected":false},"excerpt":{"rendered":"<p>All sales final. No returns or exchanges. This item is discontinued and will not be restocked. Be sure to order<\/p>","protected":false},"featured_media":29071,"comment_status":"open","ping_status":"closed","template":"","meta":[],"product_brand":[],"product_cat":[27],"product_tag":[],"class_list":{"0":"post-29074","1":"product","2":"type-product","3":"status-publish","4":"has-post-thumbnail","6":"product_cat-pure-cotton-yarn","8":"first","9":"instock","10":"shipping-taxable","11":"purchasable","12":"product-type-simple"},"_links":{"self":[{"href":"https:\/\/sanqingniaoo.com\/pt\/wp-json\/wp\/v2\/product\/29074","targetHints":{"allow":["GET"]}}],"collection":[{"href":"https:\/\/sanqingniaoo.com\/pt\/wp-json\/wp\/v2\/product"}],"about":[{"href":"https:\/\/sanqingniaoo.com\/pt\/wp-json\/wp\/v2\/types\/product"}],"replies":[{"embeddable":true,"href":"https:\/\/sanqingniaoo.com\/pt\/wp-json\/wp\/v2\/comments?post=29074"}],"version-history":[{"count":0,"href":"https:\/\/sanqingniaoo.com\/pt\/wp-json\/wp\/v2\/product\/29074\/revisions"}],"wp:featuredmedia":[{"embeddable":true,"href":"https:\/\/sanqingniaoo.com\/pt\/wp-json\/wp\/v2\/media\/29071"}],"wp:attachment":[{"href":"https:\/\/sanqingniaoo.com\/pt\/wp-json\/wp\/v2\/media?parent=29074"}],"wp:term":[{"taxonomy":"product_brand","embeddable":true,"href":"https:\/\/sanqingniaoo.com\/pt\/wp-json\/wp\/v2\/product_brand?post=29074"},{"taxonomy":"product_cat","embeddable":true,"href":"https:\/\/sanqingniaoo.com\/pt\/wp-json\/wp\/v2\/product_cat?post=29074"},{"taxonomy":"product_tag","embeddable":true,"href":"https:\/\/sanqingniaoo.com\/pt\/wp-json\/wp\/v2\/product_tag?post=29074"}],"curies":[{"name":"wp","href":"https:\/\/api.w.org\/{rel}","templated":true}]}}