{"id":29081,"date":"2026-04-08T08:09:26","date_gmt":"2026-04-08T08:09:26","guid":{"rendered":"https:\/\/sanqingniaoo.com\/product\/afternoon-cotton-bag-of-3\/"},"modified":"2026-04-22T08:26:28","modified_gmt":"2026-04-22T08:26:28","slug":"afternoon-cotton-bag-of-3","status":"publish","type":"product","link":"https:\/\/sanqingniaoo.com\/pt\/produto\/afternoon-cotton-bag-of-3\/","title":{"rendered":"Afternoon Cotton\u2122 Saco de 3"},"content":{"rendered":"<p>Todas as vendas s\u00e3o definitivas. Saco de 3, da mesma cor.<br \/>\nEste artigo foi descontinuado e n\u00e3o ser\u00e1 reposto no stock. Certifique-se de que encomenda o suficiente para terminar o seu projeto. N\u00e3o s\u00e3o aceites reembolsos para artigos que esgotem o stock.<br \/>\nMesmo a tempo da primavera, o Premier\u00ae Afternoon Cotton d\u00e1 brilho e lustre aos seus projectos para o tempo quente. Fabricado com Algod\u00e3o Mercerizado 100% Eg\u00edpcio de Giz\u00e9, este fio \u00e9 mais forte e produz menos cot\u00e3o. Perfeito para vestu\u00e1rio e decora\u00e7\u00e3o de casa, este fio tem menos probabilidades de encolher ou perder a forma.<br \/>\nTrabalhe confortavelmente sabendo que este fio \u00e9 seguro para si! Foi aprovado pelo mais alto padr\u00e3o, adequado para o contacto direto com a pele mais sens\u00edvel, mesmo de beb\u00e9s e crian\u00e7as pequenas.<\/p>","protected":false},"excerpt":{"rendered":"<p>All sales final. Bag of 3, same color. This item is discontinued and will not be restocked. Be sure to<\/p>","protected":false},"featured_media":29079,"comment_status":"open","ping_status":"closed","template":"","meta":[],"product_brand":[],"product_cat":[27],"product_tag":[],"class_list":{"0":"post-29081","1":"product","2":"type-product","3":"status-publish","4":"has-post-thumbnail","6":"product_cat-pure-cotton-yarn","8":"first","9":"instock","10":"shipping-taxable","11":"purchasable","12":"product-type-simple"},"_links":{"self":[{"href":"https:\/\/sanqingniaoo.com\/pt\/wp-json\/wp\/v2\/product\/29081","targetHints":{"allow":["GET"]}}],"collection":[{"href":"https:\/\/sanqingniaoo.com\/pt\/wp-json\/wp\/v2\/product"}],"about":[{"href":"https:\/\/sanqingniaoo.com\/pt\/wp-json\/wp\/v2\/types\/product"}],"replies":[{"embeddable":true,"href":"https:\/\/sanqingniaoo.com\/pt\/wp-json\/wp\/v2\/comments?post=29081"}],"version-history":[{"count":0,"href":"https:\/\/sanqingniaoo.com\/pt\/wp-json\/wp\/v2\/product\/29081\/revisions"}],"wp:featuredmedia":[{"embeddable":true,"href":"https:\/\/sanqingniaoo.com\/pt\/wp-json\/wp\/v2\/media\/29079"}],"wp:attachment":[{"href":"https:\/\/sanqingniaoo.com\/pt\/wp-json\/wp\/v2\/media?parent=29081"}],"wp:term":[{"taxonomy":"product_brand","embeddable":true,"href":"https:\/\/sanqingniaoo.com\/pt\/wp-json\/wp\/v2\/product_brand?post=29081"},{"taxonomy":"product_cat","embeddable":true,"href":"https:\/\/sanqingniaoo.com\/pt\/wp-json\/wp\/v2\/product_cat?post=29081"},{"taxonomy":"product_tag","embeddable":true,"href":"https:\/\/sanqingniaoo.com\/pt\/wp-json\/wp\/v2\/product_tag?post=29081"}],"curies":[{"name":"wp","href":"https:\/\/api.w.org\/{rel}","templated":true}]}}