{"id":29083,"date":"2026-04-08T08:09:27","date_gmt":"2026-04-08T08:09:27","guid":{"rendered":"https:\/\/sanqingniaoo.com\/product\/minikins-off-white-bag-of-3\/"},"modified":"2026-04-22T08:26:45","modified_gmt":"2026-04-22T08:26:45","slug":"minikins-off-white-bag-of-3","status":"publish","type":"product","link":"https:\/\/sanqingniaoo.com\/pt\/produto\/minikins-off-white-bag-of-3\/","title":{"rendered":"Minikins\u2122 Off White Saco de 3"},"content":{"rendered":"<p>Todas as vendas s\u00e3o definitivas.\u00a0<br \/>\nEste artigo foi descontinuado e n\u00e3o ser\u00e1 reposto no stock. Certifique-se de que encomenda o suficiente para terminar o seu projeto. N\u00e3o s\u00e3o aceites reembolsos para artigos que esgotem o stock.<br \/>\nEste branco \u00e9 apenas um pouco diferente da cor correta, pelo que o estamos a vender a um pre\u00e7o com desconto. A cor apresentada nas imagens do produto \u00e9 a que ir\u00e1 receber. Encomende o suficiente para completar o seu projeto, pois n\u00e3o teremos mais desta cor.<\/p>","protected":false},"excerpt":{"rendered":"<p>All sales final.\u00a0 This item is discontinued and will not be restocked. Be sure to order enough to finish your<\/p>","protected":false},"featured_media":29082,"comment_status":"open","ping_status":"closed","template":"","meta":[],"product_brand":[],"product_cat":[27],"product_tag":[],"class_list":{"0":"post-29083","1":"product","2":"type-product","3":"status-publish","4":"has-post-thumbnail","6":"product_cat-pure-cotton-yarn","8":"first","9":"outofstock","10":"shipping-taxable","11":"purchasable","12":"product-type-simple"},"_links":{"self":[{"href":"https:\/\/sanqingniaoo.com\/pt\/wp-json\/wp\/v2\/product\/29083","targetHints":{"allow":["GET"]}}],"collection":[{"href":"https:\/\/sanqingniaoo.com\/pt\/wp-json\/wp\/v2\/product"}],"about":[{"href":"https:\/\/sanqingniaoo.com\/pt\/wp-json\/wp\/v2\/types\/product"}],"replies":[{"embeddable":true,"href":"https:\/\/sanqingniaoo.com\/pt\/wp-json\/wp\/v2\/comments?post=29083"}],"version-history":[{"count":0,"href":"https:\/\/sanqingniaoo.com\/pt\/wp-json\/wp\/v2\/product\/29083\/revisions"}],"wp:featuredmedia":[{"embeddable":true,"href":"https:\/\/sanqingniaoo.com\/pt\/wp-json\/wp\/v2\/media\/29082"}],"wp:attachment":[{"href":"https:\/\/sanqingniaoo.com\/pt\/wp-json\/wp\/v2\/media?parent=29083"}],"wp:term":[{"taxonomy":"product_brand","embeddable":true,"href":"https:\/\/sanqingniaoo.com\/pt\/wp-json\/wp\/v2\/product_brand?post=29083"},{"taxonomy":"product_cat","embeddable":true,"href":"https:\/\/sanqingniaoo.com\/pt\/wp-json\/wp\/v2\/product_cat?post=29083"},{"taxonomy":"product_tag","embeddable":true,"href":"https:\/\/sanqingniaoo.com\/pt\/wp-json\/wp\/v2\/product_tag?post=29083"}],"curies":[{"name":"wp","href":"https:\/\/api.w.org\/{rel}","templated":true}]}}