{"id":29124,"date":"2026-04-08T08:17:47","date_gmt":"2026-04-08T08:17:47","guid":{"rendered":"https:\/\/sanqingniaoo.com\/product\/puzzle-solids\/"},"modified":"2026-04-22T08:48:03","modified_gmt":"2026-04-22T08:48:03","slug":"puzzle-solids","status":"publish","type":"product","link":"https:\/\/sanqingniaoo.com\/pt\/produto\/puzzle-solids\/","title":{"rendered":"Puzzle\u00ae S\u00f3lidos"},"content":{"rendered":"<p>In need of a solid colored yarn to accompany Premier Puzzle\u00ae? Puzzle\u00ae Solids, available in 14 colors, allows you to effortlessly match with the beautiful blended stripes of Puzzle. Mixing and matching has never been easier with our curated pairing suggestions. These solids are also great on their own to make beautiful blankets, accessories, and more.<br \/>\nTrabalhe confortavelmente sabendo que este fio \u00e9 seguro para todos! Foi aprovado pelo mais alto padr\u00e3o, adequado para o contacto direto com a pele mais sens\u00edvel, mesmo com beb\u00e9s e crian\u00e7as pequenas.<\/p>","protected":false},"excerpt":{"rendered":"<p>In need of a solid colored yarn to accompany Premier Puzzle\u00ae? Puzzle\u00ae Solids, available in 14 colors, allows you to<\/p>","protected":false},"featured_media":29122,"comment_status":"open","ping_status":"closed","template":"","meta":[],"product_brand":[],"product_cat":[37],"product_tag":[],"class_list":{"0":"post-29124","1":"product","2":"type-product","3":"status-publish","4":"has-post-thumbnail","6":"product_cat-washi-yarn","8":"first","9":"instock","10":"shipping-taxable","11":"purchasable","12":"product-type-simple"},"_links":{"self":[{"href":"https:\/\/sanqingniaoo.com\/pt\/wp-json\/wp\/v2\/product\/29124","targetHints":{"allow":["GET"]}}],"collection":[{"href":"https:\/\/sanqingniaoo.com\/pt\/wp-json\/wp\/v2\/product"}],"about":[{"href":"https:\/\/sanqingniaoo.com\/pt\/wp-json\/wp\/v2\/types\/product"}],"replies":[{"embeddable":true,"href":"https:\/\/sanqingniaoo.com\/pt\/wp-json\/wp\/v2\/comments?post=29124"}],"version-history":[{"count":0,"href":"https:\/\/sanqingniaoo.com\/pt\/wp-json\/wp\/v2\/product\/29124\/revisions"}],"wp:featuredmedia":[{"embeddable":true,"href":"https:\/\/sanqingniaoo.com\/pt\/wp-json\/wp\/v2\/media\/29122"}],"wp:attachment":[{"href":"https:\/\/sanqingniaoo.com\/pt\/wp-json\/wp\/v2\/media?parent=29124"}],"wp:term":[{"taxonomy":"product_brand","embeddable":true,"href":"https:\/\/sanqingniaoo.com\/pt\/wp-json\/wp\/v2\/product_brand?post=29124"},{"taxonomy":"product_cat","embeddable":true,"href":"https:\/\/sanqingniaoo.com\/pt\/wp-json\/wp\/v2\/product_cat?post=29124"},{"taxonomy":"product_tag","embeddable":true,"href":"https:\/\/sanqingniaoo.com\/pt\/wp-json\/wp\/v2\/product_tag?post=29124"}],"curies":[{"name":"wp","href":"https:\/\/api.w.org\/{rel}","templated":true}]}}