{"id":29125,"date":"2026-04-08T08:17:47","date_gmt":"2026-04-08T08:17:47","guid":{"rendered":"https:\/\/sanqingniaoo.com\/product\/spice-shop\/"},"modified":"2026-04-22T08:48:06","modified_gmt":"2026-04-22T08:48:06","slug":"spice-shop","status":"publish","type":"product","link":"https:\/\/sanqingniaoo.com\/pt\/produto\/spice-shop\/","title":{"rendered":"Loja de especiarias\u2122"},"content":{"rendered":"<p>Do arm\u00e1rio das especiarias para a sua reserva de fios, o Spice Shop\u2122 \u00e9 um fio auto-estriado inspirado nas especiarias e nas ervas arom\u00e1ticas. Este fio de mistura de l\u00e3 \u00e9 macio ao toque, enquanto cada colora\u00e7\u00e3o auto-estriada \u00e9 revestida com cores ricas e ousadas. O seu trabalho de ponto ir\u00e1 realmente sobressair com o Spice Shop\u2122, tornando-o \u00f3timo para torcidos e pontos texturados em acess\u00f3rios, pe\u00e7as de vestu\u00e1rio e muito mais.<br \/>\nTrabalhe confortavelmente sabendo que este fio \u00e9 seguro para todos! Foi aprovado pelo mais alto padr\u00e3o, adequado para o contacto direto com a pele mais sens\u00edvel, mesmo com beb\u00e9s e crian\u00e7as pequenas.<\/p>","protected":false},"excerpt":{"rendered":"<p>From the spice cabinet to your yarn stash, Spice Shop\u2122 is a self-striping yarn inspired by spices and herbs. This<\/p>","protected":false},"featured_media":29123,"comment_status":"open","ping_status":"closed","template":"","meta":[],"product_brand":[],"product_cat":[37],"product_tag":[],"class_list":{"0":"post-29125","1":"product","2":"type-product","3":"status-publish","4":"has-post-thumbnail","6":"product_cat-washi-yarn","8":"first","9":"instock","10":"shipping-taxable","11":"purchasable","12":"product-type-simple"},"_links":{"self":[{"href":"https:\/\/sanqingniaoo.com\/pt\/wp-json\/wp\/v2\/product\/29125","targetHints":{"allow":["GET"]}}],"collection":[{"href":"https:\/\/sanqingniaoo.com\/pt\/wp-json\/wp\/v2\/product"}],"about":[{"href":"https:\/\/sanqingniaoo.com\/pt\/wp-json\/wp\/v2\/types\/product"}],"replies":[{"embeddable":true,"href":"https:\/\/sanqingniaoo.com\/pt\/wp-json\/wp\/v2\/comments?post=29125"}],"version-history":[{"count":0,"href":"https:\/\/sanqingniaoo.com\/pt\/wp-json\/wp\/v2\/product\/29125\/revisions"}],"wp:featuredmedia":[{"embeddable":true,"href":"https:\/\/sanqingniaoo.com\/pt\/wp-json\/wp\/v2\/media\/29123"}],"wp:attachment":[{"href":"https:\/\/sanqingniaoo.com\/pt\/wp-json\/wp\/v2\/media?parent=29125"}],"wp:term":[{"taxonomy":"product_brand","embeddable":true,"href":"https:\/\/sanqingniaoo.com\/pt\/wp-json\/wp\/v2\/product_brand?post=29125"},{"taxonomy":"product_cat","embeddable":true,"href":"https:\/\/sanqingniaoo.com\/pt\/wp-json\/wp\/v2\/product_cat?post=29125"},{"taxonomy":"product_tag","embeddable":true,"href":"https:\/\/sanqingniaoo.com\/pt\/wp-json\/wp\/v2\/product_tag?post=29125"}],"curies":[{"name":"wp","href":"https:\/\/api.w.org\/{rel}","templated":true}]}}