{"id":29135,"date":"2026-04-08T08:17:50","date_gmt":"2026-04-08T08:17:50","guid":{"rendered":"https:\/\/sanqingniaoo.com\/product\/parfait-chunky-glitz\/"},"modified":"2026-04-22T08:48:15","modified_gmt":"2026-04-22T08:48:15","slug":"parfait-chunky-glitz","status":"publish","type":"product","link":"https:\/\/sanqingniaoo.com\/pt\/produto\/parfait-chunky-glitz\/","title":{"rendered":"Parfait\u00ae Chunky Glitz"},"content":{"rendered":"<p>D\u00ea aos seus projectos um brilho extra com Parfait\u00ae Chunky Glitz. Feito com o nosso fio de chenille super macio e purpurina prateada, este fio de peso Super Bulky pode ser usado sozinho ou combinado com os s\u00f3lidos Parfait\u00ae Chunky para dar um pouco mais de divers\u00e3o ao seu projeto. Perfeito para presentes de Natal ou para dar um brilho extra especial aos seus amigurumis e acess\u00f3rios.<br \/>\nTrabalhe confortavelmente sabendo que este fio \u00e9 seguro para todos! Foi aprovado pelo mais alto padr\u00e3o, adequado para o contacto direto com a pele mais sens\u00edvel, mesmo com beb\u00e9s e crian\u00e7as pequenas.<\/p>","protected":false},"excerpt":{"rendered":"<p>Give your projects extra sparkle with Parfait\u00ae Chunky Glitz.\u00a0Made with our super soft chenille yarn and silver glitter,\u00a0this Super Bulky<\/p>","protected":false},"featured_media":29133,"comment_status":"open","ping_status":"closed","template":"","meta":[],"product_brand":[],"product_cat":[37],"product_tag":[],"class_list":{"0":"post-29135","1":"product","2":"type-product","3":"status-publish","4":"has-post-thumbnail","6":"product_cat-washi-yarn","8":"first","9":"instock","10":"shipping-taxable","11":"purchasable","12":"product-type-simple"},"_links":{"self":[{"href":"https:\/\/sanqingniaoo.com\/pt\/wp-json\/wp\/v2\/product\/29135","targetHints":{"allow":["GET"]}}],"collection":[{"href":"https:\/\/sanqingniaoo.com\/pt\/wp-json\/wp\/v2\/product"}],"about":[{"href":"https:\/\/sanqingniaoo.com\/pt\/wp-json\/wp\/v2\/types\/product"}],"replies":[{"embeddable":true,"href":"https:\/\/sanqingniaoo.com\/pt\/wp-json\/wp\/v2\/comments?post=29135"}],"version-history":[{"count":0,"href":"https:\/\/sanqingniaoo.com\/pt\/wp-json\/wp\/v2\/product\/29135\/revisions"}],"wp:featuredmedia":[{"embeddable":true,"href":"https:\/\/sanqingniaoo.com\/pt\/wp-json\/wp\/v2\/media\/29133"}],"wp:attachment":[{"href":"https:\/\/sanqingniaoo.com\/pt\/wp-json\/wp\/v2\/media?parent=29135"}],"wp:term":[{"taxonomy":"product_brand","embeddable":true,"href":"https:\/\/sanqingniaoo.com\/pt\/wp-json\/wp\/v2\/product_brand?post=29135"},{"taxonomy":"product_cat","embeddable":true,"href":"https:\/\/sanqingniaoo.com\/pt\/wp-json\/wp\/v2\/product_cat?post=29135"},{"taxonomy":"product_tag","embeddable":true,"href":"https:\/\/sanqingniaoo.com\/pt\/wp-json\/wp\/v2\/product_tag?post=29135"}],"curies":[{"name":"wp","href":"https:\/\/api.w.org\/{rel}","templated":true}]}}