{"id":29141,"date":"2026-04-08T08:17:52","date_gmt":"2026-04-08T08:17:52","guid":{"rendered":"https:\/\/sanqingniaoo.com\/product\/basix-shimmer\/"},"modified":"2026-04-22T08:48:40","modified_gmt":"2026-04-22T08:48:40","slug":"basix-shimmer","status":"publish","type":"product","link":"https:\/\/sanqingniaoo.com\/pt\/produto\/basix-shimmer\/","title":{"rendered":"Basix\u00ae Shimmer"},"content":{"rendered":"<p>D\u00ea um pequeno toque de brilho a cada projeto com o Premier Basix\u00ae Shimmer. Lav\u00e1vel e sec\u00e1vel \u00e0 m\u00e1quina, este fio #4 de peso m\u00e9dio\/rugoso cose a uma medida de 14 pontos e 16 carreiras em ponto baixo e 17 pontos e 23 carreiras em 4 polegadas em malha.<br \/>\nTrabalhe confortavelmente sabendo que este fio \u00e9 seguro para si! Foi aprovado pelo mais alto padr\u00e3o, adequado para o contacto direto com a pele mais sens\u00edvel, mesmo de beb\u00e9s e crian\u00e7as pequenas.<\/p>","protected":false},"excerpt":{"rendered":"<p>Add a little touch of shine to every project with Premier Basix\u00ae Shimmer. Machine washable and dryable, this #4 Medium\/Worsted<\/p>","protected":false},"featured_media":29140,"comment_status":"open","ping_status":"closed","template":"","meta":[],"product_brand":[],"product_cat":[37],"product_tag":[],"class_list":{"0":"post-29141","1":"product","2":"type-product","3":"status-publish","4":"has-post-thumbnail","6":"product_cat-washi-yarn","8":"first","9":"instock","10":"shipping-taxable","11":"purchasable","12":"product-type-simple"},"_links":{"self":[{"href":"https:\/\/sanqingniaoo.com\/pt\/wp-json\/wp\/v2\/product\/29141","targetHints":{"allow":["GET"]}}],"collection":[{"href":"https:\/\/sanqingniaoo.com\/pt\/wp-json\/wp\/v2\/product"}],"about":[{"href":"https:\/\/sanqingniaoo.com\/pt\/wp-json\/wp\/v2\/types\/product"}],"replies":[{"embeddable":true,"href":"https:\/\/sanqingniaoo.com\/pt\/wp-json\/wp\/v2\/comments?post=29141"}],"version-history":[{"count":0,"href":"https:\/\/sanqingniaoo.com\/pt\/wp-json\/wp\/v2\/product\/29141\/revisions"}],"wp:featuredmedia":[{"embeddable":true,"href":"https:\/\/sanqingniaoo.com\/pt\/wp-json\/wp\/v2\/media\/29140"}],"wp:attachment":[{"href":"https:\/\/sanqingniaoo.com\/pt\/wp-json\/wp\/v2\/media?parent=29141"}],"wp:term":[{"taxonomy":"product_brand","embeddable":true,"href":"https:\/\/sanqingniaoo.com\/pt\/wp-json\/wp\/v2\/product_brand?post=29141"},{"taxonomy":"product_cat","embeddable":true,"href":"https:\/\/sanqingniaoo.com\/pt\/wp-json\/wp\/v2\/product_cat?post=29141"},{"taxonomy":"product_tag","embeddable":true,"href":"https:\/\/sanqingniaoo.com\/pt\/wp-json\/wp\/v2\/product_tag?post=29141"}],"curies":[{"name":"wp","href":"https:\/\/api.w.org\/{rel}","templated":true}]}}