{"id":29145,"date":"2026-04-08T08:17:53","date_gmt":"2026-04-08T08:17:53","guid":{"rendered":"https:\/\/sanqingniaoo.com\/product\/parfait-chunky-pom-pom\/"},"modified":"2026-04-22T08:59:21","modified_gmt":"2026-04-22T08:59:21","slug":"parfait-chunky-pom-pom","status":"publish","type":"product","link":"https:\/\/sanqingniaoo.com\/pt\/produto\/parfait-chunky-pom-pom\/","title":{"rendered":"Parfait\u00ae Pom Pom volumoso"},"content":{"rendered":"<p>O nosso popular fio Parfait\u00ae Chunky vem agora com brilhantes Pom Poms festivos. \u00c9 um fio de chenille incrivelmente macio com um inv\u00f3lucro de nylon com Pom Pom que ir\u00e1 certamente dar um toque especial a todas as suas cria\u00e7\u00f5es. \u00c9 um fio Super Bulky para projectos r\u00e1pidos que pode ser usado sozinho ou combinado com os s\u00f3lidos Parfait\u00ae Chunky para dar um pouco mais de divers\u00e3o ao seu projeto. \u00c9 o fio perfeito para amigurumi, mantas e acess\u00f3rios. Est\u00e1 dispon\u00edvel em 8 tons e pode ser lavado na m\u00e1quina.<br \/>\nTrabalhe confortavelmente sabendo que este fio \u00e9 seguro para todos! Foi aprovado pelo mais alto padr\u00e3o, adequado para o contacto direto com a pele mais sens\u00edvel, mesmo com beb\u00e9s e crian\u00e7as pequenas.<\/p>","protected":false},"excerpt":{"rendered":"<p>Our popular Parfait\u00ae Chunky yarn now comes with bright festive Pom Poms. It is an incredibly soft chenille yarn with<\/p>","protected":false},"featured_media":29143,"comment_status":"open","ping_status":"closed","template":"","meta":[],"product_brand":[],"product_cat":[37],"product_tag":[],"class_list":{"0":"post-29145","1":"product","2":"type-product","3":"status-publish","4":"has-post-thumbnail","6":"product_cat-washi-yarn","8":"first","9":"instock","10":"shipping-taxable","11":"purchasable","12":"product-type-simple"},"_links":{"self":[{"href":"https:\/\/sanqingniaoo.com\/pt\/wp-json\/wp\/v2\/product\/29145","targetHints":{"allow":["GET"]}}],"collection":[{"href":"https:\/\/sanqingniaoo.com\/pt\/wp-json\/wp\/v2\/product"}],"about":[{"href":"https:\/\/sanqingniaoo.com\/pt\/wp-json\/wp\/v2\/types\/product"}],"replies":[{"embeddable":true,"href":"https:\/\/sanqingniaoo.com\/pt\/wp-json\/wp\/v2\/comments?post=29145"}],"version-history":[{"count":0,"href":"https:\/\/sanqingniaoo.com\/pt\/wp-json\/wp\/v2\/product\/29145\/revisions"}],"wp:featuredmedia":[{"embeddable":true,"href":"https:\/\/sanqingniaoo.com\/pt\/wp-json\/wp\/v2\/media\/29143"}],"wp:attachment":[{"href":"https:\/\/sanqingniaoo.com\/pt\/wp-json\/wp\/v2\/media?parent=29145"}],"wp:term":[{"taxonomy":"product_brand","embeddable":true,"href":"https:\/\/sanqingniaoo.com\/pt\/wp-json\/wp\/v2\/product_brand?post=29145"},{"taxonomy":"product_cat","embeddable":true,"href":"https:\/\/sanqingniaoo.com\/pt\/wp-json\/wp\/v2\/product_cat?post=29145"},{"taxonomy":"product_tag","embeddable":true,"href":"https:\/\/sanqingniaoo.com\/pt\/wp-json\/wp\/v2\/product_tag?post=29145"}],"curies":[{"name":"wp","href":"https:\/\/api.w.org\/{rel}","templated":true}]}}