{"id":29147,"date":"2026-04-08T08:17:53","date_gmt":"2026-04-08T08:17:53","guid":{"rendered":"https:\/\/sanqingniaoo.com\/product\/canyon-colors\/"},"modified":"2026-04-22T08:47:51","modified_gmt":"2026-04-22T08:47:51","slug":"canyon-colors","status":"publish","type":"product","link":"https:\/\/sanqingniaoo.com\/pt\/produto\/canyon-colors\/","title":{"rendered":"Canyon Colors\u2122"},"content":{"rendered":"<p>Parta numa aventura com Canyon Colors\u2122. Este \u00e9 um fio acr\u00edlico 100 % de peso volumoso que pode ser cosido em tudo, desde acess\u00f3rios a pe\u00e7as de vestu\u00e1rio e decora\u00e7\u00e3o de interiores. Um estampado cl\u00e1ssico e variado numa gama de cores ricas para qualquer disposi\u00e7\u00e3o de trabalho. Este fio de peso #5 \u00e9 lav\u00e1vel e sec\u00e1vel \u00e0 m\u00e1quina 100%. Para uma versatilidade ainda maior, combine-o com o Serenity\u00ae Chunky para infinitas possibilidades criativas.<br \/>\nTrabalhe confortavelmente sabendo que este fio \u00e9 seguro para si! Foi aprovado pelo mais alto padr\u00e3o, adequado para o contacto direto com a pele mais sens\u00edvel, mesmo de beb\u00e9s e crian\u00e7as pequenas.<\/p>","protected":false},"excerpt":{"rendered":"<p>Set out on an adventure with Canyon Colors\u2122. This is a bulky weight, 100 % acrylic yarn that can be<\/p>","protected":false},"featured_media":29146,"comment_status":"open","ping_status":"closed","template":"","meta":[],"product_brand":[],"product_cat":[37],"product_tag":[],"class_list":{"0":"post-29147","1":"product","2":"type-product","3":"status-publish","4":"has-post-thumbnail","6":"product_cat-washi-yarn","8":"first","9":"instock","10":"shipping-taxable","11":"purchasable","12":"product-type-simple"},"_links":{"self":[{"href":"https:\/\/sanqingniaoo.com\/pt\/wp-json\/wp\/v2\/product\/29147","targetHints":{"allow":["GET"]}}],"collection":[{"href":"https:\/\/sanqingniaoo.com\/pt\/wp-json\/wp\/v2\/product"}],"about":[{"href":"https:\/\/sanqingniaoo.com\/pt\/wp-json\/wp\/v2\/types\/product"}],"replies":[{"embeddable":true,"href":"https:\/\/sanqingniaoo.com\/pt\/wp-json\/wp\/v2\/comments?post=29147"}],"version-history":[{"count":0,"href":"https:\/\/sanqingniaoo.com\/pt\/wp-json\/wp\/v2\/product\/29147\/revisions"}],"wp:featuredmedia":[{"embeddable":true,"href":"https:\/\/sanqingniaoo.com\/pt\/wp-json\/wp\/v2\/media\/29146"}],"wp:attachment":[{"href":"https:\/\/sanqingniaoo.com\/pt\/wp-json\/wp\/v2\/media?parent=29147"}],"wp:term":[{"taxonomy":"product_brand","embeddable":true,"href":"https:\/\/sanqingniaoo.com\/pt\/wp-json\/wp\/v2\/product_brand?post=29147"},{"taxonomy":"product_cat","embeddable":true,"href":"https:\/\/sanqingniaoo.com\/pt\/wp-json\/wp\/v2\/product_cat?post=29147"},{"taxonomy":"product_tag","embeddable":true,"href":"https:\/\/sanqingniaoo.com\/pt\/wp-json\/wp\/v2\/product_tag?post=29147"}],"curies":[{"name":"wp","href":"https:\/\/api.w.org\/{rel}","templated":true}]}}