{"id":29198,"date":"2026-04-08T08:20:22","date_gmt":"2026-04-08T08:20:22","guid":{"rendered":"https:\/\/sanqingniaoo.com\/product\/spun-colors\/"},"modified":"2026-04-22T09:15:49","modified_gmt":"2026-04-22T09:15:49","slug":"spun-colors","status":"publish","type":"product","link":"https:\/\/sanqingniaoo.com\/pt\/produto\/spun-colors\/","title":{"rendered":"Cores de fia\u00e7\u00e3o"},"content":{"rendered":"<p>Tons pict\u00f3ricos que v\u00e3o desde tons delicados e neutros a \u00edndigos fortes. Combine as cores num \u00fanico projeto para criar xailes, cachec\u00f3is e camisolas inspirados no Missoni. Um fio de peso m\u00e9dio, mistura de l\u00e3\/acr\u00edlico num conjunto de 200 gramas significa menos interrup\u00e7\u00f5es na cor com um apelo tanto para quem tricota como para quem faz croch\u00e9.<\/p>","protected":false},"excerpt":{"rendered":"<p>Painterly hues that range from delicate, neutral tones to strong indigos. Combine colorways in a single project to create Missoni-inspired<\/p>","protected":false},"featured_media":29195,"comment_status":"open","ping_status":"closed","template":"","meta":[],"product_brand":[],"product_cat":[30],"product_tag":[],"class_list":{"0":"post-29198","1":"product","2":"type-product","3":"status-publish","4":"has-post-thumbnail","6":"product_cat-linen-yarn","8":"first","9":"instock","10":"shipping-taxable","11":"purchasable","12":"product-type-simple"},"_links":{"self":[{"href":"https:\/\/sanqingniaoo.com\/pt\/wp-json\/wp\/v2\/product\/29198","targetHints":{"allow":["GET"]}}],"collection":[{"href":"https:\/\/sanqingniaoo.com\/pt\/wp-json\/wp\/v2\/product"}],"about":[{"href":"https:\/\/sanqingniaoo.com\/pt\/wp-json\/wp\/v2\/types\/product"}],"replies":[{"embeddable":true,"href":"https:\/\/sanqingniaoo.com\/pt\/wp-json\/wp\/v2\/comments?post=29198"}],"version-history":[{"count":0,"href":"https:\/\/sanqingniaoo.com\/pt\/wp-json\/wp\/v2\/product\/29198\/revisions"}],"wp:featuredmedia":[{"embeddable":true,"href":"https:\/\/sanqingniaoo.com\/pt\/wp-json\/wp\/v2\/media\/29195"}],"wp:attachment":[{"href":"https:\/\/sanqingniaoo.com\/pt\/wp-json\/wp\/v2\/media?parent=29198"}],"wp:term":[{"taxonomy":"product_brand","embeddable":true,"href":"https:\/\/sanqingniaoo.com\/pt\/wp-json\/wp\/v2\/product_brand?post=29198"},{"taxonomy":"product_cat","embeddable":true,"href":"https:\/\/sanqingniaoo.com\/pt\/wp-json\/wp\/v2\/product_cat?post=29198"},{"taxonomy":"product_tag","embeddable":true,"href":"https:\/\/sanqingniaoo.com\/pt\/wp-json\/wp\/v2\/product_tag?post=29198"}],"curies":[{"name":"wp","href":"https:\/\/api.w.org\/{rel}","templated":true}]}}