{"id":29206,"date":"2026-04-08T08:20:23","date_gmt":"2026-04-08T08:20:23","guid":{"rendered":"https:\/\/sanqingniaoo.com\/product\/anti-pilling-bamboo-chunky\/"},"modified":"2026-04-22T09:16:07","modified_gmt":"2026-04-22T09:16:07","slug":"anti-pilling-bamboo-chunky","status":"publish","type":"product","link":"https:\/\/sanqingniaoo.com\/pt\/produto\/anti-pilling-bamboo-chunky\/","title":{"rendered":"Bambu Chunky anti-borboto"},"content":{"rendered":"<p>O Anti-Pilling Bamboo Chunky Yarn \u00e9 uma experi\u00eancia elevada na nossa fam\u00edlia de fios Anti-Pilling. Combin\u00e1mos a nossa exclusiva fibra acr\u00edlica anti-pilling com o raiom 20% do bambu para lhe dar ainda mais suavidade e um brilho bonito.<br \/>\nCada colorway combina 3 cores, misturadas no processo de fia\u00e7\u00e3o, para dar profundidade ao fio, fazendo com que o seu projeto acabado pare\u00e7a de alta qualidade. O Bamboo Anti-Pilling \u00e9 verdadeiramente a experi\u00eancia de um fio de luxo sem o pre\u00e7o do luxo. Uma vez que \u00e9 feito com Acr\u00edlico Anti-Pilling, o seu projeto ficar\u00e1 como novo, lavagem ap\u00f3s lavagem.<\/p>","protected":false},"excerpt":{"rendered":"<p>Anti-Pilling Bamboo Chunky Yarn is an elevated experience in our Anti-Pilling family of yarns. We\u2019ve combined our exclusive anti-pilling acrylic<\/p>","protected":false},"featured_media":29202,"comment_status":"open","ping_status":"closed","template":"","meta":[],"product_brand":[],"product_cat":[30],"product_tag":[],"class_list":{"0":"post-29206","1":"product","2":"type-product","3":"status-publish","4":"has-post-thumbnail","6":"product_cat-linen-yarn","8":"first","9":"instock","10":"shipping-taxable","11":"purchasable","12":"product-type-simple"},"_links":{"self":[{"href":"https:\/\/sanqingniaoo.com\/pt\/wp-json\/wp\/v2\/product\/29206","targetHints":{"allow":["GET"]}}],"collection":[{"href":"https:\/\/sanqingniaoo.com\/pt\/wp-json\/wp\/v2\/product"}],"about":[{"href":"https:\/\/sanqingniaoo.com\/pt\/wp-json\/wp\/v2\/types\/product"}],"replies":[{"embeddable":true,"href":"https:\/\/sanqingniaoo.com\/pt\/wp-json\/wp\/v2\/comments?post=29206"}],"version-history":[{"count":0,"href":"https:\/\/sanqingniaoo.com\/pt\/wp-json\/wp\/v2\/product\/29206\/revisions"}],"wp:featuredmedia":[{"embeddable":true,"href":"https:\/\/sanqingniaoo.com\/pt\/wp-json\/wp\/v2\/media\/29202"}],"wp:attachment":[{"href":"https:\/\/sanqingniaoo.com\/pt\/wp-json\/wp\/v2\/media?parent=29206"}],"wp:term":[{"taxonomy":"product_brand","embeddable":true,"href":"https:\/\/sanqingniaoo.com\/pt\/wp-json\/wp\/v2\/product_brand?post=29206"},{"taxonomy":"product_cat","embeddable":true,"href":"https:\/\/sanqingniaoo.com\/pt\/wp-json\/wp\/v2\/product_cat?post=29206"},{"taxonomy":"product_tag","embeddable":true,"href":"https:\/\/sanqingniaoo.com\/pt\/wp-json\/wp\/v2\/product_tag?post=29206"}],"curies":[{"name":"wp","href":"https:\/\/api.w.org\/{rel}","templated":true}]}}