{"id":29210,"date":"2026-04-08T08:20:24","date_gmt":"2026-04-08T08:20:24","guid":{"rendered":"https:\/\/sanqingniaoo.com\/product\/anti-pilling-everyday-worsted\/"},"modified":"2026-04-22T09:15:37","modified_gmt":"2026-04-22T09:15:37","slug":"anti-pilling-everyday-worsted","status":"publish","type":"product","link":"https:\/\/sanqingniaoo.com\/pt\/produto\/anti-pilling-everyday-worsted\/","title":{"rendered":"Tecido Everyday\u00ae Anti-pilling"},"content":{"rendered":"<p>This soft, resilient 4-ply yarn is made with our exclusive anti-pilling acrylic fiber. From blankets to booties, sweaters to scarves, projects made with Anti-Pilling Everyday Soft Worsted will Look Like New, Wash after Wash.\u2122<br \/>\nTrabalhe confortavelmente sabendo que este fio \u00e9 seguro para todos! Foi aprovado pelo mais alto padr\u00e3o, adequado para o contacto direto com a pele mais sens\u00edvel, mesmo com beb\u00e9s e crian\u00e7as pequenas.<\/p>","protected":false},"excerpt":{"rendered":"<p>This soft, resilient 4-ply yarn is made with our exclusive anti-pilling acrylic fiber. From blankets to booties, sweaters to scarves,<\/p>","protected":false},"featured_media":29208,"comment_status":"open","ping_status":"closed","template":"","meta":[],"product_brand":[],"product_cat":[30],"product_tag":[],"class_list":{"0":"post-29210","1":"product","2":"type-product","3":"status-publish","4":"has-post-thumbnail","6":"product_cat-linen-yarn","8":"first","9":"instock","10":"shipping-taxable","11":"purchasable","12":"product-type-simple"},"_links":{"self":[{"href":"https:\/\/sanqingniaoo.com\/pt\/wp-json\/wp\/v2\/product\/29210","targetHints":{"allow":["GET"]}}],"collection":[{"href":"https:\/\/sanqingniaoo.com\/pt\/wp-json\/wp\/v2\/product"}],"about":[{"href":"https:\/\/sanqingniaoo.com\/pt\/wp-json\/wp\/v2\/types\/product"}],"replies":[{"embeddable":true,"href":"https:\/\/sanqingniaoo.com\/pt\/wp-json\/wp\/v2\/comments?post=29210"}],"version-history":[{"count":0,"href":"https:\/\/sanqingniaoo.com\/pt\/wp-json\/wp\/v2\/product\/29210\/revisions"}],"wp:featuredmedia":[{"embeddable":true,"href":"https:\/\/sanqingniaoo.com\/pt\/wp-json\/wp\/v2\/media\/29208"}],"wp:attachment":[{"href":"https:\/\/sanqingniaoo.com\/pt\/wp-json\/wp\/v2\/media?parent=29210"}],"wp:term":[{"taxonomy":"product_brand","embeddable":true,"href":"https:\/\/sanqingniaoo.com\/pt\/wp-json\/wp\/v2\/product_brand?post=29210"},{"taxonomy":"product_cat","embeddable":true,"href":"https:\/\/sanqingniaoo.com\/pt\/wp-json\/wp\/v2\/product_cat?post=29210"},{"taxonomy":"product_tag","embeddable":true,"href":"https:\/\/sanqingniaoo.com\/pt\/wp-json\/wp\/v2\/product_tag?post=29210"}],"curies":[{"name":"wp","href":"https:\/\/api.w.org\/{rel}","templated":true}]}}