{"id":29235,"date":"2026-04-08T08:20:29","date_gmt":"2026-04-08T08:20:29","guid":{"rendered":"https:\/\/sanqingniaoo.com\/product\/value-bag-acrylic-dk\/"},"modified":"2026-04-22T09:22:26","modified_gmt":"2026-04-22T09:22:26","slug":"value-bag-acrylic-dk","status":"publish","type":"product","link":"https:\/\/sanqingniaoo.com\/pt\/produto\/value-bag-acrylic-dk\/","title":{"rendered":"Saco de valor Acr\u00edlico DK"},"content":{"rendered":"<p>Todas as vendas s\u00e3o definitivas. N\u00e3o h\u00e1 devolu\u00e7\u00f5es ou trocas.<br \/>\nEste artigo foi descontinuado e n\u00e3o ser\u00e1 reposto no stock. Certifique-se de que encomenda o suficiente para terminar o seu projeto. N\u00e3o s\u00e3o aceites reembolsos para artigos que esgotem o stock.<br \/>\nSave big with these acrylic value bags.\u00a0Each bag contains 375-450g of machine-washable yarn. These yarns are mill ends so be sure to order enough to complete your project as you won&#8217;t be able to reorder. All yarns are limited selection and are only available until supplies run out.\u00a0 All yarn will be the same for each bag as described in the item title. 4 packs will have smaller ball sizes than the 3 packs, all bags will have 375-450g of yarn regardless of amount of balls.<\/p>","protected":false},"excerpt":{"rendered":"<p>All sales final. No returns or exchanges. This item is discontinued and will not be restocked. Be sure to order<\/p>","protected":false},"featured_media":29233,"comment_status":"open","ping_status":"closed","template":"","meta":[],"product_brand":[],"product_cat":[30],"product_tag":[],"class_list":{"0":"post-29235","1":"product","2":"type-product","3":"status-publish","4":"has-post-thumbnail","6":"product_cat-linen-yarn","8":"first","9":"outofstock","10":"shipping-taxable","11":"purchasable","12":"product-type-simple"},"_links":{"self":[{"href":"https:\/\/sanqingniaoo.com\/pt\/wp-json\/wp\/v2\/product\/29235","targetHints":{"allow":["GET"]}}],"collection":[{"href":"https:\/\/sanqingniaoo.com\/pt\/wp-json\/wp\/v2\/product"}],"about":[{"href":"https:\/\/sanqingniaoo.com\/pt\/wp-json\/wp\/v2\/types\/product"}],"replies":[{"embeddable":true,"href":"https:\/\/sanqingniaoo.com\/pt\/wp-json\/wp\/v2\/comments?post=29235"}],"version-history":[{"count":0,"href":"https:\/\/sanqingniaoo.com\/pt\/wp-json\/wp\/v2\/product\/29235\/revisions"}],"wp:featuredmedia":[{"embeddable":true,"href":"https:\/\/sanqingniaoo.com\/pt\/wp-json\/wp\/v2\/media\/29233"}],"wp:attachment":[{"href":"https:\/\/sanqingniaoo.com\/pt\/wp-json\/wp\/v2\/media?parent=29235"}],"wp:term":[{"taxonomy":"product_brand","embeddable":true,"href":"https:\/\/sanqingniaoo.com\/pt\/wp-json\/wp\/v2\/product_brand?post=29235"},{"taxonomy":"product_cat","embeddable":true,"href":"https:\/\/sanqingniaoo.com\/pt\/wp-json\/wp\/v2\/product_cat?post=29235"},{"taxonomy":"product_tag","embeddable":true,"href":"https:\/\/sanqingniaoo.com\/pt\/wp-json\/wp\/v2\/product_tag?post=29235"}],"curies":[{"name":"wp","href":"https:\/\/api.w.org\/{rel}","templated":true}]}}