{"id":29282,"date":"2026-04-08T08:21:11","date_gmt":"2026-04-08T08:21:11","guid":{"rendered":"https:\/\/sanqingniaoo.com\/product\/minikins-chenille-bag-of-3\/"},"modified":"2026-04-22T09:23:04","modified_gmt":"2026-04-22T09:23:04","slug":"minikins-chenille-bag-of-3","status":"publish","type":"product","link":"https:\/\/sanqingniaoo.com\/pt\/produto\/minikins-chenille-bag-of-3\/","title":{"rendered":"Minikins\u2122 Chenille Saco de 3"},"content":{"rendered":"<p>Todas as vendas s\u00e3o definitivas. Saco de 3, da mesma cor.<br \/>\nEste artigo foi descontinuado e n\u00e3o ser\u00e1 reposto no stock. Certifique-se de que encomenda o suficiente para terminar o seu projeto. N\u00e3o s\u00e3o aceites reembolsos para artigos que esgotem o stock.<br \/>\nMinikins\u2122 Chenille \u00e9 um fio divertido que junta cinco cores vibrantes numa bola irresistivelmente mole! Crie quadrados de uma bola s\u00f3, amigos fofos, camisolas macias - Minikins Chenille \u00e9 pequenino mas cheio de possibilidades.\u00a0<br \/>\n1 bola faz um granny square de 12\u00d712\u201d (o comprimento das cores aumenta de dentro para fora) e combina na perfei\u00e7\u00e3o com Parfait\u00ae Chunky Solids.\u00a0<\/p>","protected":false},"excerpt":{"rendered":"<p>All sales final. Bag of 3, same color. This item is discontinued and will not be restocked. Be sure to<\/p>","protected":false},"featured_media":29278,"comment_status":"open","ping_status":"closed","template":"","meta":[],"product_brand":[],"product_cat":[46],"product_tag":[],"class_list":{"0":"post-29282","1":"product","2":"type-product","3":"status-publish","4":"has-post-thumbnail","6":"product_cat-synthetic-fiber","8":"first","9":"instock","10":"shipping-taxable","11":"purchasable","12":"product-type-simple"},"_links":{"self":[{"href":"https:\/\/sanqingniaoo.com\/pt\/wp-json\/wp\/v2\/product\/29282","targetHints":{"allow":["GET"]}}],"collection":[{"href":"https:\/\/sanqingniaoo.com\/pt\/wp-json\/wp\/v2\/product"}],"about":[{"href":"https:\/\/sanqingniaoo.com\/pt\/wp-json\/wp\/v2\/types\/product"}],"replies":[{"embeddable":true,"href":"https:\/\/sanqingniaoo.com\/pt\/wp-json\/wp\/v2\/comments?post=29282"}],"version-history":[{"count":0,"href":"https:\/\/sanqingniaoo.com\/pt\/wp-json\/wp\/v2\/product\/29282\/revisions"}],"wp:featuredmedia":[{"embeddable":true,"href":"https:\/\/sanqingniaoo.com\/pt\/wp-json\/wp\/v2\/media\/29278"}],"wp:attachment":[{"href":"https:\/\/sanqingniaoo.com\/pt\/wp-json\/wp\/v2\/media?parent=29282"}],"wp:term":[{"taxonomy":"product_brand","embeddable":true,"href":"https:\/\/sanqingniaoo.com\/pt\/wp-json\/wp\/v2\/product_brand?post=29282"},{"taxonomy":"product_cat","embeddable":true,"href":"https:\/\/sanqingniaoo.com\/pt\/wp-json\/wp\/v2\/product_cat?post=29282"},{"taxonomy":"product_tag","embeddable":true,"href":"https:\/\/sanqingniaoo.com\/pt\/wp-json\/wp\/v2\/product_tag?post=29282"}],"curies":[{"name":"wp","href":"https:\/\/api.w.org\/{rel}","templated":true}]}}