{"id":29321,"date":"2026-04-08T08:27:33","date_gmt":"2026-04-08T08:27:33","guid":{"rendered":"https:\/\/sanqingniaoo.com\/product\/stitch-please-superwash-dk-extra-fine-merino-2\/"},"modified":"2026-04-22T09:23:30","modified_gmt":"2026-04-22T09:23:30","slug":"stitch-please-superwash-dk-extra-fine-merino-2","status":"publish","type":"product","link":"https:\/\/sanqingniaoo.com\/pt\/produto\/stitch-please-superwash-dk-extra-fine-merino-2\/","title":{"rendered":"Stitch Please\u2122 Superwash DK Extra Fine Merino"},"content":{"rendered":"<p>Diga adeus \u00e0 l\u00e3 \u00e1spera e trate as suas m\u00e3os com o mais suave fio merino extrafino. Este mais recente membro da fam\u00edlia Stitch Please\u2122 \u00e9 el\u00e1stico com uma tor\u00e7\u00e3o apertada, dando uma defini\u00e7\u00e3o espantosa a cabos, texturas, rendas e qualquer padr\u00e3o de pontos! Com 36 cores para cada desenho, vai gostar de trabalhar com este fio 100% Superwash Extra Fine Merino Wool. Este fio de peso DK, lav\u00e1vel \u00e0 m\u00e1quina, \u00e9 perfeito para camisolas, cachec\u00f3is e meias... oh meu Deus!<br \/>\nEleve todos os seus projectos com a nossa nova e maravilhosa l\u00e3 merino!<br \/>\nTire algum tempo para relaxar com Stitch Please\u2122<\/p>","protected":false},"excerpt":{"rendered":"<p>Say goodbye to scratchy wool and treat your hands to the softest extra fine merino yarn. This newest member of<\/p>","protected":false},"featured_media":29318,"comment_status":"open","ping_status":"closed","template":"","meta":[],"product_brand":[],"product_cat":[28],"product_tag":[],"class_list":{"0":"post-29321","1":"product","2":"type-product","3":"status-publish","4":"has-post-thumbnail","6":"product_cat-wool","8":"first","9":"instock","10":"shipping-taxable","11":"purchasable","12":"product-type-simple"},"_links":{"self":[{"href":"https:\/\/sanqingniaoo.com\/pt\/wp-json\/wp\/v2\/product\/29321","targetHints":{"allow":["GET"]}}],"collection":[{"href":"https:\/\/sanqingniaoo.com\/pt\/wp-json\/wp\/v2\/product"}],"about":[{"href":"https:\/\/sanqingniaoo.com\/pt\/wp-json\/wp\/v2\/types\/product"}],"replies":[{"embeddable":true,"href":"https:\/\/sanqingniaoo.com\/pt\/wp-json\/wp\/v2\/comments?post=29321"}],"version-history":[{"count":0,"href":"https:\/\/sanqingniaoo.com\/pt\/wp-json\/wp\/v2\/product\/29321\/revisions"}],"wp:featuredmedia":[{"embeddable":true,"href":"https:\/\/sanqingniaoo.com\/pt\/wp-json\/wp\/v2\/media\/29318"}],"wp:attachment":[{"href":"https:\/\/sanqingniaoo.com\/pt\/wp-json\/wp\/v2\/media?parent=29321"}],"wp:term":[{"taxonomy":"product_brand","embeddable":true,"href":"https:\/\/sanqingniaoo.com\/pt\/wp-json\/wp\/v2\/product_brand?post=29321"},{"taxonomy":"product_cat","embeddable":true,"href":"https:\/\/sanqingniaoo.com\/pt\/wp-json\/wp\/v2\/product_cat?post=29321"},{"taxonomy":"product_tag","embeddable":true,"href":"https:\/\/sanqingniaoo.com\/pt\/wp-json\/wp\/v2\/product_tag?post=29321"}],"curies":[{"name":"wp","href":"https:\/\/api.w.org\/{rel}","templated":true}]}}