{"id":29326,"date":"2026-04-08T08:27:34","date_gmt":"2026-04-08T08:27:34","guid":{"rendered":"https:\/\/sanqingniaoo.com\/product\/stitch-please-100-wool-chunky-2\/"},"modified":"2026-04-22T09:31:01","modified_gmt":"2026-04-22T09:31:01","slug":"stitch-please-100-wool-chunky-2","status":"publish","type":"product","link":"https:\/\/sanqingniaoo.com\/pt\/produto\/stitch-please-100-wool-chunky-2\/","title":{"rendered":"Stitch Please\u2122 100% Wool Chunky"},"content":{"rendered":"<p>O Stitch Please 100% Wool Chunky tem todas as propriedades maravilhosas do nosso 100% Wool Worsted num peso volumoso e \u00e9 \u00f3timo para criar pe\u00e7as de vestu\u00e1rio e acess\u00f3rios r\u00e1pidos e aconchegantes. Este fio tem as seguintes carater\u00edsticas: uma estrutura suave e plissada que o torna excelente para cabeleireiros e trabalhos de cor, a l\u00e3 100% significa que \u00e9 \u00f3ptima para criar projectos feltrados, \u00e9 tamb\u00e9m uma excelente escolha para tecer e bordar com agulha de pun\u00e7\u00e3o. Tire algum tempo para relaxar com Stitch Please.<\/p>","protected":false},"excerpt":{"rendered":"<p>Stitch Please 100% Wool Chunky has all the wonderful properties of our 100% Wool Worsted in a bulky weight and<\/p>","protected":false},"featured_media":29323,"comment_status":"open","ping_status":"closed","template":"","meta":[],"product_brand":[],"product_cat":[28],"product_tag":[],"class_list":{"0":"post-29326","1":"product","2":"type-product","3":"status-publish","4":"has-post-thumbnail","6":"product_cat-wool","8":"first","9":"instock","10":"shipping-taxable","11":"purchasable","12":"product-type-simple"},"_links":{"self":[{"href":"https:\/\/sanqingniaoo.com\/pt\/wp-json\/wp\/v2\/product\/29326","targetHints":{"allow":["GET"]}}],"collection":[{"href":"https:\/\/sanqingniaoo.com\/pt\/wp-json\/wp\/v2\/product"}],"about":[{"href":"https:\/\/sanqingniaoo.com\/pt\/wp-json\/wp\/v2\/types\/product"}],"replies":[{"embeddable":true,"href":"https:\/\/sanqingniaoo.com\/pt\/wp-json\/wp\/v2\/comments?post=29326"}],"version-history":[{"count":0,"href":"https:\/\/sanqingniaoo.com\/pt\/wp-json\/wp\/v2\/product\/29326\/revisions"}],"wp:featuredmedia":[{"embeddable":true,"href":"https:\/\/sanqingniaoo.com\/pt\/wp-json\/wp\/v2\/media\/29323"}],"wp:attachment":[{"href":"https:\/\/sanqingniaoo.com\/pt\/wp-json\/wp\/v2\/media?parent=29326"}],"wp:term":[{"taxonomy":"product_brand","embeddable":true,"href":"https:\/\/sanqingniaoo.com\/pt\/wp-json\/wp\/v2\/product_brand?post=29326"},{"taxonomy":"product_cat","embeddable":true,"href":"https:\/\/sanqingniaoo.com\/pt\/wp-json\/wp\/v2\/product_cat?post=29326"},{"taxonomy":"product_tag","embeddable":true,"href":"https:\/\/sanqingniaoo.com\/pt\/wp-json\/wp\/v2\/product_tag?post=29326"}],"curies":[{"name":"wp","href":"https:\/\/api.w.org\/{rel}","templated":true}]}}