{"id":29345,"date":"2026-04-08T08:27:37","date_gmt":"2026-04-08T08:27:37","guid":{"rendered":"https:\/\/sanqingniaoo.com\/product\/poppy-bag-of-3\/"},"modified":"2026-04-22T09:43:25","modified_gmt":"2026-04-22T09:43:25","slug":"poppy-bag-of-3","status":"publish","type":"product","link":"https:\/\/sanqingniaoo.com\/pt\/produto\/poppy-bag-of-3\/","title":{"rendered":"Poppy\u2122 Saco de 3"},"content":{"rendered":"<p>Saco de 3, da mesma cor. Todas as vendas s\u00e3o definitivas.<br \/>\nEste artigo foi descontinuado e n\u00e3o ser\u00e1 reposto no stock. Certifique-se de que encomenda o suficiente para terminar o seu projeto. N\u00e3o s\u00e3o aceites reembolsos para artigos que esgotem o stock.<br \/>\nPremier Poppy chegou mesmo a tempo para os trabalhos manuais no tempo frio. Esta mistura de acr\u00edlico\/l\u00e3 tem uma bela paleta com 16 cores \u00fanicas. Este fio super volumoso de peso #6 \u00e9 lav\u00e1vel na m\u00e1quina para uma manuten\u00e7\u00e3o f\u00e1cil. Se est\u00e1 \u00e0 procura de um fio que trabalhe rapidamente e crie projectos deslumbrantes para oferecer ou guardar, n\u00e3o procure mais, Premier Poppy.<br \/>\nTrabalhe confortavelmente sabendo que este fio \u00e9 seguro para si! Foi aprovado pelo mais alto padr\u00e3o, adequado para o contacto direto com a pele mais sens\u00edvel, mesmo de beb\u00e9s e crian\u00e7as pequenas.<\/p>","protected":false},"excerpt":{"rendered":"<p>Bag of 3, same color. All sales final. This item is discontinued and will not be restocked. Be sure to<\/p>","protected":false},"featured_media":29342,"comment_status":"open","ping_status":"closed","template":"","meta":[],"product_brand":[],"product_cat":[28],"product_tag":[],"class_list":{"0":"post-29345","1":"product","2":"type-product","3":"status-publish","4":"has-post-thumbnail","6":"product_cat-wool","8":"first","9":"instock","10":"shipping-taxable","11":"purchasable","12":"product-type-simple"},"_links":{"self":[{"href":"https:\/\/sanqingniaoo.com\/pt\/wp-json\/wp\/v2\/product\/29345","targetHints":{"allow":["GET"]}}],"collection":[{"href":"https:\/\/sanqingniaoo.com\/pt\/wp-json\/wp\/v2\/product"}],"about":[{"href":"https:\/\/sanqingniaoo.com\/pt\/wp-json\/wp\/v2\/types\/product"}],"replies":[{"embeddable":true,"href":"https:\/\/sanqingniaoo.com\/pt\/wp-json\/wp\/v2\/comments?post=29345"}],"version-history":[{"count":0,"href":"https:\/\/sanqingniaoo.com\/pt\/wp-json\/wp\/v2\/product\/29345\/revisions"}],"wp:featuredmedia":[{"embeddable":true,"href":"https:\/\/sanqingniaoo.com\/pt\/wp-json\/wp\/v2\/media\/29342"}],"wp:attachment":[{"href":"https:\/\/sanqingniaoo.com\/pt\/wp-json\/wp\/v2\/media?parent=29345"}],"wp:term":[{"taxonomy":"product_brand","embeddable":true,"href":"https:\/\/sanqingniaoo.com\/pt\/wp-json\/wp\/v2\/product_brand?post=29345"},{"taxonomy":"product_cat","embeddable":true,"href":"https:\/\/sanqingniaoo.com\/pt\/wp-json\/wp\/v2\/product_cat?post=29345"},{"taxonomy":"product_tag","embeddable":true,"href":"https:\/\/sanqingniaoo.com\/pt\/wp-json\/wp\/v2\/product_tag?post=29345"}],"curies":[{"name":"wp","href":"https:\/\/api.w.org\/{rel}","templated":true}]}}