{"id":29062,"date":"2026-04-08T08:09:22","date_gmt":"2026-04-08T08:09:22","guid":{"rendered":"https:\/\/sanqingniaoo.com\/product\/cotton-sprout-worsted-solid-and-multis\/"},"modified":"2026-04-22T08:27:38","modified_gmt":"2026-04-22T08:27:38","slug":"cotton-sprout-worsted-solid-and-multis","status":"publish","type":"product","link":"https:\/\/sanqingniaoo.com\/vi\/san-pham\/cotton-sprout-worsted-solid-and-multis\/","title":{"rendered":"Cotton Sprout\u00ae S\u1ee3i d\u1ec7t kim tr\u01a1n v\u00e0 s\u1ee3i d\u1ec7t kim nhi\u1ec1u m\u00e0u"},"content":{"rendered":"<p>Nh\u01b0 m\u1ed9t ph\u1ea7n m\u1edf r\u1ed9ng c\u1ee7a d\u00f2ng s\u1ea3n ph\u1ea9m Cotton Sprout\u00ae, ch\u00fang t\u00f4i \u0111\u00e3 b\u1ed5 sung c\u00e1c m\u00e0u tr\u01a1n v\u00e0 m\u00e0u ph\u1ed1i c\u00f3 \u0111\u1ed9 d\u00e0y worsted. S\u1ee3i b\u00f4ng 100% c\u00f3 th\u1ec3 gi\u1eb7t b\u1eb1ng m\u00e1y, v\u00e0 c\u00e1c t\u00e1c ph\u1ea9m c\u1ee7a b\u1ea1n s\u1ebd lu\u00f4n gi\u1eef \u0111\u01b0\u1ee3c v\u1ebb \u0111\u1eb9p nh\u01b0 m\u1edbi sau m\u1ed7i l\u1ea7n gi\u1eb7t. 6 m\u00e0u ph\u1ed1i n\u00e0y \u0111\u01b0\u1ee3c thi\u1ebft k\u1ebf \u0111\u1ec3 s\u1eed d\u1ee5ng ri\u00eang l\u1ebb ho\u1eb7c k\u1ebft h\u1ee3p v\u1edbi c\u00e1c m\u00e0u tr\u01a1n, gi\u00fap t\u1ea1o n\u00ean nh\u1eefng t\u00e1c ph\u1ea9m tuy\u1ec7t \u0111\u1eb9p.<\/p>","protected":false},"excerpt":{"rendered":"<p>An expansion to the Cotton Sprout\u00ae family, we have added worsted weight solids and multis. The 100% cotton fibers are<\/p>","protected":false},"featured_media":29060,"comment_status":"open","ping_status":"closed","template":"","meta":[],"product_brand":[],"product_cat":[27],"product_tag":[],"class_list":{"0":"post-29062","1":"product","2":"type-product","3":"status-publish","4":"has-post-thumbnail","6":"product_cat-pure-cotton-yarn","8":"first","9":"instock","10":"shipping-taxable","11":"purchasable","12":"product-type-simple"},"_links":{"self":[{"href":"https:\/\/sanqingniaoo.com\/vi\/wp-json\/wp\/v2\/product\/29062","targetHints":{"allow":["GET"]}}],"collection":[{"href":"https:\/\/sanqingniaoo.com\/vi\/wp-json\/wp\/v2\/product"}],"about":[{"href":"https:\/\/sanqingniaoo.com\/vi\/wp-json\/wp\/v2\/types\/product"}],"replies":[{"embeddable":true,"href":"https:\/\/sanqingniaoo.com\/vi\/wp-json\/wp\/v2\/comments?post=29062"}],"version-history":[{"count":0,"href":"https:\/\/sanqingniaoo.com\/vi\/wp-json\/wp\/v2\/product\/29062\/revisions"}],"wp:featuredmedia":[{"embeddable":true,"href":"https:\/\/sanqingniaoo.com\/vi\/wp-json\/wp\/v2\/media\/29060"}],"wp:attachment":[{"href":"https:\/\/sanqingniaoo.com\/vi\/wp-json\/wp\/v2\/media?parent=29062"}],"wp:term":[{"taxonomy":"product_brand","embeddable":true,"href":"https:\/\/sanqingniaoo.com\/vi\/wp-json\/wp\/v2\/product_brand?post=29062"},{"taxonomy":"product_cat","embeddable":true,"href":"https:\/\/sanqingniaoo.com\/vi\/wp-json\/wp\/v2\/product_cat?post=29062"},{"taxonomy":"product_tag","embeddable":true,"href":"https:\/\/sanqingniaoo.com\/vi\/wp-json\/wp\/v2\/product_tag?post=29062"}],"curies":[{"name":"wp","href":"https:\/\/api.w.org\/{rel}","templated":true}]}}