{"id":29063,"date":"2026-04-08T08:09:22","date_gmt":"2026-04-08T08:09:22","guid":{"rendered":"https:\/\/sanqingniaoo.com\/product\/chunky-cotton\/"},"modified":"2026-04-22T08:26:51","modified_gmt":"2026-04-22T08:26:51","slug":"chunky-cotton","status":"publish","type":"product","link":"https:\/\/sanqingniaoo.com\/vi\/san-pham\/chunky-cotton\/","title":{"rendered":"V\u1ea3i b\u00f4ng d\u00e0y"},"content":{"rendered":"<p>Premier\u00ae Chunky Cotton l\u00e0 lo\u1ea1i s\u1ee3i b\u00f4ng 100% si\u00eau d\u00e0y, d\u1ec7t r\u1ea5t nhanh v\u00e0 c\u1ef1c k\u1ef3 m\u1ec1m m\u1ea1i! H\u00e3y \u0111an ho\u1eb7c m\u00f3c nh\u1eefng m\u00f3n \u0111\u1ed3 xinh x\u1eafn cho ng\u00f4i nh\u00e0 c\u1ee7a b\u1ea1n ho\u1eb7c nh\u1eefng ph\u1ee5 ki\u1ec7n tuy\u1ec7t v\u1eddi \u0111\u1ec3 di\u1ec7n. V\u1edbi lo\u1ea1i s\u1ee3i d\u00e0y d\u1eb7n v\u00e0 sang tr\u1ecdng n\u00e0y, c\u00f3 s\u1eb5n trong nhi\u1ec1u t\u00f4ng m\u00e0u trung t\u00ednh v\u00e0 nh\u1eb9 nh\u00e0ng, c\u00e1c t\u00e1c ph\u1ea9m c\u1ee7a b\u1ea1n s\u1ebd ho\u00e0n th\u00e0nh nhanh ch\u00f3ng v\u00e0 \u0111\u1eb9p m\u1eaft. Lo\u1ea1i s\u1ee3i n\u00e0y c\u00f2n c\u00f3 th\u1ec3 gi\u1eb7t m\u00e1y v\u00e0 r\u1ea5t d\u1ec5 b\u1ea3o qu\u1ea3n \u2013 b\u1ea1n s\u1ebd th\u00edch th\u00fa khi s\u00e1ng t\u1ea1o c\u00f9ng n\u00f3!<\/p>","protected":false},"excerpt":{"rendered":"<p>Premier\u00ae Chunky Cotton is a 100% cotton, super bulky yarn that works up fast and is oh-so soft! Knit or<\/p>","protected":false},"featured_media":29061,"comment_status":"open","ping_status":"closed","template":"","meta":[],"product_brand":[],"product_cat":[27],"product_tag":[],"class_list":{"0":"post-29063","1":"product","2":"type-product","3":"status-publish","4":"has-post-thumbnail","6":"product_cat-pure-cotton-yarn","8":"first","9":"instock","10":"shipping-taxable","11":"purchasable","12":"product-type-simple"},"_links":{"self":[{"href":"https:\/\/sanqingniaoo.com\/vi\/wp-json\/wp\/v2\/product\/29063","targetHints":{"allow":["GET"]}}],"collection":[{"href":"https:\/\/sanqingniaoo.com\/vi\/wp-json\/wp\/v2\/product"}],"about":[{"href":"https:\/\/sanqingniaoo.com\/vi\/wp-json\/wp\/v2\/types\/product"}],"replies":[{"embeddable":true,"href":"https:\/\/sanqingniaoo.com\/vi\/wp-json\/wp\/v2\/comments?post=29063"}],"version-history":[{"count":0,"href":"https:\/\/sanqingniaoo.com\/vi\/wp-json\/wp\/v2\/product\/29063\/revisions"}],"wp:featuredmedia":[{"embeddable":true,"href":"https:\/\/sanqingniaoo.com\/vi\/wp-json\/wp\/v2\/media\/29061"}],"wp:attachment":[{"href":"https:\/\/sanqingniaoo.com\/vi\/wp-json\/wp\/v2\/media?parent=29063"}],"wp:term":[{"taxonomy":"product_brand","embeddable":true,"href":"https:\/\/sanqingniaoo.com\/vi\/wp-json\/wp\/v2\/product_brand?post=29063"},{"taxonomy":"product_cat","embeddable":true,"href":"https:\/\/sanqingniaoo.com\/vi\/wp-json\/wp\/v2\/product_cat?post=29063"},{"taxonomy":"product_tag","embeddable":true,"href":"https:\/\/sanqingniaoo.com\/vi\/wp-json\/wp\/v2\/product_tag?post=29063"}],"curies":[{"name":"wp","href":"https:\/\/api.w.org\/{rel}","templated":true}]}}