{"id":29081,"date":"2026-04-08T08:09:26","date_gmt":"2026-04-08T08:09:26","guid":{"rendered":"https:\/\/sanqingniaoo.com\/product\/afternoon-cotton-bag-of-3\/"},"modified":"2026-04-22T08:26:28","modified_gmt":"2026-04-22T08:26:28","slug":"afternoon-cotton-bag-of-3","status":"publish","type":"product","link":"https:\/\/sanqingniaoo.com\/vi\/san-pham\/afternoon-cotton-bag-of-3\/","title":{"rendered":"B\u1ed9 3 t\u00fai Afternoon Cotton\u2122"},"content":{"rendered":"<p>H\u00e0ng b\u00e1n ra kh\u00f4ng \u0111\u01b0\u1ee3c \u0111\u1ed5i tr\u1ea3. G\u00f3i 3 chi\u1ebfc, c\u00f9ng m\u00e0u.<br \/>\nS\u1ea3n ph\u1ea9m n\u00e0y \u0111\u00e3 ng\u1eebng kinh doanh v\u00e0 s\u1ebd kh\u00f4ng \u0111\u01b0\u1ee3c nh\u1eadp h\u00e0ng tr\u1edf l\u1ea1i. H\u00e3y \u0111\u1ea3m b\u1ea3o \u0111\u1eb7t h\u00e0ng \u0111\u1ee7 s\u1ed1 l\u01b0\u1ee3ng \u0111\u1ec3 ho\u00e0n th\u00e0nh d\u1ef1 \u00e1n c\u1ee7a b\u1ea1n. Ch\u00fang t\u00f4i kh\u00f4ng nh\u1eadn \u0111\u1eb7t h\u00e0ng tr\u01b0\u1edbc cho c\u00e1c s\u1ea3n ph\u1ea9m \u0111\u00e3 h\u1ebft h\u00e0ng.<br \/>\n\u0110\u00fang v\u00e0o m\u00f9a xu\u00e2n, s\u1ee3i b\u00f4ng Premier\u00ae Afternoon Cotton mang \u0111\u1ebfn v\u1ebb b\u00f3ng m\u01b0\u1ee3t v\u00e0 r\u1ef1c r\u1ee1 cho c\u00e1c d\u1ef1 \u00e1n may m\u1eb7c m\u00f9a \u1ea5m c\u1ee7a b\u1ea1n. \u0110\u01b0\u1ee3c s\u1ea3n xu\u1ea5t t\u1eeb s\u1ee3i b\u00f4ng Ai C\u1eadp Giza Mercerized 100%, lo\u1ea1i s\u1ee3i n\u00e0y c\u00f3 \u0111\u1ed9 b\u1ec1n cao h\u01a1n v\u00e0 \u00edt x\u01a1 h\u01a1n. Ho\u00e0n h\u1ea3o cho trang ph\u1ee5c v\u00e0 \u0111\u1ed3 trang tr\u00ed n\u1ed9i th\u1ea5t, lo\u1ea1i s\u1ee3i n\u00e0y \u00edt b\u1ecb co r\u00fat ho\u1eb7c bi\u1ebfn d\u1ea1ng.<br \/>\nH\u00e3y tho\u1ea3i m\u00e1i s\u00e1ng t\u1ea1o v\u1edbi s\u1ef1 an t\u00e2m r\u1eb1ng lo\u1ea1i s\u1ee3i n\u00e0y ho\u00e0n to\u00e0n an to\u00e0n cho b\u1ea1n! S\u1ea3n ph\u1ea9m \u0111\u00e3 \u0111\u1ea1t ti\u00eau chu\u1ea9n cao nh\u1ea5t, ph\u00f9 h\u1ee3p \u0111\u1ec3 ti\u1ebfp x\u00fac tr\u1ef1c ti\u1ebfp v\u1edbi l\u00e0n da nh\u1ea1y c\u1ea3m nh\u1ea5t, k\u1ec3 c\u1ea3 da c\u1ee7a tr\u1ebb s\u01a1 sinh v\u00e0 tr\u1ebb nh\u1ecf.<\/p>","protected":false},"excerpt":{"rendered":"<p>All sales final. Bag of 3, same color. This item is discontinued and will not be restocked. Be sure to<\/p>","protected":false},"featured_media":29079,"comment_status":"open","ping_status":"closed","template":"","meta":[],"product_brand":[],"product_cat":[27],"product_tag":[],"class_list":{"0":"post-29081","1":"product","2":"type-product","3":"status-publish","4":"has-post-thumbnail","6":"product_cat-pure-cotton-yarn","8":"first","9":"instock","10":"shipping-taxable","11":"purchasable","12":"product-type-simple"},"_links":{"self":[{"href":"https:\/\/sanqingniaoo.com\/vi\/wp-json\/wp\/v2\/product\/29081","targetHints":{"allow":["GET"]}}],"collection":[{"href":"https:\/\/sanqingniaoo.com\/vi\/wp-json\/wp\/v2\/product"}],"about":[{"href":"https:\/\/sanqingniaoo.com\/vi\/wp-json\/wp\/v2\/types\/product"}],"replies":[{"embeddable":true,"href":"https:\/\/sanqingniaoo.com\/vi\/wp-json\/wp\/v2\/comments?post=29081"}],"version-history":[{"count":0,"href":"https:\/\/sanqingniaoo.com\/vi\/wp-json\/wp\/v2\/product\/29081\/revisions"}],"wp:featuredmedia":[{"embeddable":true,"href":"https:\/\/sanqingniaoo.com\/vi\/wp-json\/wp\/v2\/media\/29079"}],"wp:attachment":[{"href":"https:\/\/sanqingniaoo.com\/vi\/wp-json\/wp\/v2\/media?parent=29081"}],"wp:term":[{"taxonomy":"product_brand","embeddable":true,"href":"https:\/\/sanqingniaoo.com\/vi\/wp-json\/wp\/v2\/product_brand?post=29081"},{"taxonomy":"product_cat","embeddable":true,"href":"https:\/\/sanqingniaoo.com\/vi\/wp-json\/wp\/v2\/product_cat?post=29081"},{"taxonomy":"product_tag","embeddable":true,"href":"https:\/\/sanqingniaoo.com\/vi\/wp-json\/wp\/v2\/product_tag?post=29081"}],"curies":[{"name":"wp","href":"https:\/\/api.w.org\/{rel}","templated":true}]}}