{"id":29083,"date":"2026-04-08T08:09:27","date_gmt":"2026-04-08T08:09:27","guid":{"rendered":"https:\/\/sanqingniaoo.com\/product\/minikins-off-white-bag-of-3\/"},"modified":"2026-04-22T08:26:45","modified_gmt":"2026-04-22T08:26:45","slug":"minikins-off-white-bag-of-3","status":"publish","type":"product","link":"https:\/\/sanqingniaoo.com\/vi\/san-pham\/minikins-off-white-bag-of-3\/","title":{"rendered":"B\u1ed9 3 t\u00fai Minikins\u2122 m\u00e0u tr\u1eafng ng\u00e0"},"content":{"rendered":"<p>T\u1ea5t c\u1ea3 c\u00e1c giao d\u1ecbch b\u00e1n h\u00e0ng \u0111\u1ec1u kh\u00f4ng \u0111\u01b0\u1ee3c ho\u00e0n tr\u1ea3.\u00a0<br \/>\nS\u1ea3n ph\u1ea9m n\u00e0y \u0111\u00e3 ng\u1eebng kinh doanh v\u00e0 s\u1ebd kh\u00f4ng \u0111\u01b0\u1ee3c nh\u1eadp h\u00e0ng tr\u1edf l\u1ea1i. H\u00e3y \u0111\u1ea3m b\u1ea3o \u0111\u1eb7t h\u00e0ng \u0111\u1ee7 s\u1ed1 l\u01b0\u1ee3ng \u0111\u1ec3 ho\u00e0n th\u00e0nh d\u1ef1 \u00e1n c\u1ee7a b\u1ea1n. Ch\u00fang t\u00f4i kh\u00f4ng nh\u1eadn \u0111\u1eb7t h\u00e0ng tr\u01b0\u1edbc cho c\u00e1c s\u1ea3n ph\u1ea9m \u0111\u00e3 h\u1ebft h\u00e0ng.<br \/>\nM\u00e0u tr\u1eafng n\u00e0y h\u01a1i kh\u00e1c so v\u1edbi m\u00e0u chu\u1ea9n n\u00ean ch\u00fang t\u00f4i \u0111ang b\u00e1n v\u1edbi gi\u00e1 \u01b0u \u0111\u00e3i. M\u00e0u s\u1eafc trong h\u00ecnh \u1ea3nh s\u1ea3n ph\u1ea9m ch\u00ednh l\u00e0 m\u00e0u b\u1ea1n s\u1ebd nh\u1eadn \u0111\u01b0\u1ee3c. Vui l\u00f2ng \u0111\u1eb7t h\u00e0ng \u0111\u1ee7 s\u1ed1 l\u01b0\u1ee3ng \u0111\u1ec3 ho\u00e0n th\u00e0nh d\u1ef1 \u00e1n c\u1ee7a b\u1ea1n v\u00ec ch\u00fang t\u00f4i s\u1ebd kh\u00f4ng c\u00f2n h\u00e0ng v\u1edbi m\u00e0u n\u00e0y n\u1eefa.<\/p>","protected":false},"excerpt":{"rendered":"<p>All sales final.\u00a0 This item is discontinued and will not be restocked. Be sure to order enough to finish your<\/p>","protected":false},"featured_media":29082,"comment_status":"open","ping_status":"closed","template":"","meta":[],"product_brand":[],"product_cat":[27],"product_tag":[],"class_list":{"0":"post-29083","1":"product","2":"type-product","3":"status-publish","4":"has-post-thumbnail","6":"product_cat-pure-cotton-yarn","8":"first","9":"outofstock","10":"shipping-taxable","11":"purchasable","12":"product-type-simple"},"_links":{"self":[{"href":"https:\/\/sanqingniaoo.com\/vi\/wp-json\/wp\/v2\/product\/29083","targetHints":{"allow":["GET"]}}],"collection":[{"href":"https:\/\/sanqingniaoo.com\/vi\/wp-json\/wp\/v2\/product"}],"about":[{"href":"https:\/\/sanqingniaoo.com\/vi\/wp-json\/wp\/v2\/types\/product"}],"replies":[{"embeddable":true,"href":"https:\/\/sanqingniaoo.com\/vi\/wp-json\/wp\/v2\/comments?post=29083"}],"version-history":[{"count":0,"href":"https:\/\/sanqingniaoo.com\/vi\/wp-json\/wp\/v2\/product\/29083\/revisions"}],"wp:featuredmedia":[{"embeddable":true,"href":"https:\/\/sanqingniaoo.com\/vi\/wp-json\/wp\/v2\/media\/29082"}],"wp:attachment":[{"href":"https:\/\/sanqingniaoo.com\/vi\/wp-json\/wp\/v2\/media?parent=29083"}],"wp:term":[{"taxonomy":"product_brand","embeddable":true,"href":"https:\/\/sanqingniaoo.com\/vi\/wp-json\/wp\/v2\/product_brand?post=29083"},{"taxonomy":"product_cat","embeddable":true,"href":"https:\/\/sanqingniaoo.com\/vi\/wp-json\/wp\/v2\/product_cat?post=29083"},{"taxonomy":"product_tag","embeddable":true,"href":"https:\/\/sanqingniaoo.com\/vi\/wp-json\/wp\/v2\/product_tag?post=29083"}],"curies":[{"name":"wp","href":"https:\/\/api.w.org\/{rel}","templated":true}]}}