{"id":29086,"date":"2026-04-08T08:09:28","date_gmt":"2026-04-08T08:09:28","guid":{"rendered":"https:\/\/sanqingniaoo.com\/product\/cotton-fair-bulky-bag-of-3\/"},"modified":"2026-04-22T08:26:17","modified_gmt":"2026-04-22T08:26:17","slug":"cotton-fair-bulky-bag-of-3","status":"publish","type":"product","link":"https:\/\/sanqingniaoo.com\/vi\/san-pham\/cotton-fair-bulky-bag-of-3\/","title":{"rendered":"Cotton Fair\u00ae - G\u00f3i l\u1edbn g\u1ed3m 3 chi\u1ebfc"},"content":{"rendered":"<p>G\u00f3i 3 chi\u1ebfc, c\u00f9ng m\u00e0u. Kh\u00f4ng \u0111\u1ed5i tr\u1ea3.<br \/>\nS\u1ea3n ph\u1ea9m n\u00e0y \u0111\u00e3 ng\u1eebng kinh doanh. H\u00e3y \u0111\u1eb7t h\u00e0ng \u0111\u1ee7 s\u1ed1 l\u01b0\u1ee3ng \u0111\u1ec3 ho\u00e0n th\u00e0nh d\u1ef1 \u00e1n c\u1ee7a b\u1ea1n. Ch\u00fang t\u00f4i kh\u00f4ng nh\u1eadn \u0111\u1eb7t h\u00e0ng tr\u01b0\u1edbc cho c\u00e1c s\u1ea3n ph\u1ea9m \u0111\u00e3 h\u1ebft h\u00e0ng.<br \/>\nS\u1ef1 m\u00e1t m\u1ebb v\u00e0 m\u1ec1m m\u1ea1i c\u1ee7a s\u1ee3i b\u00f4ng \u0111\u01b0\u1ee3c k\u1ebft h\u1ee3p v\u1edbi \u0111\u1ed9 \u0111\u00e0n h\u1ed3i nh\u1eb9 nh\u00e0ng c\u1ee7a s\u1ee3i acrylic, t\u1ea1o n\u00ean m\u1ed9t lo\u1ea1i s\u1ee3i l\u00fd t\u01b0\u1edfng \u0111\u1ec3 s\u1eed d\u1ee5ng quanh n\u0103m.<br \/>\nM\u1ed7i cu\u1ed9n len c\u1ed5 \u0111i\u1ec3n, k\u00e9o t\u1eeb gi\u1eefa \u0111\u01b0\u1ee3c d\u1ec7t t\u1eeb t\u00e1m s\u1ee3i hai l\u1edbp, v\u1edbi \u0111\u1ed9 xo\u1eafn v\u1eeba ph\u1ea3i, gi\u00fap vi\u1ec7c \u0111an m\u00f3c tr\u1edf n\u00ean tho\u1ea3i m\u00e1i v\u00e0 t\u1ea1o ra nh\u1eefng m\u0169i \u0111an r\u00f5 n\u00e9t.<br \/>\nH\u00e3y tho\u1ea3i m\u00e1i s\u00e1ng t\u1ea1o v\u1edbi s\u1ef1 an t\u00e2m r\u1eb1ng lo\u1ea1i s\u1ee3i n\u00e0y ho\u00e0n to\u00e0n an to\u00e0n cho b\u1ea1n! S\u1ea3n ph\u1ea9m \u0111\u00e3 \u0111\u1ea1t ti\u00eau chu\u1ea9n cao nh\u1ea5t, ph\u00f9 h\u1ee3p \u0111\u1ec3 ti\u1ebfp x\u00fac tr\u1ef1c ti\u1ebfp v\u1edbi l\u00e0n da nh\u1ea1y c\u1ea3m nh\u1ea5t, k\u1ec3 c\u1ea3 da c\u1ee7a tr\u1ebb s\u01a1 sinh v\u00e0 tr\u1ebb nh\u1ecf.<\/p>","protected":false},"excerpt":{"rendered":"<p>Bag of 3, same color. All sales final. This item is discontinued. Be sure to order enough to finish your<\/p>","protected":false},"featured_media":29085,"comment_status":"open","ping_status":"closed","template":"","meta":[],"product_brand":[],"product_cat":[27],"product_tag":[],"class_list":{"0":"post-29086","1":"product","2":"type-product","3":"status-publish","4":"has-post-thumbnail","6":"product_cat-pure-cotton-yarn","8":"first","9":"instock","10":"shipping-taxable","11":"purchasable","12":"product-type-simple"},"_links":{"self":[{"href":"https:\/\/sanqingniaoo.com\/vi\/wp-json\/wp\/v2\/product\/29086","targetHints":{"allow":["GET"]}}],"collection":[{"href":"https:\/\/sanqingniaoo.com\/vi\/wp-json\/wp\/v2\/product"}],"about":[{"href":"https:\/\/sanqingniaoo.com\/vi\/wp-json\/wp\/v2\/types\/product"}],"replies":[{"embeddable":true,"href":"https:\/\/sanqingniaoo.com\/vi\/wp-json\/wp\/v2\/comments?post=29086"}],"version-history":[{"count":0,"href":"https:\/\/sanqingniaoo.com\/vi\/wp-json\/wp\/v2\/product\/29086\/revisions"}],"wp:featuredmedia":[{"embeddable":true,"href":"https:\/\/sanqingniaoo.com\/vi\/wp-json\/wp\/v2\/media\/29085"}],"wp:attachment":[{"href":"https:\/\/sanqingniaoo.com\/vi\/wp-json\/wp\/v2\/media?parent=29086"}],"wp:term":[{"taxonomy":"product_brand","embeddable":true,"href":"https:\/\/sanqingniaoo.com\/vi\/wp-json\/wp\/v2\/product_brand?post=29086"},{"taxonomy":"product_cat","embeddable":true,"href":"https:\/\/sanqingniaoo.com\/vi\/wp-json\/wp\/v2\/product_cat?post=29086"},{"taxonomy":"product_tag","embeddable":true,"href":"https:\/\/sanqingniaoo.com\/vi\/wp-json\/wp\/v2\/product_tag?post=29086"}],"curies":[{"name":"wp","href":"https:\/\/api.w.org\/{rel}","templated":true}]}}