{"id":29091,"date":"2026-04-08T08:09:29","date_gmt":"2026-04-08T08:09:29","guid":{"rendered":"https:\/\/sanqingniaoo.com\/product\/candy-shop-cotton-bag-of-3\/"},"modified":"2026-04-22T08:48:24","modified_gmt":"2026-04-22T08:48:24","slug":"candy-shop-cotton-bag-of-3","status":"publish","type":"product","link":"https:\/\/sanqingniaoo.com\/vi\/san-pham\/candy-shop-cotton-bag-of-3\/","title":{"rendered":"B\u1ed9 3 t\u00fai v\u1ea3i Cotton Candy Shop\u00ae"},"content":{"rendered":"<p>G\u00f3i 3 chi\u1ebfc, c\u00f9ng m\u00e0u. Kh\u00f4ng \u0111\u1ed5i tr\u1ea3.<br \/>\nS\u1ea3n ph\u1ea9m n\u00e0y \u0111\u00e3 ng\u1eebng kinh doanh v\u00e0 s\u1ebd kh\u00f4ng \u0111\u01b0\u1ee3c nh\u1eadp h\u00e0ng tr\u1edf l\u1ea1i. H\u00e3y \u0111\u1ea3m b\u1ea3o \u0111\u1eb7t h\u00e0ng \u0111\u1ee7 s\u1ed1 l\u01b0\u1ee3ng \u0111\u1ec3 ho\u00e0n th\u00e0nh d\u1ef1 \u00e1n c\u1ee7a b\u1ea1n. Ch\u00fang t\u00f4i kh\u00f4ng nh\u1eadn \u0111\u1eb7t h\u00e0ng tr\u01b0\u1edbc cho c\u00e1c s\u1ea3n ph\u1ea9m \u0111\u00e3 h\u1ebft h\u00e0ng.<br \/>\nWhen life takes a sour turn, our favorite self-care is a sweet little treat! Candy Shop\u00ae Cotton is brand new and the perfect pick-me-up! It\u2019s a blend of eco-friendly recycled fibers in a woven chainette construction that\u2019s perfect for baskets and other outdoor projects. You\u2019ll feel like a kid in a candy shop as each of the six sweet, mood-boosting colorways shifts between ten color changes within one ball \u2013 giving your projects a happy, scrappy look.<\/p>","protected":false},"excerpt":{"rendered":"<p>Bag of 3, same color. All sales final. This item is discontinued and will not be restocked. Be sure to<\/p>","protected":false},"featured_media":29089,"comment_status":"open","ping_status":"closed","template":"","meta":[],"product_brand":[],"product_cat":[27],"product_tag":[],"class_list":{"0":"post-29091","1":"product","2":"type-product","3":"status-publish","4":"has-post-thumbnail","6":"product_cat-pure-cotton-yarn","8":"first","9":"instock","10":"shipping-taxable","11":"purchasable","12":"product-type-simple"},"_links":{"self":[{"href":"https:\/\/sanqingniaoo.com\/vi\/wp-json\/wp\/v2\/product\/29091","targetHints":{"allow":["GET"]}}],"collection":[{"href":"https:\/\/sanqingniaoo.com\/vi\/wp-json\/wp\/v2\/product"}],"about":[{"href":"https:\/\/sanqingniaoo.com\/vi\/wp-json\/wp\/v2\/types\/product"}],"replies":[{"embeddable":true,"href":"https:\/\/sanqingniaoo.com\/vi\/wp-json\/wp\/v2\/comments?post=29091"}],"version-history":[{"count":0,"href":"https:\/\/sanqingniaoo.com\/vi\/wp-json\/wp\/v2\/product\/29091\/revisions"}],"wp:featuredmedia":[{"embeddable":true,"href":"https:\/\/sanqingniaoo.com\/vi\/wp-json\/wp\/v2\/media\/29089"}],"wp:attachment":[{"href":"https:\/\/sanqingniaoo.com\/vi\/wp-json\/wp\/v2\/media?parent=29091"}],"wp:term":[{"taxonomy":"product_brand","embeddable":true,"href":"https:\/\/sanqingniaoo.com\/vi\/wp-json\/wp\/v2\/product_brand?post=29091"},{"taxonomy":"product_cat","embeddable":true,"href":"https:\/\/sanqingniaoo.com\/vi\/wp-json\/wp\/v2\/product_cat?post=29091"},{"taxonomy":"product_tag","embeddable":true,"href":"https:\/\/sanqingniaoo.com\/vi\/wp-json\/wp\/v2\/product_tag?post=29091"}],"curies":[{"name":"wp","href":"https:\/\/api.w.org\/{rel}","templated":true}]}}