{"id":29116,"date":"2026-04-08T08:17:46","date_gmt":"2026-04-08T08:17:46","guid":{"rendered":"https:\/\/sanqingniaoo.com\/product\/cotton-sprout-stripes-2\/"},"modified":"2026-04-22T08:48:34","modified_gmt":"2026-04-22T08:48:34","slug":"cotton-sprout-stripes-2","status":"publish","type":"product","link":"https:\/\/sanqingniaoo.com\/vi\/san-pham\/cotton-sprout-stripes-2\/","title":{"rendered":"Cotton Sprout\u00ae S\u1ecdc"},"content":{"rendered":"<p>Cotton Sprout\u00ae Stripes gia nh\u1eadp b\u1ed9 s\u01b0u t\u1eadp v\u00e0 mang \u0111\u1ebfn nh\u1eefng m\u1ea3ng m\u00e0u t\u01b0\u01a1i s\u00e1ng cho c\u00e1c d\u1ef1 \u00e1n \u0111\u1ea7y c\u00e1 t\u00ednh. S\u1ee3i b\u00f4ng 100% c\u00f3 \u0111\u1ed9 d\u00e0y v\u1eeba ph\u1ea3i r\u1ea5t ph\u00f9 h\u1ee3p \u0111\u1ec3 th\u1ef1c hi\u1ec7n c\u00e1c d\u1ef1 \u00e1n d\u1ec7t may cho m\u00f9a h\u00e8, trong khi l\u01b0\u1ee3ng s\u1ee3i d\u1ed3i d\u00e0o trong m\u1ed7i cu\u1ed9n gi\u00fap b\u1ea1n ti\u1ebft ki\u1ec7m \u0111\u01b0\u1ee3c r\u1ea5t nhi\u1ec1u. V\u1edbi hi\u1ec7u \u1ee9ng s\u1ecdc t\u1ef1 nhi\u00ean trong s\u00e1u phi\u00ean b\u1ea3n m\u00e0u, m\u1ed7i l\u1ea7n chuy\u1ec3n m\u00e0u \u0111\u01b0\u1ee3c c\u1ed1 \u0111\u1ecbnh ch\u1eafc ch\u1eafn \u0111\u1ec3 t\u1ea1o ra nh\u1eefng \u0111\u01b0\u1eddng s\u1ecdc \u0111\u1ec1u \u0111\u1eb7n v\u00e0 s\u1ea1ch s\u1ebd su\u1ed1t chi\u1ec1u d\u00e0i s\u1ee3i. Cotton Sprout\u00ae Stripes l\u00e0 l\u1ef1a ch\u1ecdn tuy\u1ec7t v\u1eddi cho c\u00e1c trang ph\u1ee5c tho\u00e1ng kh\u00ed, d\u1ec5 v\u1ec7 sinh, ph\u1ee5 ki\u1ec7n v\u00e0 nhi\u1ec1u s\u1ea3n ph\u1ea9m kh\u00e1c!\u00a0<\/p>","protected":false},"excerpt":{"rendered":"<p>Cotton Sprout\u00ae Stripes joins the collection and brings bright blocks of color for bold projects. Sport weight 100% cotton just<\/p>","protected":false},"featured_media":29114,"comment_status":"open","ping_status":"closed","template":"","meta":[],"product_brand":[],"product_cat":[37],"product_tag":[],"class_list":{"0":"post-29116","1":"product","2":"type-product","3":"status-publish","4":"has-post-thumbnail","6":"product_cat-washi-yarn","8":"first","9":"instock","10":"shipping-taxable","11":"purchasable","12":"product-type-simple"},"_links":{"self":[{"href":"https:\/\/sanqingniaoo.com\/vi\/wp-json\/wp\/v2\/product\/29116","targetHints":{"allow":["GET"]}}],"collection":[{"href":"https:\/\/sanqingniaoo.com\/vi\/wp-json\/wp\/v2\/product"}],"about":[{"href":"https:\/\/sanqingniaoo.com\/vi\/wp-json\/wp\/v2\/types\/product"}],"replies":[{"embeddable":true,"href":"https:\/\/sanqingniaoo.com\/vi\/wp-json\/wp\/v2\/comments?post=29116"}],"version-history":[{"count":0,"href":"https:\/\/sanqingniaoo.com\/vi\/wp-json\/wp\/v2\/product\/29116\/revisions"}],"wp:featuredmedia":[{"embeddable":true,"href":"https:\/\/sanqingniaoo.com\/vi\/wp-json\/wp\/v2\/media\/29114"}],"wp:attachment":[{"href":"https:\/\/sanqingniaoo.com\/vi\/wp-json\/wp\/v2\/media?parent=29116"}],"wp:term":[{"taxonomy":"product_brand","embeddable":true,"href":"https:\/\/sanqingniaoo.com\/vi\/wp-json\/wp\/v2\/product_brand?post=29116"},{"taxonomy":"product_cat","embeddable":true,"href":"https:\/\/sanqingniaoo.com\/vi\/wp-json\/wp\/v2\/product_cat?post=29116"},{"taxonomy":"product_tag","embeddable":true,"href":"https:\/\/sanqingniaoo.com\/vi\/wp-json\/wp\/v2\/product_tag?post=29116"}],"curies":[{"name":"wp","href":"https:\/\/api.w.org\/{rel}","templated":true}]}}