{"id":29125,"date":"2026-04-08T08:17:47","date_gmt":"2026-04-08T08:17:47","guid":{"rendered":"https:\/\/sanqingniaoo.com\/product\/spice-shop\/"},"modified":"2026-04-22T08:48:06","modified_gmt":"2026-04-22T08:48:06","slug":"spice-shop","status":"publish","type":"product","link":"https:\/\/sanqingniaoo.com\/vi\/san-pham\/spice-shop\/","title":{"rendered":"C\u1eeda h\u00e0ng Gia v\u1ecb\u2122"},"content":{"rendered":"<p>T\u1eeb t\u1ee7 gia v\u1ecb \u0111\u1ebfn kho s\u1ee3i c\u1ee7a b\u1ea1n, Spice Shop\u2122 l\u00e0 lo\u1ea1i s\u1ee3i t\u1ef1 t\u1ea1o v\u00e2n l\u1ea5y c\u1ea3m h\u1ee9ng t\u1eeb c\u00e1c lo\u1ea1i gia v\u1ecb v\u00e0 th\u1ea3o m\u1ed9c. Lo\u1ea1i s\u1ee3i len pha tr\u1ed9n d\u1ea1ng cu\u1ed9n n\u00e0y mang l\u1ea1i c\u1ea3m gi\u00e1c m\u1ec1m m\u1ea1i khi ch\u1ea1m v\u00e0o, trong khi m\u1ed7i m\u1eabu m\u00e0u t\u1ef1 t\u1ea1o v\u00e2n \u0111\u1ec1u \u0111\u01b0\u1ee3c ph\u1ed1i l\u1edbp v\u1edbi nh\u1eefng gam m\u00e0u \u0111\u1eadm \u0111\u00e0, n\u1ed5i b\u1eadt. C\u00e1c t\u00e1c ph\u1ea9m \u0111an c\u1ee7a b\u1ea1n s\u1ebd th\u1ef1c s\u1ef1 n\u1ed5i b\u1eadt khi s\u1eed d\u1ee5ng Spice Shop\u2122, khi\u1ebfn n\u00f3 tr\u1edf th\u00e0nh l\u1ef1a ch\u1ecdn tuy\u1ec7t v\u1eddi cho c\u00e1c h\u1ecda ti\u1ebft xo\u1eafn v\u00e0 m\u0169i \u0111an c\u00f3 k\u1ebft c\u1ea5u tr\u00ean ph\u1ee5 ki\u1ec7n, trang ph\u1ee5c v\u00e0 nhi\u1ec1u s\u1ea3n ph\u1ea9m kh\u00e1c.<br \/>\nH\u00e3y tho\u1ea3i m\u00e1i s\u00e1ng t\u1ea1o v\u1edbi s\u1ef1 an t\u00e2m r\u1eb1ng lo\u1ea1i s\u1ee3i n\u00e0y an to\u00e0n cho m\u1ecdi ng\u01b0\u1eddi! S\u1ea3n ph\u1ea9m \u0111\u00e3 \u0111\u1ea1t ti\u00eau chu\u1ea9n cao nh\u1ea5t, ph\u00f9 h\u1ee3p \u0111\u1ec3 ti\u1ebfp x\u00fac tr\u1ef1c ti\u1ebfp v\u1edbi l\u00e0n da nh\u1ea1y c\u1ea3m nh\u1ea5t, k\u1ec3 c\u1ea3 tr\u1ebb s\u01a1 sinh v\u00e0 tr\u1ebb nh\u1ecf.<\/p>","protected":false},"excerpt":{"rendered":"<p>From the spice cabinet to your yarn stash, Spice Shop\u2122 is a self-striping yarn inspired by spices and herbs. This<\/p>","protected":false},"featured_media":29123,"comment_status":"open","ping_status":"closed","template":"","meta":[],"product_brand":[],"product_cat":[37],"product_tag":[],"class_list":{"0":"post-29125","1":"product","2":"type-product","3":"status-publish","4":"has-post-thumbnail","6":"product_cat-washi-yarn","8":"first","9":"instock","10":"shipping-taxable","11":"purchasable","12":"product-type-simple"},"_links":{"self":[{"href":"https:\/\/sanqingniaoo.com\/vi\/wp-json\/wp\/v2\/product\/29125","targetHints":{"allow":["GET"]}}],"collection":[{"href":"https:\/\/sanqingniaoo.com\/vi\/wp-json\/wp\/v2\/product"}],"about":[{"href":"https:\/\/sanqingniaoo.com\/vi\/wp-json\/wp\/v2\/types\/product"}],"replies":[{"embeddable":true,"href":"https:\/\/sanqingniaoo.com\/vi\/wp-json\/wp\/v2\/comments?post=29125"}],"version-history":[{"count":0,"href":"https:\/\/sanqingniaoo.com\/vi\/wp-json\/wp\/v2\/product\/29125\/revisions"}],"wp:featuredmedia":[{"embeddable":true,"href":"https:\/\/sanqingniaoo.com\/vi\/wp-json\/wp\/v2\/media\/29123"}],"wp:attachment":[{"href":"https:\/\/sanqingniaoo.com\/vi\/wp-json\/wp\/v2\/media?parent=29125"}],"wp:term":[{"taxonomy":"product_brand","embeddable":true,"href":"https:\/\/sanqingniaoo.com\/vi\/wp-json\/wp\/v2\/product_brand?post=29125"},{"taxonomy":"product_cat","embeddable":true,"href":"https:\/\/sanqingniaoo.com\/vi\/wp-json\/wp\/v2\/product_cat?post=29125"},{"taxonomy":"product_tag","embeddable":true,"href":"https:\/\/sanqingniaoo.com\/vi\/wp-json\/wp\/v2\/product_tag?post=29125"}],"curies":[{"name":"wp","href":"https:\/\/api.w.org\/{rel}","templated":true}]}}