{"id":29131,"date":"2026-04-08T08:17:49","date_gmt":"2026-04-08T08:17:49","guid":{"rendered":"https:\/\/sanqingniaoo.com\/product\/just-yarn-worsted-value-ombre\/"},"modified":"2026-04-22T08:48:20","modified_gmt":"2026-04-22T08:48:20","slug":"just-yarn-worsted-value-ombre","status":"publish","type":"product","link":"https:\/\/sanqingniaoo.com\/vi\/san-pham\/just-yarn-worsted-value-ombre\/","title":{"rendered":"Just\u00ae S\u1ee3i d\u1ec7t kim lo\u1ea1i Ombre gi\u00e1 tr\u1ecb"},"content":{"rendered":"<p>D\u1ec5 d\u00e0ng t\u1ea1o hi\u1ec7u \u1ee9ng chuy\u1ec3n m\u00e0u cho c\u00e1c d\u1ef1 \u00e1n c\u1ee7a b\u1ea1n v\u1edbi s\u1ee3i Just\u00ae Yarn Worsted Value Ombre. V\u1edbi tr\u1ecdng l\u01b0\u1ee3ng 280g m\u1ed7i cu\u1ed9n, b\u1ea1n s\u1ebd c\u00f3 \u00edt \u0111\u1ea7u s\u1ee3i c\u1ea7n d\u1ec7t h\u01a1n v\u00e0 ti\u1ebft ki\u1ec7m h\u01a1n cho m\u1ed7i cu\u1ed9n. S\u1ea3n ph\u1ea9m c\u00f3 s\u1eb5n trong 16 m\u00e0u s\u1eafc tuy\u1ec7t \u0111\u1eb9p, b\u1ea1n s\u1ebd th\u00edch c\u00e1ch c\u00e1c m\u00e0u s\u1eafc chuy\u1ec3n \u0111\u1ed5i t\u1eeb \u0111\u1eadm sang nh\u1ea1t.<br \/>\nH\u00e3y tho\u1ea3i m\u00e1i s\u00e1ng t\u1ea1o v\u1edbi s\u1ef1 an t\u00e2m r\u1eb1ng lo\u1ea1i s\u1ee3i n\u00e0y ho\u00e0n to\u00e0n an to\u00e0n cho b\u1ea1n! S\u1ea3n ph\u1ea9m \u0111\u00e3 \u0111\u1ea1t ti\u00eau chu\u1ea9n cao nh\u1ea5t, ph\u00f9 h\u1ee3p \u0111\u1ec3 ti\u1ebfp x\u00fac tr\u1ef1c ti\u1ebfp v\u1edbi l\u00e0n da nh\u1ea1y c\u1ea3m nh\u1ea5t, k\u1ec3 c\u1ea3 da c\u1ee7a tr\u1ebb s\u01a1 sinh v\u00e0 tr\u1ebb nh\u1ecf.<\/p>","protected":false},"excerpt":{"rendered":"<p>Achieve a gradient look for your projects with ease with Just\u00ae Yarn Worsted Value Ombre. The 280g ball means less<\/p>","protected":false},"featured_media":29130,"comment_status":"open","ping_status":"closed","template":"","meta":[],"product_brand":[],"product_cat":[37],"product_tag":[],"class_list":{"0":"post-29131","1":"product","2":"type-product","3":"status-publish","4":"has-post-thumbnail","6":"product_cat-washi-yarn","8":"first","9":"instock","10":"shipping-taxable","11":"purchasable","12":"product-type-simple"},"_links":{"self":[{"href":"https:\/\/sanqingniaoo.com\/vi\/wp-json\/wp\/v2\/product\/29131","targetHints":{"allow":["GET"]}}],"collection":[{"href":"https:\/\/sanqingniaoo.com\/vi\/wp-json\/wp\/v2\/product"}],"about":[{"href":"https:\/\/sanqingniaoo.com\/vi\/wp-json\/wp\/v2\/types\/product"}],"replies":[{"embeddable":true,"href":"https:\/\/sanqingniaoo.com\/vi\/wp-json\/wp\/v2\/comments?post=29131"}],"version-history":[{"count":0,"href":"https:\/\/sanqingniaoo.com\/vi\/wp-json\/wp\/v2\/product\/29131\/revisions"}],"wp:featuredmedia":[{"embeddable":true,"href":"https:\/\/sanqingniaoo.com\/vi\/wp-json\/wp\/v2\/media\/29130"}],"wp:attachment":[{"href":"https:\/\/sanqingniaoo.com\/vi\/wp-json\/wp\/v2\/media?parent=29131"}],"wp:term":[{"taxonomy":"product_brand","embeddable":true,"href":"https:\/\/sanqingniaoo.com\/vi\/wp-json\/wp\/v2\/product_brand?post=29131"},{"taxonomy":"product_cat","embeddable":true,"href":"https:\/\/sanqingniaoo.com\/vi\/wp-json\/wp\/v2\/product_cat?post=29131"},{"taxonomy":"product_tag","embeddable":true,"href":"https:\/\/sanqingniaoo.com\/vi\/wp-json\/wp\/v2\/product_tag?post=29131"}],"curies":[{"name":"wp","href":"https:\/\/api.w.org\/{rel}","templated":true}]}}