{"id":29134,"date":"2026-04-08T08:17:50","date_gmt":"2026-04-08T08:17:50","guid":{"rendered":"https:\/\/sanqingniaoo.com\/product\/basix-chenille-brights\/"},"modified":"2026-04-22T08:47:38","modified_gmt":"2026-04-22T08:47:38","slug":"basix-chenille-brights","status":"publish","type":"product","link":"https:\/\/sanqingniaoo.com\/vi\/san-pham\/basix-chenille-brights\/","title":{"rendered":"Basix\u00ae Chenille M\u00e0u S\u00e1ng"},"content":{"rendered":"<p>M\u1ec1m m\u1ea1i h\u01a1n bao gi\u1edd h\u1ebft, lo\u1ea1i v\u1ea3i chenille n\u00e0y gi\u00fap b\u1ea1n t\u1ea1o ra nh\u1eefng chi\u1ebfc ch\u0103n \u1ea5m \u00e1p, \u0111\u1ed3 ch\u01a1i \u00eam \u00e1i v\u00e0 c\u00e1c m\u00f3n \u0111\u1ed3 m\u1eb7c \u0111\u01b0\u1ee3c v\u1edbi \u0111\u1ed9 m\u1ec1m x\u1ed1p tuy\u1ec7t v\u1eddi. H\u00e3y t\u00ecm nh\u1eefng m\u00e0u s\u1eafc ph\u1ed1i h\u1ee3p \u01b0ng \u00fd nh\u1ea5t v\u00e0 \u0111\u1ec3 s\u1ef1 s\u00e1ng t\u1ea1o c\u1ee7a b\u1ea1n t\u1ecfa s\u00e1ng r\u1ef1c r\u1ee1.\u00a0<br \/>\nH\u00e3y tho\u1ea3i m\u00e1i s\u00e1ng t\u1ea1o v\u1edbi s\u1ef1 an t\u00e2m r\u1eb1ng lo\u1ea1i s\u1ee3i n\u00e0y ho\u00e0n to\u00e0n an to\u00e0n cho b\u1ea1n! S\u1ea3n ph\u1ea9m \u0111\u00e3 \u0111\u1ea1t ti\u00eau chu\u1ea9n cao nh\u1ea5t, ph\u00f9 h\u1ee3p \u0111\u1ec3 ti\u1ebfp x\u00fac tr\u1ef1c ti\u1ebfp v\u1edbi l\u00e0n da nh\u1ea1y c\u1ea3m nh\u1ea5t, k\u1ec3 c\u1ea3 da c\u1ee7a tr\u1ebb s\u01a1 sinh v\u00e0 tr\u1ebb nh\u1ecf.<\/p>","protected":false},"excerpt":{"rendered":"<p>Softer than ever, this chenille makes cozy blankets, cuddly toys, and wearables with major squish-factor. Find your favorite coordinating colors<\/p>","protected":false},"featured_media":29132,"comment_status":"open","ping_status":"closed","template":"","meta":[],"product_brand":[],"product_cat":[37],"product_tag":[],"class_list":{"0":"post-29134","1":"product","2":"type-product","3":"status-publish","4":"has-post-thumbnail","6":"product_cat-washi-yarn","8":"first","9":"instock","10":"shipping-taxable","11":"purchasable","12":"product-type-simple"},"_links":{"self":[{"href":"https:\/\/sanqingniaoo.com\/vi\/wp-json\/wp\/v2\/product\/29134","targetHints":{"allow":["GET"]}}],"collection":[{"href":"https:\/\/sanqingniaoo.com\/vi\/wp-json\/wp\/v2\/product"}],"about":[{"href":"https:\/\/sanqingniaoo.com\/vi\/wp-json\/wp\/v2\/types\/product"}],"replies":[{"embeddable":true,"href":"https:\/\/sanqingniaoo.com\/vi\/wp-json\/wp\/v2\/comments?post=29134"}],"version-history":[{"count":0,"href":"https:\/\/sanqingniaoo.com\/vi\/wp-json\/wp\/v2\/product\/29134\/revisions"}],"wp:featuredmedia":[{"embeddable":true,"href":"https:\/\/sanqingniaoo.com\/vi\/wp-json\/wp\/v2\/media\/29132"}],"wp:attachment":[{"href":"https:\/\/sanqingniaoo.com\/vi\/wp-json\/wp\/v2\/media?parent=29134"}],"wp:term":[{"taxonomy":"product_brand","embeddable":true,"href":"https:\/\/sanqingniaoo.com\/vi\/wp-json\/wp\/v2\/product_brand?post=29134"},{"taxonomy":"product_cat","embeddable":true,"href":"https:\/\/sanqingniaoo.com\/vi\/wp-json\/wp\/v2\/product_cat?post=29134"},{"taxonomy":"product_tag","embeddable":true,"href":"https:\/\/sanqingniaoo.com\/vi\/wp-json\/wp\/v2\/product_tag?post=29134"}],"curies":[{"name":"wp","href":"https:\/\/api.w.org\/{rel}","templated":true}]}}