{"id":29135,"date":"2026-04-08T08:17:50","date_gmt":"2026-04-08T08:17:50","guid":{"rendered":"https:\/\/sanqingniaoo.com\/product\/parfait-chunky-glitz\/"},"modified":"2026-04-22T08:48:15","modified_gmt":"2026-04-22T08:48:15","slug":"parfait-chunky-glitz","status":"publish","type":"product","link":"https:\/\/sanqingniaoo.com\/vi\/san-pham\/parfait-chunky-glitz\/","title":{"rendered":"Parfait\u00ae Chunky Glitz"},"content":{"rendered":"<p>H\u00e3y th\u1ed5i h\u1ed3n v\u00e0o c\u00e1c t\u00e1c ph\u1ea9m c\u1ee7a b\u1ea1n v\u1edbi Parfait\u00ae Chunky Glitz. \u0110\u01b0\u1ee3c d\u1ec7t t\u1eeb s\u1ee3i chenille si\u00eau m\u1ec1m m\u1ea1i k\u1ebft h\u1ee3p v\u1edbi l\u1ea5p l\u00e1nh b\u1ea1c, lo\u1ea1i s\u1ee3i si\u00eau d\u00e0y n\u00e0y c\u00f3 th\u1ec3 s\u1eed d\u1ee5ng ri\u00eang l\u1ebb ho\u1eb7c k\u1ebft h\u1ee3p c\u00f9ng c\u00e1c m\u00e0u tr\u01a1n Parfait\u00ae Chunky \u0111\u1ec3 mang \u0111\u1ebfn n\u00e9t vui t\u01b0\u01a1i cho t\u00e1c ph\u1ea9m c\u1ee7a b\u1ea1n. S\u1ea3n ph\u1ea9m l\u00fd t\u01b0\u1edfng \u0111\u1ec3 l\u00e0m qu\u00e0 t\u1eb7ng d\u1ecbp l\u1ec5 ho\u1eb7c t\u1ea1o th\u00eam \u00e1nh s\u00e1ng l\u1ea5p l\u00e1nh \u0111\u1eb7c bi\u1ec7t cho c\u00e1c t\u00e1c ph\u1ea9m amigurumi v\u00e0 ph\u1ee5 ki\u1ec7n c\u1ee7a b\u1ea1n.<br \/>\nH\u00e3y tho\u1ea3i m\u00e1i s\u00e1ng t\u1ea1o v\u1edbi s\u1ef1 an t\u00e2m r\u1eb1ng lo\u1ea1i s\u1ee3i n\u00e0y an to\u00e0n cho m\u1ecdi ng\u01b0\u1eddi! S\u1ea3n ph\u1ea9m \u0111\u00e3 \u0111\u1ea1t ti\u00eau chu\u1ea9n cao nh\u1ea5t, ph\u00f9 h\u1ee3p \u0111\u1ec3 ti\u1ebfp x\u00fac tr\u1ef1c ti\u1ebfp v\u1edbi l\u00e0n da nh\u1ea1y c\u1ea3m nh\u1ea5t, k\u1ec3 c\u1ea3 tr\u1ebb s\u01a1 sinh v\u00e0 tr\u1ebb nh\u1ecf.<\/p>","protected":false},"excerpt":{"rendered":"<p>Give your projects extra sparkle with Parfait\u00ae Chunky Glitz.\u00a0Made with our super soft chenille yarn and silver glitter,\u00a0this Super Bulky<\/p>","protected":false},"featured_media":29133,"comment_status":"open","ping_status":"closed","template":"","meta":[],"product_brand":[],"product_cat":[37],"product_tag":[],"class_list":{"0":"post-29135","1":"product","2":"type-product","3":"status-publish","4":"has-post-thumbnail","6":"product_cat-washi-yarn","8":"first","9":"instock","10":"shipping-taxable","11":"purchasable","12":"product-type-simple"},"_links":{"self":[{"href":"https:\/\/sanqingniaoo.com\/vi\/wp-json\/wp\/v2\/product\/29135","targetHints":{"allow":["GET"]}}],"collection":[{"href":"https:\/\/sanqingniaoo.com\/vi\/wp-json\/wp\/v2\/product"}],"about":[{"href":"https:\/\/sanqingniaoo.com\/vi\/wp-json\/wp\/v2\/types\/product"}],"replies":[{"embeddable":true,"href":"https:\/\/sanqingniaoo.com\/vi\/wp-json\/wp\/v2\/comments?post=29135"}],"version-history":[{"count":0,"href":"https:\/\/sanqingniaoo.com\/vi\/wp-json\/wp\/v2\/product\/29135\/revisions"}],"wp:featuredmedia":[{"embeddable":true,"href":"https:\/\/sanqingniaoo.com\/vi\/wp-json\/wp\/v2\/media\/29133"}],"wp:attachment":[{"href":"https:\/\/sanqingniaoo.com\/vi\/wp-json\/wp\/v2\/media?parent=29135"}],"wp:term":[{"taxonomy":"product_brand","embeddable":true,"href":"https:\/\/sanqingniaoo.com\/vi\/wp-json\/wp\/v2\/product_brand?post=29135"},{"taxonomy":"product_cat","embeddable":true,"href":"https:\/\/sanqingniaoo.com\/vi\/wp-json\/wp\/v2\/product_cat?post=29135"},{"taxonomy":"product_tag","embeddable":true,"href":"https:\/\/sanqingniaoo.com\/vi\/wp-json\/wp\/v2\/product_tag?post=29135"}],"curies":[{"name":"wp","href":"https:\/\/api.w.org\/{rel}","templated":true}]}}