{"id":29137,"date":"2026-04-08T08:17:51","date_gmt":"2026-04-08T08:17:51","guid":{"rendered":"https:\/\/sanqingniaoo.com\/product\/basix-super-bulky\/"},"modified":"2026-04-22T08:47:45","modified_gmt":"2026-04-22T08:47:45","slug":"basix-super-bulky","status":"publish","type":"product","link":"https:\/\/sanqingniaoo.com\/vi\/san-pham\/basix-super-bulky\/","title":{"rendered":"Basix\u00ae Si\u00eau d\u00e0y"},"content":{"rendered":"<p>S\u1ee3i Basix c\u1ee7a ch\u00fang t\u00f4i c\u00f3 tr\u1ecdng l\u01b0\u1ee3ng si\u00eau d\u00e0y, mang l\u1ea1i gi\u00e1 tr\u1ecb v\u00e0 ch\u1ea5t l\u01b0\u1ee3ng tuy\u1ec7t v\u1eddi. Lo\u1ea1i s\u1ee3i n\u00e0y gi\u00fap b\u1ea1n ho\u00e0n th\u00e0nh nhanh ch\u00f3ng c\u00e1c m\u00f3n qu\u00e0 v\u00e0o ph\u00fat ch\u00f3t c\u0169ng nh\u01b0 c\u00e1c v\u1eadt d\u1ee5ng trang tr\u00ed n\u1ed9i th\u1ea5t. V\u1edbi b\u1ed9 s\u01b0u t\u1eadp 20 m\u00e0u s\u1eafc tuy\u1ec7t \u0111\u1eb9p, b\u1ea1n s\u1ebd d\u1ec5 d\u00e0ng t\u00ecm \u0111\u01b0\u1ee3c t\u00f4ng m\u00e0u ho\u00e0n h\u1ea3o cho c\u00e1c t\u00e1c ph\u1ea9m c\u1ee7a m\u00ecnh. S\u1ea3n ph\u1ea9m c\u00f3 th\u1ec3 gi\u1eb7t v\u00e0 s\u1ea5y b\u1eb1ng m\u00e1y, r\u1ea5t ti\u1ec7n l\u1ee3i khi l\u00e0m qu\u00e0 t\u1eb7ng.<br \/>\nH\u00e3y tho\u1ea3i m\u00e1i s\u00e1ng t\u1ea1o v\u1edbi s\u1ef1 an t\u00e2m r\u1eb1ng lo\u1ea1i s\u1ee3i n\u00e0y ho\u00e0n to\u00e0n an to\u00e0n cho b\u1ea1n! S\u1ea3n ph\u1ea9m \u0111\u00e3 \u0111\u1ea1t ti\u00eau chu\u1ea9n cao nh\u1ea5t, ph\u00f9 h\u1ee3p \u0111\u1ec3 ti\u1ebfp x\u00fac tr\u1ef1c ti\u1ebfp v\u1edbi l\u00e0n da nh\u1ea1y c\u1ea3m nh\u1ea5t, k\u1ec3 c\u1ea3 da c\u1ee7a tr\u1ebb s\u01a1 sinh v\u00e0 tr\u1ebb nh\u1ecf.<\/p>","protected":false},"excerpt":{"rendered":"<p>The great value and quality of our Basix yarn in super bulky weight. This yarn works up quickly for last<\/p>","protected":false},"featured_media":29136,"comment_status":"open","ping_status":"closed","template":"","meta":[],"product_brand":[],"product_cat":[37],"product_tag":[],"class_list":{"0":"post-29137","1":"product","2":"type-product","3":"status-publish","4":"has-post-thumbnail","6":"product_cat-washi-yarn","8":"first","9":"instock","10":"shipping-taxable","11":"purchasable","12":"product-type-simple"},"_links":{"self":[{"href":"https:\/\/sanqingniaoo.com\/vi\/wp-json\/wp\/v2\/product\/29137","targetHints":{"allow":["GET"]}}],"collection":[{"href":"https:\/\/sanqingniaoo.com\/vi\/wp-json\/wp\/v2\/product"}],"about":[{"href":"https:\/\/sanqingniaoo.com\/vi\/wp-json\/wp\/v2\/types\/product"}],"replies":[{"embeddable":true,"href":"https:\/\/sanqingniaoo.com\/vi\/wp-json\/wp\/v2\/comments?post=29137"}],"version-history":[{"count":0,"href":"https:\/\/sanqingniaoo.com\/vi\/wp-json\/wp\/v2\/product\/29137\/revisions"}],"wp:featuredmedia":[{"embeddable":true,"href":"https:\/\/sanqingniaoo.com\/vi\/wp-json\/wp\/v2\/media\/29136"}],"wp:attachment":[{"href":"https:\/\/sanqingniaoo.com\/vi\/wp-json\/wp\/v2\/media?parent=29137"}],"wp:term":[{"taxonomy":"product_brand","embeddable":true,"href":"https:\/\/sanqingniaoo.com\/vi\/wp-json\/wp\/v2\/product_brand?post=29137"},{"taxonomy":"product_cat","embeddable":true,"href":"https:\/\/sanqingniaoo.com\/vi\/wp-json\/wp\/v2\/product_cat?post=29137"},{"taxonomy":"product_tag","embeddable":true,"href":"https:\/\/sanqingniaoo.com\/vi\/wp-json\/wp\/v2\/product_tag?post=29137"}],"curies":[{"name":"wp","href":"https:\/\/api.w.org\/{rel}","templated":true}]}}