{"id":29141,"date":"2026-04-08T08:17:52","date_gmt":"2026-04-08T08:17:52","guid":{"rendered":"https:\/\/sanqingniaoo.com\/product\/basix-shimmer\/"},"modified":"2026-04-22T08:48:40","modified_gmt":"2026-04-22T08:48:40","slug":"basix-shimmer","status":"publish","type":"product","link":"https:\/\/sanqingniaoo.com\/vi\/san-pham\/basix-shimmer\/","title":{"rendered":"Basix\u00ae L\u1ea5p l\u00e1nh"},"content":{"rendered":"<p>H\u00e3y th\u00eam m\u1ed9t ch\u00fat \u00e1nh s\u00e1ng l\u1ea5p l\u00e1nh cho m\u1ecdi d\u1ef1 \u00e1n c\u1ee7a b\u1ea1n v\u1edbi s\u1ee3i Premier Basix\u00ae Shimmer. S\u1ee3i n\u00e0y c\u00f3 th\u1ec3 gi\u1eb7t v\u00e0 s\u1ea5y b\u1eb1ng m\u00e1y, thu\u1ed9c lo\u1ea1i s\u1ee3i #4 (tr\u1ecdng l\u01b0\u1ee3ng trung b\u00ecnh\/Worsted), v\u1edbi m\u1eadt \u0111\u1ed9 m\u0169i kim l\u00e0 14 m\u0169i v\u00e0 16 h\u00e0ng khi \u0111an m\u00f3c \u0111\u01a1n, v\u00e0 17 m\u0169i v\u00e0 23 h\u00e0ng tr\u00ean 4 inch khi \u0111an.<br \/>\nH\u00e3y tho\u1ea3i m\u00e1i s\u00e1ng t\u1ea1o v\u1edbi s\u1ef1 an t\u00e2m r\u1eb1ng lo\u1ea1i s\u1ee3i n\u00e0y ho\u00e0n to\u00e0n an to\u00e0n cho b\u1ea1n! S\u1ea3n ph\u1ea9m \u0111\u00e3 \u0111\u1ea1t ti\u00eau chu\u1ea9n cao nh\u1ea5t, ph\u00f9 h\u1ee3p \u0111\u1ec3 ti\u1ebfp x\u00fac tr\u1ef1c ti\u1ebfp v\u1edbi l\u00e0n da nh\u1ea1y c\u1ea3m nh\u1ea5t, k\u1ec3 c\u1ea3 da c\u1ee7a tr\u1ebb s\u01a1 sinh v\u00e0 tr\u1ebb nh\u1ecf.<\/p>","protected":false},"excerpt":{"rendered":"<p>Add a little touch of shine to every project with Premier Basix\u00ae Shimmer. Machine washable and dryable, this #4 Medium\/Worsted<\/p>","protected":false},"featured_media":29140,"comment_status":"open","ping_status":"closed","template":"","meta":[],"product_brand":[],"product_cat":[37],"product_tag":[],"class_list":{"0":"post-29141","1":"product","2":"type-product","3":"status-publish","4":"has-post-thumbnail","6":"product_cat-washi-yarn","8":"first","9":"instock","10":"shipping-taxable","11":"purchasable","12":"product-type-simple"},"_links":{"self":[{"href":"https:\/\/sanqingniaoo.com\/vi\/wp-json\/wp\/v2\/product\/29141","targetHints":{"allow":["GET"]}}],"collection":[{"href":"https:\/\/sanqingniaoo.com\/vi\/wp-json\/wp\/v2\/product"}],"about":[{"href":"https:\/\/sanqingniaoo.com\/vi\/wp-json\/wp\/v2\/types\/product"}],"replies":[{"embeddable":true,"href":"https:\/\/sanqingniaoo.com\/vi\/wp-json\/wp\/v2\/comments?post=29141"}],"version-history":[{"count":0,"href":"https:\/\/sanqingniaoo.com\/vi\/wp-json\/wp\/v2\/product\/29141\/revisions"}],"wp:featuredmedia":[{"embeddable":true,"href":"https:\/\/sanqingniaoo.com\/vi\/wp-json\/wp\/v2\/media\/29140"}],"wp:attachment":[{"href":"https:\/\/sanqingniaoo.com\/vi\/wp-json\/wp\/v2\/media?parent=29141"}],"wp:term":[{"taxonomy":"product_brand","embeddable":true,"href":"https:\/\/sanqingniaoo.com\/vi\/wp-json\/wp\/v2\/product_brand?post=29141"},{"taxonomy":"product_cat","embeddable":true,"href":"https:\/\/sanqingniaoo.com\/vi\/wp-json\/wp\/v2\/product_cat?post=29141"},{"taxonomy":"product_tag","embeddable":true,"href":"https:\/\/sanqingniaoo.com\/vi\/wp-json\/wp\/v2\/product_tag?post=29141"}],"curies":[{"name":"wp","href":"https:\/\/api.w.org\/{rel}","templated":true}]}}