{"id":29144,"date":"2026-04-08T08:17:53","date_gmt":"2026-04-08T08:17:53","guid":{"rendered":"https:\/\/sanqingniaoo.com\/product\/anti-pilling-everyday-worsted-painterly\/"},"modified":"2026-04-22T08:47:35","modified_gmt":"2026-04-22T08:47:35","slug":"anti-pilling-everyday-worsted-painterly","status":"publish","type":"product","link":"https:\/\/sanqingniaoo.com\/vi\/san-pham\/anti-pilling-everyday-worsted-painterly\/","title":{"rendered":"Ch\u1ed1ng x\u00f9 l\u00f4ng Everyday\u00ae - S\u1ee3i d\u1ec7t thoi h\u1ecda ti\u1ebft"},"content":{"rendered":"<p>H\u00e3y th\u00eam m\u1ed9t ch\u00fat s\u1eafc m\u00e0u cho t\u00e1c ph\u1ea9m th\u1ee7 c\u00f4ng ti\u1ebfp theo c\u1ee7a b\u1ea1n v\u1edbi Everyday\u00ae Painterly. \u0110\u00e2y l\u00e0 lo\u1ea1i s\u1ee3i acrylic 4 s\u1ee3i, c\u00f3 \u0111\u1ed9 d\u00e0y trung b\u00ecnh\/worsted (#4), v\u1edbi c\u00e1c t\u00f4ng m\u00e0u \u0111\u01b0\u1ee3c ph\u1ed1i h\u1ee3p tinh t\u1ebf. \u0110\u01b0\u1ee3c thi\u1ebft k\u1ebf \u0111\u1ec3 k\u1ebft h\u1ee3p ho\u00e0n h\u1ea3o v\u1edbi s\u1ea3n ph\u1ea9m \u0111\u01b0\u1ee3c y\u00eau th\u00edch nh\u1ea5t \u2013 Everyday\u00ae Worsted ch\u1ed1ng x\u00f9 l\u00f4ng, s\u1ee3i n\u00e0y ph\u00f9 h\u1ee3p v\u1edbi m\u1eadt \u0111\u1ed9 m\u0169i \u0111an 18 m\u0169i v\u00e0 24 h\u00e0ng, ho\u1eb7c 12 m\u0169i v\u00e0 15 h\u00e0ng khi \u0111an m\u0169i \u0111\u01a1n.<br \/>\nH\u00e3y tho\u1ea3i m\u00e1i s\u00e1ng t\u1ea1o v\u1edbi s\u1ef1 an t\u00e2m r\u1eb1ng lo\u1ea1i s\u1ee3i n\u00e0y ho\u00e0n to\u00e0n an to\u00e0n cho b\u1ea1n! S\u1ea3n ph\u1ea9m \u0111\u00e3 \u0111\u1ea1t ti\u00eau chu\u1ea9n cao nh\u1ea5t, ph\u00f9 h\u1ee3p \u0111\u1ec3 ti\u1ebfp x\u00fac tr\u1ef1c ti\u1ebfp v\u1edbi l\u00e0n da nh\u1ea1y c\u1ea3m nh\u1ea5t, k\u1ec3 c\u1ea3 da c\u1ee7a tr\u1ebb s\u01a1 sinh v\u00e0 tr\u1ebb nh\u1ecf.<\/p>","protected":false},"excerpt":{"rendered":"<p>Add a brush of color to your next maker masterpiece with Everyday\u00ae Painterly. A #4 medium\/worsted weight, 4-ply acrylic yarn<\/p>","protected":false},"featured_media":29142,"comment_status":"open","ping_status":"closed","template":"","meta":[],"product_brand":[],"product_cat":[37],"product_tag":[],"class_list":{"0":"post-29144","1":"product","2":"type-product","3":"status-publish","4":"has-post-thumbnail","6":"product_cat-washi-yarn","8":"first","9":"instock","10":"shipping-taxable","11":"purchasable","12":"product-type-simple"},"_links":{"self":[{"href":"https:\/\/sanqingniaoo.com\/vi\/wp-json\/wp\/v2\/product\/29144","targetHints":{"allow":["GET"]}}],"collection":[{"href":"https:\/\/sanqingniaoo.com\/vi\/wp-json\/wp\/v2\/product"}],"about":[{"href":"https:\/\/sanqingniaoo.com\/vi\/wp-json\/wp\/v2\/types\/product"}],"replies":[{"embeddable":true,"href":"https:\/\/sanqingniaoo.com\/vi\/wp-json\/wp\/v2\/comments?post=29144"}],"version-history":[{"count":0,"href":"https:\/\/sanqingniaoo.com\/vi\/wp-json\/wp\/v2\/product\/29144\/revisions"}],"wp:featuredmedia":[{"embeddable":true,"href":"https:\/\/sanqingniaoo.com\/vi\/wp-json\/wp\/v2\/media\/29142"}],"wp:attachment":[{"href":"https:\/\/sanqingniaoo.com\/vi\/wp-json\/wp\/v2\/media?parent=29144"}],"wp:term":[{"taxonomy":"product_brand","embeddable":true,"href":"https:\/\/sanqingniaoo.com\/vi\/wp-json\/wp\/v2\/product_brand?post=29144"},{"taxonomy":"product_cat","embeddable":true,"href":"https:\/\/sanqingniaoo.com\/vi\/wp-json\/wp\/v2\/product_cat?post=29144"},{"taxonomy":"product_tag","embeddable":true,"href":"https:\/\/sanqingniaoo.com\/vi\/wp-json\/wp\/v2\/product_tag?post=29144"}],"curies":[{"name":"wp","href":"https:\/\/api.w.org\/{rel}","templated":true}]}}