{"id":29145,"date":"2026-04-08T08:17:53","date_gmt":"2026-04-08T08:17:53","guid":{"rendered":"https:\/\/sanqingniaoo.com\/product\/parfait-chunky-pom-pom\/"},"modified":"2026-04-22T08:59:21","modified_gmt":"2026-04-22T08:59:21","slug":"parfait-chunky-pom-pom","status":"publish","type":"product","link":"https:\/\/sanqingniaoo.com\/vi\/san-pham\/parfait-chunky-pom-pom\/","title":{"rendered":"Parfait\u00ae Pom Pom mi\u1ebfng to"},"content":{"rendered":"<p>S\u1ee3i len Parfait\u00ae Chunky n\u1ed5i ti\u1ebfng c\u1ee7a ch\u00fang t\u00f4i nay \u0111\u00e3 \u0111\u01b0\u1ee3c trang tr\u00ed th\u00eam nh\u1eefng qu\u1ea3 Pom Pom r\u1ef1c r\u1ee1, mang \u0111\u1eadm kh\u00f4ng kh\u00ed l\u1ec5 h\u1ed9i. \u0110\u00e2y l\u00e0 lo\u1ea1i s\u1ee3i chenille c\u1ef1c k\u1ef3 m\u1ec1m m\u1ea1i, \u0111\u01b0\u1ee3c b\u1ecdc ngo\u00e0i b\u1eb1ng pom pom nylon, ch\u1eafc ch\u1eafn s\u1ebd mang l\u1ea1i s\u1ef1 n\u1ed5i b\u1eadt cho m\u1ecdi t\u00e1c ph\u1ea9m c\u1ee7a b\u1ea1n. S\u1ee3i c\u00f3 \u0111\u1ed9 d\u00e0y Super Bulky, ph\u00f9 h\u1ee3p cho c\u00e1c d\u1ef1 \u00e1n nhanh ch\u00f3ng, c\u00f3 th\u1ec3 s\u1eed d\u1ee5ng ri\u00eang l\u1ebb ho\u1eb7c k\u1ebft h\u1ee3p v\u1edbi c\u00e1c m\u00e0u tr\u01a1n Parfait\u00ae Chunky \u0111\u1ec3 th\u00eam ph\u1ea7n sinh \u0111\u1ed9ng cho d\u1ef1 \u00e1n c\u1ee7a b\u1ea1n. \u0110\u00e2y l\u00e0 lo\u1ea1i s\u1ee3i l\u00fd t\u01b0\u1edfng cho amigurumi, ch\u0103n v\u00e0 ph\u1ee5 ki\u1ec7n. S\u1ea3n ph\u1ea9m c\u00f3 s\u1eb5n 8 m\u00e0u s\u1eafc v\u00e0 c\u00f3 th\u1ec3 gi\u1eb7t m\u00e1y.<br \/>\nH\u00e3y tho\u1ea3i m\u00e1i s\u00e1ng t\u1ea1o v\u1edbi s\u1ef1 an t\u00e2m r\u1eb1ng lo\u1ea1i s\u1ee3i n\u00e0y an to\u00e0n cho m\u1ecdi ng\u01b0\u1eddi! S\u1ea3n ph\u1ea9m \u0111\u00e3 \u0111\u1ea1t ti\u00eau chu\u1ea9n cao nh\u1ea5t, ph\u00f9 h\u1ee3p \u0111\u1ec3 ti\u1ebfp x\u00fac tr\u1ef1c ti\u1ebfp v\u1edbi l\u00e0n da nh\u1ea1y c\u1ea3m nh\u1ea5t, k\u1ec3 c\u1ea3 tr\u1ebb s\u01a1 sinh v\u00e0 tr\u1ebb nh\u1ecf.<\/p>","protected":false},"excerpt":{"rendered":"<p>Our popular Parfait\u00ae Chunky yarn now comes with bright festive Pom Poms. It is an incredibly soft chenille yarn with<\/p>","protected":false},"featured_media":29143,"comment_status":"open","ping_status":"closed","template":"","meta":[],"product_brand":[],"product_cat":[37],"product_tag":[],"class_list":{"0":"post-29145","1":"product","2":"type-product","3":"status-publish","4":"has-post-thumbnail","6":"product_cat-washi-yarn","8":"first","9":"instock","10":"shipping-taxable","11":"purchasable","12":"product-type-simple"},"_links":{"self":[{"href":"https:\/\/sanqingniaoo.com\/vi\/wp-json\/wp\/v2\/product\/29145","targetHints":{"allow":["GET"]}}],"collection":[{"href":"https:\/\/sanqingniaoo.com\/vi\/wp-json\/wp\/v2\/product"}],"about":[{"href":"https:\/\/sanqingniaoo.com\/vi\/wp-json\/wp\/v2\/types\/product"}],"replies":[{"embeddable":true,"href":"https:\/\/sanqingniaoo.com\/vi\/wp-json\/wp\/v2\/comments?post=29145"}],"version-history":[{"count":0,"href":"https:\/\/sanqingniaoo.com\/vi\/wp-json\/wp\/v2\/product\/29145\/revisions"}],"wp:featuredmedia":[{"embeddable":true,"href":"https:\/\/sanqingniaoo.com\/vi\/wp-json\/wp\/v2\/media\/29143"}],"wp:attachment":[{"href":"https:\/\/sanqingniaoo.com\/vi\/wp-json\/wp\/v2\/media?parent=29145"}],"wp:term":[{"taxonomy":"product_brand","embeddable":true,"href":"https:\/\/sanqingniaoo.com\/vi\/wp-json\/wp\/v2\/product_brand?post=29145"},{"taxonomy":"product_cat","embeddable":true,"href":"https:\/\/sanqingniaoo.com\/vi\/wp-json\/wp\/v2\/product_cat?post=29145"},{"taxonomy":"product_tag","embeddable":true,"href":"https:\/\/sanqingniaoo.com\/vi\/wp-json\/wp\/v2\/product_tag?post=29145"}],"curies":[{"name":"wp","href":"https:\/\/api.w.org\/{rel}","templated":true}]}}