{"id":29149,"date":"2026-04-08T08:17:54","date_gmt":"2026-04-08T08:17:54","guid":{"rendered":"https:\/\/sanqingniaoo.com\/product\/stitch-please-superwash-dk-extra-fine-merino\/"},"modified":"2026-04-22T08:58:43","modified_gmt":"2026-04-22T08:58:43","slug":"stitch-please-superwash-dk-extra-fine-merino","status":"publish","type":"product","link":"https:\/\/sanqingniaoo.com\/vi\/san-pham\/stitch-please-superwash-dk-extra-fine-merino\/","title":{"rendered":"Stitch Please\u2122 Superwash DK - Len Merino si\u00eau m\u1ecbn"},"content":{"rendered":"<p>H\u00e3y t\u1ea1m bi\u1ec7t nh\u1eefng s\u1ee3i len th\u00f4 r\u00e1p v\u00e0 chi\u1ec1u chu\u1ed9ng \u0111\u00f4i tay b\u1ea1n v\u1edbi s\u1ee3i len merino si\u00eau m\u1ecbn m\u1ec1m m\u1ea1i nh\u1ea5t. Th\u00e0nh vi\u00ean m\u1edbi nh\u1ea5t c\u1ee7a gia \u0111\u00ecnh Stitch Please\u2122 n\u00e0y c\u00f3 \u0111\u1ed9 \u0111\u00e0n h\u1ed3i t\u1ed1t c\u00f9ng c\u1ea5u tr\u00fac xo\u1eafn ch\u1eb7t, mang l\u1ea1i \u0111\u1ed9 s\u1eafc n\u00e9t tuy\u1ec7t v\u1eddi cho c\u00e1c h\u1ecda ti\u1ebft b\u1ec7n, hoa v\u0103n, ren v\u00e0 m\u1ecdi ki\u1ec3u m\u0169i \u0111an! V\u1edbi 36 m\u00e0u s\u1eafc cho m\u1ecdi thi\u1ebft k\u1ebf, b\u1ea1n s\u1ebd th\u00edch th\u00fa khi l\u00e0m vi\u1ec7c v\u1edbi s\u1ee3i len merino si\u00eau m\u1ecbn 100% Superwash n\u00e0y. Lo\u1ea1i s\u1ee3i c\u00f3 tr\u1ecdng l\u01b0\u1ee3ng DK n\u00e0y c\u00f3 th\u1ec3 gi\u1eb7t m\u00e1y, r\u1ea5t ph\u00f9 h\u1ee3p \u0111\u1ec3 l\u00e0m \u00e1o len, kh\u0103n qu\u00e0ng c\u1ed5 v\u00e0 t\u1ea5t\u2026 \u00f4i tr\u1eddi \u01a1i!<br \/>\nH\u00e3y n\u00e2ng t\u1ea7m m\u1ecdi d\u1ef1 \u00e1n c\u1ee7a b\u1ea1n v\u1edbi lo\u1ea1i len merino tuy\u1ec7t v\u1eddi m\u1edbi c\u1ee7a ch\u00fang t\u00f4i!<br \/>\nH\u00e3y d\u00e0nh ch\u00fat th\u1eddi gian \u0111\u1ec3 th\u01b0 gi\u00e3n c\u00f9ng Stitch Please\u2122<\/p>","protected":false},"excerpt":{"rendered":"<p>Say goodbye to scratchy wool and treat your hands to the softest extra fine merino yarn. This newest member of<\/p>","protected":false},"featured_media":29148,"comment_status":"open","ping_status":"closed","template":"","meta":[],"product_brand":[],"product_cat":[37],"product_tag":[],"class_list":{"0":"post-29149","1":"product","2":"type-product","3":"status-publish","4":"has-post-thumbnail","6":"product_cat-washi-yarn","8":"first","9":"instock","10":"shipping-taxable","11":"purchasable","12":"product-type-simple"},"_links":{"self":[{"href":"https:\/\/sanqingniaoo.com\/vi\/wp-json\/wp\/v2\/product\/29149","targetHints":{"allow":["GET"]}}],"collection":[{"href":"https:\/\/sanqingniaoo.com\/vi\/wp-json\/wp\/v2\/product"}],"about":[{"href":"https:\/\/sanqingniaoo.com\/vi\/wp-json\/wp\/v2\/types\/product"}],"replies":[{"embeddable":true,"href":"https:\/\/sanqingniaoo.com\/vi\/wp-json\/wp\/v2\/comments?post=29149"}],"version-history":[{"count":0,"href":"https:\/\/sanqingniaoo.com\/vi\/wp-json\/wp\/v2\/product\/29149\/revisions"}],"wp:featuredmedia":[{"embeddable":true,"href":"https:\/\/sanqingniaoo.com\/vi\/wp-json\/wp\/v2\/media\/29148"}],"wp:attachment":[{"href":"https:\/\/sanqingniaoo.com\/vi\/wp-json\/wp\/v2\/media?parent=29149"}],"wp:term":[{"taxonomy":"product_brand","embeddable":true,"href":"https:\/\/sanqingniaoo.com\/vi\/wp-json\/wp\/v2\/product_brand?post=29149"},{"taxonomy":"product_cat","embeddable":true,"href":"https:\/\/sanqingniaoo.com\/vi\/wp-json\/wp\/v2\/product_cat?post=29149"},{"taxonomy":"product_tag","embeddable":true,"href":"https:\/\/sanqingniaoo.com\/vi\/wp-json\/wp\/v2\/product_tag?post=29149"}],"curies":[{"name":"wp","href":"https:\/\/api.w.org\/{rel}","templated":true}]}}