{"id":29154,"date":"2026-04-08T08:19:17","date_gmt":"2026-04-08T08:19:17","guid":{"rendered":"https:\/\/sanqingniaoo.com\/product\/bloom-chenille\/"},"modified":"2026-04-22T08:58:47","modified_gmt":"2026-04-22T08:58:47","slug":"bloom-chenille","status":"publish","type":"product","link":"https:\/\/sanqingniaoo.com\/vi\/san-pham\/bloom-chenille\/","title":{"rendered":"Bloom\u00ae Chenille"},"content":{"rendered":"<p>Bloom Chenille l\u00e0 th\u00e0nh vi\u00ean m\u1ec1m m\u1ea1i v\u00e0 \u1ea5m \u00e1p nh\u1ea5t trong gia \u0111\u00ecnh Bloom. S\u1ee3i chenille polyester 100% n\u00e0y c\u00f3 h\u1ecda ti\u1ebft hoa xinh x\u1eafn ph\u1ee7 kh\u1eafp b\u1ec1 m\u1eb7t. S\u1ea3n ph\u1ea9m l\u00fd t\u01b0\u1edfng \u0111\u1ec3 t\u1ea1o ra nh\u1eefng chi\u1ebfc ch\u0103n \u1ea5m \u00e1p, ph\u1ee5 ki\u1ec7n v\u00e0 \u0111\u1ed3 ch\u01a1i. S\u1ee3i n\u00e0y c\u00f3 th\u1ec3 gi\u1eb7t m\u00e1y n\u00ean r\u1ea5t d\u1ec5 b\u1ea3o qu\u1ea3n, r\u1ea5t th\u00edch h\u1ee3p \u0111\u1ec3 l\u00e0m qu\u00e0 t\u1eb7ng.<br \/>\nH\u00e3y tho\u1ea3i m\u00e1i s\u00e1ng t\u1ea1o v\u1edbi s\u1ef1 an t\u00e2m r\u1eb1ng lo\u1ea1i s\u1ee3i n\u00e0y ho\u00e0n to\u00e0n an to\u00e0n cho b\u1ea1n! S\u1ea3n ph\u1ea9m \u0111\u00e3 \u0111\u1ea1t ti\u00eau chu\u1ea9n cao nh\u1ea5t, ph\u00f9 h\u1ee3p \u0111\u1ec3 ti\u1ebfp x\u00fac tr\u1ef1c ti\u1ebfp v\u1edbi l\u00e0n da nh\u1ea1y c\u1ea3m nh\u1ea5t, k\u1ec3 c\u1ea3 da c\u1ee7a tr\u1ebb s\u01a1 sinh v\u00e0 tr\u1ebb nh\u1ecf.<br \/>\nN\u1ebfu b\u1ea1n mu\u1ed1n c\u00f3 \u0111\u01b0\u1ee3c ki\u1ec3u hoa v\u0103n g\u1ea7n gi\u1ed1ng v\u1edbi m\u1eabu, b\u1ea1n c\u1ea7n tu\u00e2n th\u1ee7 \u0111\u1ed9 d\u00e0y s\u1ee3i \u0111\u01b0\u1ee3c khuy\u1ebfn ngh\u1ecb.<\/p>","protected":false},"excerpt":{"rendered":"<p>Bloom Chenille is the softest and cuddliest member of the Bloom family. This 100% polyester chenille yarn features an adorable,<\/p>","protected":false},"featured_media":29152,"comment_status":"open","ping_status":"closed","template":"","meta":[],"product_brand":[],"product_cat":[46],"product_tag":[],"class_list":{"0":"post-29154","1":"product","2":"type-product","3":"status-publish","4":"has-post-thumbnail","6":"product_cat-synthetic-fiber","8":"first","9":"outofstock","10":"shipping-taxable","11":"purchasable","12":"product-type-simple"},"_links":{"self":[{"href":"https:\/\/sanqingniaoo.com\/vi\/wp-json\/wp\/v2\/product\/29154","targetHints":{"allow":["GET"]}}],"collection":[{"href":"https:\/\/sanqingniaoo.com\/vi\/wp-json\/wp\/v2\/product"}],"about":[{"href":"https:\/\/sanqingniaoo.com\/vi\/wp-json\/wp\/v2\/types\/product"}],"replies":[{"embeddable":true,"href":"https:\/\/sanqingniaoo.com\/vi\/wp-json\/wp\/v2\/comments?post=29154"}],"version-history":[{"count":0,"href":"https:\/\/sanqingniaoo.com\/vi\/wp-json\/wp\/v2\/product\/29154\/revisions"}],"wp:featuredmedia":[{"embeddable":true,"href":"https:\/\/sanqingniaoo.com\/vi\/wp-json\/wp\/v2\/media\/29152"}],"wp:attachment":[{"href":"https:\/\/sanqingniaoo.com\/vi\/wp-json\/wp\/v2\/media?parent=29154"}],"wp:term":[{"taxonomy":"product_brand","embeddable":true,"href":"https:\/\/sanqingniaoo.com\/vi\/wp-json\/wp\/v2\/product_brand?post=29154"},{"taxonomy":"product_cat","embeddable":true,"href":"https:\/\/sanqingniaoo.com\/vi\/wp-json\/wp\/v2\/product_cat?post=29154"},{"taxonomy":"product_tag","embeddable":true,"href":"https:\/\/sanqingniaoo.com\/vi\/wp-json\/wp\/v2\/product_tag?post=29154"}],"curies":[{"name":"wp","href":"https:\/\/api.w.org\/{rel}","templated":true}]}}