{"id":29157,"date":"2026-04-08T08:19:18","date_gmt":"2026-04-08T08:19:18","guid":{"rendered":"https:\/\/sanqingniaoo.com\/product\/sweet-roll-vivid\/"},"modified":"2026-04-22T08:59:14","modified_gmt":"2026-04-22T08:59:14","slug":"sweet-roll-vivid","status":"publish","type":"product","link":"https:\/\/sanqingniaoo.com\/vi\/san-pham\/sweet-roll-vivid\/","title":{"rendered":"Sweet Roll\u00ae S\u1eafc n\u00e9t"},"content":{"rendered":"<p>M\u1ed9t s\u1ef1 b\u1ed5 sung t\u01b0\u01a1i s\u00e1ng v\u00e0 r\u1ef1c r\u1ee1 cho d\u00f2ng s\u1ea3n ph\u1ea9m Sweet Roll\u00ae \u0111\u01b0\u1ee3c y\u00eau th\u00edch! Sweet Roll\u00ae Vivid l\u00e0 m\u1ed9t lo\u1ea1i s\u1ee3i th\u00fa v\u1ecb, m\u1ec1m m\u1ea1i v\u00e0 tuy\u1ec7t \u0111\u1eb9p, t\u1ea1o ra hi\u1ec7u \u1ee9ng s\u1ecdc t\u1ef1 nhi\u00ean khi b\u1ea1n \u0111an. Nh\u1eefng s\u1eafc th\u00e1i m\u1edbi tuy\u1ec7t \u0111\u1eb9p n\u00e0y tr\u00e0n ng\u1eadp m\u00e0u s\u1eafc v\u00e0 s\u1ee9c h\u00fat m\u00e3nh li\u1ec7t. Ch\u00fang ch\u1eafc ch\u1eafn s\u1ebd l\u00e0m b\u1eebng s\u00e1ng b\u1ea5t k\u1ef3 d\u1ef1 \u00e1n n\u00e0o b\u1ea1n \u0111ang th\u1ef1c hi\u1ec7n. Ho\u00e0n h\u1ea3o \u0111\u1ec3 t\u1ea1o ra nh\u1eefng chi\u1ebfc kh\u0103n qu\u00e0ng c\u1ed5, kh\u0103n cho\u00e0ng, ch\u0103n v\u00e0 b\u1ea5t k\u1ef3 d\u1ef1 \u00e1n n\u00e0o kh\u00e1c m\u00e0 b\u1ea1n c\u00f3 th\u1ec3 t\u01b0\u1edfng t\u01b0\u1ee3ng. K\u1ebft h\u1ee3p v\u1edbi Premier Basix\u00ae Worsted \u0111\u1ec3 ph\u1ed1i m\u00e0u tr\u01a1n ph\u00f9 h\u1ee3p.<br \/>\nH\u00e3y tho\u1ea3i m\u00e1i s\u00e1ng t\u1ea1o v\u1edbi s\u1ef1 an t\u00e2m r\u1eb1ng lo\u1ea1i s\u1ee3i n\u00e0y an to\u00e0n cho m\u1ecdi ng\u01b0\u1eddi! S\u1ea3n ph\u1ea9m \u0111\u00e3 \u0111\u1ea1t ti\u00eau chu\u1ea9n cao nh\u1ea5t, ph\u00f9 h\u1ee3p \u0111\u1ec3 ti\u1ebfp x\u00fac tr\u1ef1c ti\u1ebfp v\u1edbi l\u00e0n da nh\u1ea1y c\u1ea3m nh\u1ea5t, k\u1ec3 c\u1ea3 tr\u1ebb s\u01a1 sinh v\u00e0 tr\u1ebb nh\u1ecf.<\/p>","protected":false},"excerpt":{"rendered":"<p>A bright and vibrant addition to the much-loved Sweet Roll\u00ae family! Sweet Roll\u00ae Vivid is an exciting, soft, and gorgeous<\/p>","protected":false},"featured_media":29156,"comment_status":"open","ping_status":"closed","template":"","meta":[],"product_brand":[],"product_cat":[46],"product_tag":[],"class_list":{"0":"post-29157","1":"product","2":"type-product","3":"status-publish","4":"has-post-thumbnail","6":"product_cat-synthetic-fiber","8":"first","9":"instock","10":"shipping-taxable","11":"purchasable","12":"product-type-simple"},"_links":{"self":[{"href":"https:\/\/sanqingniaoo.com\/vi\/wp-json\/wp\/v2\/product\/29157","targetHints":{"allow":["GET"]}}],"collection":[{"href":"https:\/\/sanqingniaoo.com\/vi\/wp-json\/wp\/v2\/product"}],"about":[{"href":"https:\/\/sanqingniaoo.com\/vi\/wp-json\/wp\/v2\/types\/product"}],"replies":[{"embeddable":true,"href":"https:\/\/sanqingniaoo.com\/vi\/wp-json\/wp\/v2\/comments?post=29157"}],"version-history":[{"count":0,"href":"https:\/\/sanqingniaoo.com\/vi\/wp-json\/wp\/v2\/product\/29157\/revisions"}],"wp:featuredmedia":[{"embeddable":true,"href":"https:\/\/sanqingniaoo.com\/vi\/wp-json\/wp\/v2\/media\/29156"}],"wp:attachment":[{"href":"https:\/\/sanqingniaoo.com\/vi\/wp-json\/wp\/v2\/media?parent=29157"}],"wp:term":[{"taxonomy":"product_brand","embeddable":true,"href":"https:\/\/sanqingniaoo.com\/vi\/wp-json\/wp\/v2\/product_brand?post=29157"},{"taxonomy":"product_cat","embeddable":true,"href":"https:\/\/sanqingniaoo.com\/vi\/wp-json\/wp\/v2\/product_cat?post=29157"},{"taxonomy":"product_tag","embeddable":true,"href":"https:\/\/sanqingniaoo.com\/vi\/wp-json\/wp\/v2\/product_tag?post=29157"}],"curies":[{"name":"wp","href":"https:\/\/api.w.org\/{rel}","templated":true}]}}