{"id":29160,"date":"2026-04-08T08:19:18","date_gmt":"2026-04-08T08:19:18","guid":{"rendered":"https:\/\/sanqingniaoo.com\/product\/basix-mosaic\/"},"modified":"2026-04-22T08:59:41","modified_gmt":"2026-04-22T08:59:41","slug":"basix-mosaic","status":"publish","type":"product","link":"https:\/\/sanqingniaoo.com\/vi\/san-pham\/basix-mosaic\/","title":{"rendered":"Basix\u00ae Mosaic"},"content":{"rendered":"<p>Everything you love about our Basix Worsted, now in multicolored, marled Mosaic! Multiple colors are spun together creating a fun and exciting combinations. Machine washable and dryable for easy gift giving.<br \/>\nH\u00e3y tho\u1ea3i m\u00e1i s\u00e1ng t\u1ea1o v\u1edbi s\u1ef1 an t\u00e2m r\u1eb1ng lo\u1ea1i s\u1ee3i n\u00e0y ho\u00e0n to\u00e0n an to\u00e0n cho b\u1ea1n! S\u1ea3n ph\u1ea9m \u0111\u00e3 \u0111\u1ea1t ti\u00eau chu\u1ea9n cao nh\u1ea5t, ph\u00f9 h\u1ee3p \u0111\u1ec3 ti\u1ebfp x\u00fac tr\u1ef1c ti\u1ebfp v\u1edbi l\u00e0n da nh\u1ea1y c\u1ea3m nh\u1ea5t, k\u1ec3 c\u1ea3 da c\u1ee7a tr\u1ebb s\u01a1 sinh v\u00e0 tr\u1ebb nh\u1ecf.<\/p>","protected":false},"excerpt":{"rendered":"<p>Everything you love about our Basix Worsted, now in multicolored, marled Mosaic! Multiple colors are spun together creating a fun<\/p>","protected":false},"featured_media":29158,"comment_status":"open","ping_status":"closed","template":"","meta":[],"product_brand":[],"product_cat":[46],"product_tag":[],"class_list":{"0":"post-29160","1":"product","2":"type-product","3":"status-publish","4":"has-post-thumbnail","6":"product_cat-synthetic-fiber","8":"first","9":"instock","10":"shipping-taxable","11":"purchasable","12":"product-type-simple"},"_links":{"self":[{"href":"https:\/\/sanqingniaoo.com\/vi\/wp-json\/wp\/v2\/product\/29160","targetHints":{"allow":["GET"]}}],"collection":[{"href":"https:\/\/sanqingniaoo.com\/vi\/wp-json\/wp\/v2\/product"}],"about":[{"href":"https:\/\/sanqingniaoo.com\/vi\/wp-json\/wp\/v2\/types\/product"}],"replies":[{"embeddable":true,"href":"https:\/\/sanqingniaoo.com\/vi\/wp-json\/wp\/v2\/comments?post=29160"}],"version-history":[{"count":0,"href":"https:\/\/sanqingniaoo.com\/vi\/wp-json\/wp\/v2\/product\/29160\/revisions"}],"wp:featuredmedia":[{"embeddable":true,"href":"https:\/\/sanqingniaoo.com\/vi\/wp-json\/wp\/v2\/media\/29158"}],"wp:attachment":[{"href":"https:\/\/sanqingniaoo.com\/vi\/wp-json\/wp\/v2\/media?parent=29160"}],"wp:term":[{"taxonomy":"product_brand","embeddable":true,"href":"https:\/\/sanqingniaoo.com\/vi\/wp-json\/wp\/v2\/product_brand?post=29160"},{"taxonomy":"product_cat","embeddable":true,"href":"https:\/\/sanqingniaoo.com\/vi\/wp-json\/wp\/v2\/product_cat?post=29160"},{"taxonomy":"product_tag","embeddable":true,"href":"https:\/\/sanqingniaoo.com\/vi\/wp-json\/wp\/v2\/product_tag?post=29160"}],"curies":[{"name":"wp","href":"https:\/\/api.w.org\/{rel}","templated":true}]}}