{"id":29167,"date":"2026-04-08T08:19:20","date_gmt":"2026-04-08T08:19:20","guid":{"rendered":"https:\/\/sanqingniaoo.com\/product\/bloom-chunky-big-200g\/"},"modified":"2026-04-22T08:58:55","modified_gmt":"2026-04-22T08:58:55","slug":"bloom-chunky-big-200g","status":"publish","type":"product","link":"https:\/\/sanqingniaoo.com\/vi\/san-pham\/bloom-chunky-big-200g\/","title":{"rendered":"Bloom\u00ae Chunky Big 200g"},"content":{"rendered":"<p>Now in a bigger size for less ends to weave together! Fun, functional, and fast, Bloom Chunky creates almost effortless colorwork with a self-patterning floral or dot print, at any gauge*, in knit or crochet. Ideal for beginners, machine-washable, and snuggly soft &#8211;\u00a0 making it the perfect choice for quick and easy accessories and home decor for yourself or someone special.<br \/>\nN\u1ebfu b\u1ea1n mu\u1ed1n c\u00f3 \u0111\u01b0\u1ee3c ki\u1ec3u hoa v\u0103n g\u1ea7n gi\u1ed1ng v\u1edbi m\u1eabu, b\u1ea1n c\u1ea7n tu\u00e2n th\u1ee7 \u0111\u1ed9 d\u00e0y s\u1ee3i \u0111\u01b0\u1ee3c khuy\u1ebfn ngh\u1ecb.<br \/>\nSo s\u00e1nh gi\u1eefa \u0111an v\u00e0 m\u00f3c v\u1edbi Bloom\u00ae \u2013 Ch\u00fang t\u00f4i khuy\u00ean b\u1ea1n n\u00ean s\u1eed d\u1ee5ng m\u0169i m\u00f3c \u0111\u01a1n theo \u0111\u1ed9 d\u00e0y s\u1ee3i \u0111\u01b0\u1ee3c li\u1ec7t k\u00ea \u1edf tr\u00ean \u0111\u1ec3 \u0111\u1ea1t \u0111\u01b0\u1ee3c k\u1ebft qu\u1ea3 t\u1ed1t nh\u1ea5t khi m\u00f3c v\u1edbi lo\u1ea1i s\u1ee3i n\u00e0y. H\u00e3y l\u01b0u \u00fd r\u1eb1ng, s\u1ea3n ph\u1ea9m m\u00f3c th\u00e0nh ph\u1ea9m c\u1ee7a b\u1ea1n s\u1ebd tr\u00f4ng kh\u00e1c so v\u1edbi s\u1ea3n ph\u1ea9m \u0111an th\u00e0nh ph\u1ea9m, do c\u00e1c m\u0169i m\u00f3c c\u00f3 \u0111\u1ed9 r\u1ed9ng v\u00e0 chi\u1ec1u cao r\u1ea5t kh\u00e1c nhau, trong khi c\u00e1c m\u0169i \u0111an l\u1ea1i \u0111\u1ed3ng \u0111\u1ec1u h\u01a1n.<\/p>","protected":false},"excerpt":{"rendered":"<p>Now in a bigger size for less ends to weave together! Fun, functional, and fast, Bloom Chunky creates almost effortless<\/p>","protected":false},"featured_media":29165,"comment_status":"open","ping_status":"closed","template":"","meta":[],"product_brand":[],"product_cat":[46],"product_tag":[],"class_list":{"0":"post-29167","1":"product","2":"type-product","3":"status-publish","4":"has-post-thumbnail","6":"product_cat-synthetic-fiber","8":"first","9":"instock","10":"shipping-taxable","11":"purchasable","12":"product-type-simple"},"_links":{"self":[{"href":"https:\/\/sanqingniaoo.com\/vi\/wp-json\/wp\/v2\/product\/29167","targetHints":{"allow":["GET"]}}],"collection":[{"href":"https:\/\/sanqingniaoo.com\/vi\/wp-json\/wp\/v2\/product"}],"about":[{"href":"https:\/\/sanqingniaoo.com\/vi\/wp-json\/wp\/v2\/types\/product"}],"replies":[{"embeddable":true,"href":"https:\/\/sanqingniaoo.com\/vi\/wp-json\/wp\/v2\/comments?post=29167"}],"version-history":[{"count":0,"href":"https:\/\/sanqingniaoo.com\/vi\/wp-json\/wp\/v2\/product\/29167\/revisions"}],"wp:featuredmedia":[{"embeddable":true,"href":"https:\/\/sanqingniaoo.com\/vi\/wp-json\/wp\/v2\/media\/29165"}],"wp:attachment":[{"href":"https:\/\/sanqingniaoo.com\/vi\/wp-json\/wp\/v2\/media?parent=29167"}],"wp:term":[{"taxonomy":"product_brand","embeddable":true,"href":"https:\/\/sanqingniaoo.com\/vi\/wp-json\/wp\/v2\/product_brand?post=29167"},{"taxonomy":"product_cat","embeddable":true,"href":"https:\/\/sanqingniaoo.com\/vi\/wp-json\/wp\/v2\/product_cat?post=29167"},{"taxonomy":"product_tag","embeddable":true,"href":"https:\/\/sanqingniaoo.com\/vi\/wp-json\/wp\/v2\/product_tag?post=29167"}],"curies":[{"name":"wp","href":"https:\/\/api.w.org\/{rel}","templated":true}]}}