{"id":29171,"date":"2026-04-08T08:19:21","date_gmt":"2026-04-08T08:19:21","guid":{"rendered":"https:\/\/sanqingniaoo.com\/product\/stitch-please-superwash-worsted\/"},"modified":"2026-04-22T08:59:47","modified_gmt":"2026-04-22T08:59:47","slug":"stitch-please-superwash-worsted","status":"publish","type":"product","link":"https:\/\/sanqingniaoo.com\/vi\/san-pham\/stitch-please-superwash-worsted\/","title":{"rendered":"Stitch Please\u2122 - S\u1ee3i len Worsted si\u00eau m\u1ec1m"},"content":{"rendered":"<p>Stitch Please Superwash Worsted s\u1edf h\u1eefu t\u1ea5t c\u1ea3 nh\u1eefng \u0111\u1eb7c \u0111i\u1ec3m m\u00e0 b\u1ea1n y\u00eau th\u00edch \u1edf s\u1ee3i len lo\u1ea1i worsted, nh\u01b0ng l\u1ea1i c\u00f3 th\u1ec3 gi\u1eb7t v\u00e0 s\u1ea5y b\u1eb1ng m\u00e1y! Lo\u1ea1i s\u1ee3i n\u00e0y c\u00f3 h\u00ecnh d\u00e1ng tr\u00f2n tr\u1ecba tuy\u1ec7t \u0111\u1eb9p c\u00f9ng k\u1ebft c\u1ea5u \u0111\u00e0n h\u1ed3i, gi\u00fap t\u1ea1o n\u00ean nh\u1eefng \u0111\u01b0\u1eddng kim r\u00f5 n\u00e9t v\u00e0 tinh t\u1ebf. H\u00e3y t\u1ea1o ra nh\u1eefng b\u1ed9 trang ph\u1ee5c v\u00e0 ph\u1ee5 ki\u1ec7n \u0111\u1eb9p m\u1eaft, b\u1ec1n b\u1ec9 v\u00e0 d\u1ec5 d\u00e0ng b\u1ea3o qu\u1ea3n. H\u00e3y d\u00e0nh ch\u00fat th\u1eddi gian \u0111\u1ec3 th\u01b0 gi\u00e3n c\u00f9ng Stitch Please.<\/p>","protected":false},"excerpt":{"rendered":"<p>Stitch Please Superwash Worsted is everything you love about worsted weight wool yarn, but machine washable and dryable! This yarn<\/p>","protected":false},"featured_media":29169,"comment_status":"open","ping_status":"closed","template":"","meta":[],"product_brand":[],"product_cat":[46],"product_tag":[],"class_list":{"0":"post-29171","1":"product","2":"type-product","3":"status-publish","4":"has-post-thumbnail","6":"product_cat-synthetic-fiber","8":"first","9":"instock","10":"shipping-taxable","11":"purchasable","12":"product-type-simple"},"_links":{"self":[{"href":"https:\/\/sanqingniaoo.com\/vi\/wp-json\/wp\/v2\/product\/29171","targetHints":{"allow":["GET"]}}],"collection":[{"href":"https:\/\/sanqingniaoo.com\/vi\/wp-json\/wp\/v2\/product"}],"about":[{"href":"https:\/\/sanqingniaoo.com\/vi\/wp-json\/wp\/v2\/types\/product"}],"replies":[{"embeddable":true,"href":"https:\/\/sanqingniaoo.com\/vi\/wp-json\/wp\/v2\/comments?post=29171"}],"version-history":[{"count":0,"href":"https:\/\/sanqingniaoo.com\/vi\/wp-json\/wp\/v2\/product\/29171\/revisions"}],"wp:featuredmedia":[{"embeddable":true,"href":"https:\/\/sanqingniaoo.com\/vi\/wp-json\/wp\/v2\/media\/29169"}],"wp:attachment":[{"href":"https:\/\/sanqingniaoo.com\/vi\/wp-json\/wp\/v2\/media?parent=29171"}],"wp:term":[{"taxonomy":"product_brand","embeddable":true,"href":"https:\/\/sanqingniaoo.com\/vi\/wp-json\/wp\/v2\/product_brand?post=29171"},{"taxonomy":"product_cat","embeddable":true,"href":"https:\/\/sanqingniaoo.com\/vi\/wp-json\/wp\/v2\/product_cat?post=29171"},{"taxonomy":"product_tag","embeddable":true,"href":"https:\/\/sanqingniaoo.com\/vi\/wp-json\/wp\/v2\/product_tag?post=29171"}],"curies":[{"name":"wp","href":"https:\/\/api.w.org\/{rel}","templated":true}]}}