{"id":29173,"date":"2026-04-08T08:19:21","date_gmt":"2026-04-08T08:19:21","guid":{"rendered":"https:\/\/sanqingniaoo.com\/product\/colorfusion-dk\/"},"modified":"2026-04-22T08:59:34","modified_gmt":"2026-04-22T08:59:34","slug":"colorfusion-dk","status":"publish","type":"product","link":"https:\/\/sanqingniaoo.com\/vi\/san-pham\/colorfusion-dk\/","title":{"rendered":"Colorfusion\u2122 DK"},"content":{"rendered":"<p>Lo\u1ea1i s\u1ee3i acrylic 100% c\u00f3 \u0111\u1ed9 d\u00e0y DK n\u00e0y l\u00e0 l\u1ef1a ch\u1ecdn l\u00fd t\u01b0\u1edfng cho c\u00e1c d\u1ef1 \u00e1n \u0111an v\u00e0 m\u00f3c len m\u1ec1m m\u1ea1i, d\u1ec5 ch\u0103m s\u00f3c. V\u1edbi c\u00f9ng b\u1ea3ng m\u00e0u s\u1ecdc t\u1ef1 nhi\u00ean tuy\u1ec7t \u0111\u1eb9p nh\u01b0 d\u00f2ng Colorfusion Chunky, s\u1ea3n ph\u1ea9m n\u00e0y gi\u00fap b\u1ea1n d\u1ec5 d\u00e0ng t\u1ea1o ra nh\u1eefng t\u00e1c ph\u1ea9m \u0111\u1ea7y m\u00e0u s\u1eafc.<br \/>\nH\u00e3y tho\u1ea3i m\u00e1i s\u00e1ng t\u1ea1o v\u1edbi s\u1ef1 an t\u00e2m r\u1eb1ng lo\u1ea1i s\u1ee3i n\u00e0y an to\u00e0n cho m\u1ecdi ng\u01b0\u1eddi! S\u1ea3n ph\u1ea9m \u0111\u00e3 \u0111\u1ea1t ti\u00eau chu\u1ea9n cao nh\u1ea5t, ph\u00f9 h\u1ee3p \u0111\u1ec3 ti\u1ebfp x\u00fac tr\u1ef1c ti\u1ebfp v\u1edbi l\u00e0n da nh\u1ea1y c\u1ea3m nh\u1ea5t, k\u1ec3 c\u1ea3 tr\u1ebb s\u01a1 sinh v\u00e0 tr\u1ebb nh\u1ecf.<\/p>","protected":false},"excerpt":{"rendered":"<p>This DK weight 100% acrylic is perfect for soft, easy-care, knit and crochet projects. Featuring the same gorgeous range of<\/p>","protected":false},"featured_media":29172,"comment_status":"open","ping_status":"closed","template":"","meta":[],"product_brand":[],"product_cat":[46],"product_tag":[],"class_list":{"0":"post-29173","1":"product","2":"type-product","3":"status-publish","4":"has-post-thumbnail","6":"product_cat-synthetic-fiber","8":"first","9":"instock","10":"shipping-taxable","11":"purchasable","12":"product-type-simple"},"_links":{"self":[{"href":"https:\/\/sanqingniaoo.com\/vi\/wp-json\/wp\/v2\/product\/29173","targetHints":{"allow":["GET"]}}],"collection":[{"href":"https:\/\/sanqingniaoo.com\/vi\/wp-json\/wp\/v2\/product"}],"about":[{"href":"https:\/\/sanqingniaoo.com\/vi\/wp-json\/wp\/v2\/types\/product"}],"replies":[{"embeddable":true,"href":"https:\/\/sanqingniaoo.com\/vi\/wp-json\/wp\/v2\/comments?post=29173"}],"version-history":[{"count":0,"href":"https:\/\/sanqingniaoo.com\/vi\/wp-json\/wp\/v2\/product\/29173\/revisions"}],"wp:featuredmedia":[{"embeddable":true,"href":"https:\/\/sanqingniaoo.com\/vi\/wp-json\/wp\/v2\/media\/29172"}],"wp:attachment":[{"href":"https:\/\/sanqingniaoo.com\/vi\/wp-json\/wp\/v2\/media?parent=29173"}],"wp:term":[{"taxonomy":"product_brand","embeddable":true,"href":"https:\/\/sanqingniaoo.com\/vi\/wp-json\/wp\/v2\/product_brand?post=29173"},{"taxonomy":"product_cat","embeddable":true,"href":"https:\/\/sanqingniaoo.com\/vi\/wp-json\/wp\/v2\/product_cat?post=29173"},{"taxonomy":"product_tag","embeddable":true,"href":"https:\/\/sanqingniaoo.com\/vi\/wp-json\/wp\/v2\/product_tag?post=29173"}],"curies":[{"name":"wp","href":"https:\/\/api.w.org\/{rel}","templated":true}]}}