{"id":29175,"date":"2026-04-08T08:19:22","date_gmt":"2026-04-08T08:19:22","guid":{"rendered":"https:\/\/sanqingniaoo.com\/product\/cotton-sprout-dk-2\/"},"modified":"2026-04-22T08:59:30","modified_gmt":"2026-04-22T08:59:30","slug":"cotton-sprout-dk-2","status":"publish","type":"product","link":"https:\/\/sanqingniaoo.com\/vi\/san-pham\/cotton-sprout-dk-2\/","title":{"rendered":"Cotton Sprout\u00ae DK"},"content":{"rendered":"","protected":false},"excerpt":{"rendered":"<p>S\u1ee3i b\u00f4ng 100% n\u00e0y c\u00f3 c\u1ea3m gi\u00e1c m\u1ec1m m\u1ea1i khi ch\u1ea1m v\u00e0o v\u00e0 s\u1edf h\u1eefu b\u1ea3ng m\u00e0u t\u01b0\u01a1i s\u00e1ng, r\u1ef1c r\u1ee1 cho m\u00f9a Xu\u00e2n v\u00e0 H\u00e8. R\u1ea5t ph\u00f9 h\u1ee3p \u0111\u1ec3 may qu\u1ea7n \u00e1o v\u00e0 ph\u1ee5 ki\u1ec7n, s\u1ee3i b\u00f4ng t\u1ef1 nhi\u00ean n\u00e0y c\u00f3 th\u1ec3 gi\u1eb7t b\u1eb1ng m\u00e1y v\u00e0 gi\u00fap c\u00e1c s\u1ea3n ph\u1ea9m may m\u1eb7c b\u1ec1n \u0111\u1eb9p theo th\u1eddi gian.<\/p>","protected":false},"featured_media":29174,"comment_status":"open","ping_status":"closed","template":"","meta":[],"product_brand":[],"product_cat":[46],"product_tag":[],"class_list":{"0":"post-29175","1":"product","2":"type-product","3":"status-publish","4":"has-post-thumbnail","6":"product_cat-synthetic-fiber","8":"first","9":"instock","10":"shipping-taxable","11":"purchasable","12":"product-type-simple"},"_links":{"self":[{"href":"https:\/\/sanqingniaoo.com\/vi\/wp-json\/wp\/v2\/product\/29175","targetHints":{"allow":["GET"]}}],"collection":[{"href":"https:\/\/sanqingniaoo.com\/vi\/wp-json\/wp\/v2\/product"}],"about":[{"href":"https:\/\/sanqingniaoo.com\/vi\/wp-json\/wp\/v2\/types\/product"}],"replies":[{"embeddable":true,"href":"https:\/\/sanqingniaoo.com\/vi\/wp-json\/wp\/v2\/comments?post=29175"}],"version-history":[{"count":0,"href":"https:\/\/sanqingniaoo.com\/vi\/wp-json\/wp\/v2\/product\/29175\/revisions"}],"wp:featuredmedia":[{"embeddable":true,"href":"https:\/\/sanqingniaoo.com\/vi\/wp-json\/wp\/v2\/media\/29174"}],"wp:attachment":[{"href":"https:\/\/sanqingniaoo.com\/vi\/wp-json\/wp\/v2\/media?parent=29175"}],"wp:term":[{"taxonomy":"product_brand","embeddable":true,"href":"https:\/\/sanqingniaoo.com\/vi\/wp-json\/wp\/v2\/product_brand?post=29175"},{"taxonomy":"product_cat","embeddable":true,"href":"https:\/\/sanqingniaoo.com\/vi\/wp-json\/wp\/v2\/product_cat?post=29175"},{"taxonomy":"product_tag","embeddable":true,"href":"https:\/\/sanqingniaoo.com\/vi\/wp-json\/wp\/v2\/product_tag?post=29175"}],"curies":[{"name":"wp","href":"https:\/\/api.w.org\/{rel}","templated":true}]}}