{"id":29181,"date":"2026-04-08T08:19:23","date_gmt":"2026-04-08T08:19:23","guid":{"rendered":"https:\/\/sanqingniaoo.com\/product\/basix-chunky\/"},"modified":"2026-04-22T09:15:04","modified_gmt":"2026-04-22T09:15:04","slug":"basix-chunky","status":"publish","type":"product","link":"https:\/\/sanqingniaoo.com\/vi\/san-pham\/basix-chunky\/","title":{"rendered":"Basix\u00ae Chunky"},"content":{"rendered":"<p>S\u1ee3i Basix c\u1ee7a ch\u00fang t\u00f4i c\u00f3 tr\u1ecdng l\u01b0\u1ee3ng d\u00e0y d\u1eb7n, mang l\u1ea1i gi\u00e1 tr\u1ecb v\u00e0 ch\u1ea5t l\u01b0\u1ee3ng tuy\u1ec7t v\u1eddi. S\u1ea3n ph\u1ea9m n\u00e0y r\u1ea5t l\u00fd t\u01b0\u1edfng \u0111\u1ec3 th\u1ef1c hi\u1ec7n c\u00e1c d\u1ef1 \u00e1n th\u1ee7 c\u00f4ng nhanh ch\u00f3ng, d\u00f9ng \u0111\u1ec3 gi\u1eef l\u1ea1i ho\u1eb7c l\u00e0m qu\u00e0 t\u1eb7ng. V\u1edbi b\u1ea3ng m\u00e0u v\u00f4 c\u00f9ng \u0111a d\u1ea1ng, b\u1ea1n s\u1ebd d\u1ec5 d\u00e0ng t\u00ecm \u0111\u01b0\u1ee3c t\u00f4ng m\u00e0u ho\u00e0n h\u1ea3o cho c\u00e1c t\u00e1c ph\u1ea9m c\u1ee7a m\u00ecnh. S\u1ee3i c\u00f3 th\u1ec3 gi\u1eb7t v\u00e0 s\u1ea5y b\u1eb1ng m\u00e1y, r\u1ea5t ti\u1ec7n l\u1ee3i khi l\u00e0m qu\u00e0 t\u1eb7ng.<br \/>\nH\u00e3y tho\u1ea3i m\u00e1i s\u00e1ng t\u1ea1o v\u1edbi s\u1ef1 an t\u00e2m r\u1eb1ng lo\u1ea1i s\u1ee3i n\u00e0y ho\u00e0n to\u00e0n an to\u00e0n cho b\u1ea1n! S\u1ea3n ph\u1ea9m \u0111\u00e3 \u0111\u1ea1t ti\u00eau chu\u1ea9n cao nh\u1ea5t, ph\u00f9 h\u1ee3p \u0111\u1ec3 ti\u1ebfp x\u00fac tr\u1ef1c ti\u1ebfp v\u1edbi l\u00e0n da nh\u1ea1y c\u1ea3m nh\u1ea5t, k\u1ec3 c\u1ea3 da c\u1ee7a tr\u1ebb s\u01a1 sinh v\u00e0 tr\u1ebb nh\u1ecf.<\/p>","protected":false},"excerpt":{"rendered":"<p>The great value and quality of our Basix yarn in bulky weight. Perfect for crafting quick projects to keep or<\/p>","protected":false},"featured_media":29179,"comment_status":"open","ping_status":"closed","template":"","meta":[],"product_brand":[],"product_cat":[46],"product_tag":[],"class_list":{"0":"post-29181","1":"product","2":"type-product","3":"status-publish","4":"has-post-thumbnail","6":"product_cat-synthetic-fiber","8":"first","9":"instock","10":"shipping-taxable","11":"purchasable","12":"product-type-simple"},"_links":{"self":[{"href":"https:\/\/sanqingniaoo.com\/vi\/wp-json\/wp\/v2\/product\/29181","targetHints":{"allow":["GET"]}}],"collection":[{"href":"https:\/\/sanqingniaoo.com\/vi\/wp-json\/wp\/v2\/product"}],"about":[{"href":"https:\/\/sanqingniaoo.com\/vi\/wp-json\/wp\/v2\/types\/product"}],"replies":[{"embeddable":true,"href":"https:\/\/sanqingniaoo.com\/vi\/wp-json\/wp\/v2\/comments?post=29181"}],"version-history":[{"count":0,"href":"https:\/\/sanqingniaoo.com\/vi\/wp-json\/wp\/v2\/product\/29181\/revisions"}],"wp:featuredmedia":[{"embeddable":true,"href":"https:\/\/sanqingniaoo.com\/vi\/wp-json\/wp\/v2\/media\/29179"}],"wp:attachment":[{"href":"https:\/\/sanqingniaoo.com\/vi\/wp-json\/wp\/v2\/media?parent=29181"}],"wp:term":[{"taxonomy":"product_brand","embeddable":true,"href":"https:\/\/sanqingniaoo.com\/vi\/wp-json\/wp\/v2\/product_brand?post=29181"},{"taxonomy":"product_cat","embeddable":true,"href":"https:\/\/sanqingniaoo.com\/vi\/wp-json\/wp\/v2\/product_cat?post=29181"},{"taxonomy":"product_tag","embeddable":true,"href":"https:\/\/sanqingniaoo.com\/vi\/wp-json\/wp\/v2\/product_tag?post=29181"}],"curies":[{"name":"wp","href":"https:\/\/api.w.org\/{rel}","templated":true}]}}