{"id":29183,"date":"2026-04-08T08:19:24","date_gmt":"2026-04-08T08:19:24","guid":{"rendered":"https:\/\/sanqingniaoo.com\/product\/parfait-chunky\/"},"modified":"2026-04-22T09:15:00","modified_gmt":"2026-04-22T09:15:00","slug":"parfait-chunky","status":"publish","type":"product","link":"https:\/\/sanqingniaoo.com\/vi\/san-pham\/parfait-chunky\/","title":{"rendered":"Parfait\u00ae Mi\u1ebfng to"},"content":{"rendered":"<p>S\u1ee3i chenille polyester 100% \u0111\u00e3 \u0111\u01b0\u1ee3c ki\u1ec3m ch\u1ee9ng v\u00e0 tin d\u00f9ng c\u1ee7a ch\u00fang t\u00f4i l\u00e0 s\u1ea3n ph\u1ea9m \u0111\u01b0\u1ee3c kh\u00e1ch h\u00e0ng y\u00eau th\u00edch nh\u1ea5t! C\u00f3 th\u1ec3 gi\u1eb7t m\u00e1y v\u00e0 c\u1ef1c k\u1ef3 m\u1ec1m m\u1ea1i, b\u1ea1n s\u1ebd kh\u00f4ng th\u1ec3 c\u01b0\u1ee1ng l\u1ea1i s\u1ee9c h\u1ea5p d\u1eabn c\u1ee7a lo\u1ea1i s\u1ee3i n\u00e0y. H\u00e3y d\u00f9ng n\u00f3 \u0111\u1ec3 \u0111an ho\u1eb7c m\u00f3c nh\u1eefng chi\u1ebfc ch\u0103n, kh\u0103n qu\u00e0ng c\u1ed5 v\u00e0 \u0111\u1ed3 ch\u01a1i m\u00e0 ai c\u0169ng mu\u1ed1n \u00f4m \u1ea5p. V\u1edbi b\u1ea3ng m\u00e0u \u0111a d\u1ea1ng c\u1ee7a ch\u00fang t\u00f4i, b\u1ea1n ch\u1eafc ch\u1eafn s\u1ebd t\u00ecm \u0111\u01b0\u1ee3c t\u00f4ng m\u00e0u ho\u00e0n h\u1ea3o.<br \/>\nH\u00e3y tho\u1ea3i m\u00e1i s\u00e1ng t\u1ea1o v\u1edbi s\u1ef1 an t\u00e2m r\u1eb1ng lo\u1ea1i s\u1ee3i n\u00e0y an to\u00e0n cho m\u1ecdi ng\u01b0\u1eddi! S\u1ea3n ph\u1ea9m \u0111\u00e3 \u0111\u1ea1t ti\u00eau chu\u1ea9n cao nh\u1ea5t, ph\u00f9 h\u1ee3p \u0111\u1ec3 ti\u1ebfp x\u00fac tr\u1ef1c ti\u1ebfp v\u1edbi l\u00e0n da nh\u1ea1y c\u1ea3m nh\u1ea5t, k\u1ec3 c\u1ea3 tr\u1ebb s\u01a1 sinh v\u00e0 tr\u1ebb nh\u1ecf.<\/p>","protected":false},"excerpt":{"rendered":"<p>Our tried and true 100% polyester chenille yarn is a customer favorite! Machine washable, and incredibly soft, you\u2019ll find this<\/p>","protected":false},"featured_media":29182,"comment_status":"open","ping_status":"closed","template":"","meta":[],"product_brand":[],"product_cat":[46],"product_tag":[],"class_list":{"0":"post-29183","1":"product","2":"type-product","3":"status-publish","4":"has-post-thumbnail","6":"product_cat-synthetic-fiber","8":"first","9":"instock","10":"shipping-taxable","11":"purchasable","12":"product-type-simple"},"_links":{"self":[{"href":"https:\/\/sanqingniaoo.com\/vi\/wp-json\/wp\/v2\/product\/29183","targetHints":{"allow":["GET"]}}],"collection":[{"href":"https:\/\/sanqingniaoo.com\/vi\/wp-json\/wp\/v2\/product"}],"about":[{"href":"https:\/\/sanqingniaoo.com\/vi\/wp-json\/wp\/v2\/types\/product"}],"replies":[{"embeddable":true,"href":"https:\/\/sanqingniaoo.com\/vi\/wp-json\/wp\/v2\/comments?post=29183"}],"version-history":[{"count":0,"href":"https:\/\/sanqingniaoo.com\/vi\/wp-json\/wp\/v2\/product\/29183\/revisions"}],"wp:featuredmedia":[{"embeddable":true,"href":"https:\/\/sanqingniaoo.com\/vi\/wp-json\/wp\/v2\/media\/29182"}],"wp:attachment":[{"href":"https:\/\/sanqingniaoo.com\/vi\/wp-json\/wp\/v2\/media?parent=29183"}],"wp:term":[{"taxonomy":"product_brand","embeddable":true,"href":"https:\/\/sanqingniaoo.com\/vi\/wp-json\/wp\/v2\/product_brand?post=29183"},{"taxonomy":"product_cat","embeddable":true,"href":"https:\/\/sanqingniaoo.com\/vi\/wp-json\/wp\/v2\/product_cat?post=29183"},{"taxonomy":"product_tag","embeddable":true,"href":"https:\/\/sanqingniaoo.com\/vi\/wp-json\/wp\/v2\/product_tag?post=29183"}],"curies":[{"name":"wp","href":"https:\/\/api.w.org\/{rel}","templated":true}]}}