{"id":29185,"date":"2026-04-08T08:19:37","date_gmt":"2026-04-08T08:19:37","guid":{"rendered":"https:\/\/sanqingniaoo.com\/product\/stitch-please-100-wool-worsted\/"},"modified":"2026-04-22T09:15:23","modified_gmt":"2026-04-22T09:15:23","slug":"stitch-please-100-wool-worsted","status":"publish","type":"product","link":"https:\/\/sanqingniaoo.com\/vi\/san-pham\/stitch-please-100-wool-worsted\/","title":{"rendered":"Stitch Please\u2122 100% S\u1ee3i len ch\u1ea3i k\u1ef9"},"content":{"rendered":"<p>Stitch Please 100% Wool Worsted l\u00e0 lo\u1ea1i s\u1ee3i c\u01a1 b\u1ea3n ho\u00e0n h\u1ea3o cho m\u1ecdi nhu c\u1ea7u th\u1ee7 c\u00f4ng b\u1eb1ng s\u1ee3i c\u1ee7a b\u1ea1n. V\u1edbi phong c\u00e1ch c\u1ed5 \u0111i\u1ec3n v\u00e0 v\u01b0\u1ee3t th\u1eddi gian, lo\u1ea1i s\u1ee3i c\u00f3 \u0111\u1ed9 d\u00e0y worsted n\u00e0y r\u1ea5t l\u00fd t\u01b0\u1edfng \u0111\u1ec3 t\u1ea1o ra nh\u1eefng b\u1ed9 trang ph\u1ee5c m\u00e0 b\u1ea1n s\u1ebd y\u00eau th\u00edch trong nhi\u1ec1u n\u0103m t\u1edbi, c\u0169ng nh\u01b0 c\u00e1c ph\u1ee5 ki\u1ec7n gi\u00fap b\u1ea1n gi\u1eef \u1ea5m qua t\u1eebng m\u00f9a \u0111\u00f4ng. Lo\u1ea1i s\u1ee3i n\u00e0y c\u00f3 r\u1ea5t nhi\u1ec1u \u0111\u1eb7c \u0111i\u1ec3m tuy\u1ec7t v\u1eddi: c\u1ea5u tr\u00fac xo\u1eafn m\u1ecbn gi\u00fap n\u00f3 tr\u1edf n\u00ean l\u00fd t\u01b0\u1edfng cho c\u00e1c k\u1ef9 thu\u1eadt \u0111an c\u00e1p v\u00e0 ph\u1ed1i m\u00e0u, s\u1ee3i len 100% kh\u00f4ng qua x\u1eed l\u00fd superwash khi\u1ebfn n\u00f3 tr\u1edf n\u00ean ho\u00e0n h\u1ea3o \u0111\u1ec3 t\u1ea1o ra c\u00e1c d\u1ef1 \u00e1n n\u1ec9, \u0111\u1ed3ng th\u1eddi c\u0169ng l\u00e0 l\u1ef1a ch\u1ecdn tuy\u1ec7t v\u1eddi cho d\u1ec7t v\u00e0 th\u00eau kim \u0111\u1ee5c l\u1ed7. H\u00e3y d\u00e0nh ch\u00fat th\u1eddi gian \u0111\u1ec3 th\u01b0 gi\u00e3n c\u00f9ng Stitch Please.<\/p>","protected":false},"excerpt":{"rendered":"<p>Stitch Please 100% Wool Worsted is the perfect staple yarn for all your yarn crafting needs. Classic and timeless, this<\/p>","protected":false},"featured_media":29184,"comment_status":"open","ping_status":"closed","template":"","meta":[],"product_brand":[],"product_cat":[28],"product_tag":[],"class_list":{"0":"post-29185","1":"product","2":"type-product","3":"status-publish","4":"has-post-thumbnail","6":"product_cat-wool","8":"first","9":"instock","10":"shipping-taxable","11":"purchasable","12":"product-type-simple"},"_links":{"self":[{"href":"https:\/\/sanqingniaoo.com\/vi\/wp-json\/wp\/v2\/product\/29185","targetHints":{"allow":["GET"]}}],"collection":[{"href":"https:\/\/sanqingniaoo.com\/vi\/wp-json\/wp\/v2\/product"}],"about":[{"href":"https:\/\/sanqingniaoo.com\/vi\/wp-json\/wp\/v2\/types\/product"}],"replies":[{"embeddable":true,"href":"https:\/\/sanqingniaoo.com\/vi\/wp-json\/wp\/v2\/comments?post=29185"}],"version-history":[{"count":0,"href":"https:\/\/sanqingniaoo.com\/vi\/wp-json\/wp\/v2\/product\/29185\/revisions"}],"wp:featuredmedia":[{"embeddable":true,"href":"https:\/\/sanqingniaoo.com\/vi\/wp-json\/wp\/v2\/media\/29184"}],"wp:attachment":[{"href":"https:\/\/sanqingniaoo.com\/vi\/wp-json\/wp\/v2\/media?parent=29185"}],"wp:term":[{"taxonomy":"product_brand","embeddable":true,"href":"https:\/\/sanqingniaoo.com\/vi\/wp-json\/wp\/v2\/product_brand?post=29185"},{"taxonomy":"product_cat","embeddable":true,"href":"https:\/\/sanqingniaoo.com\/vi\/wp-json\/wp\/v2\/product_cat?post=29185"},{"taxonomy":"product_tag","embeddable":true,"href":"https:\/\/sanqingniaoo.com\/vi\/wp-json\/wp\/v2\/product_tag?post=29185"}],"curies":[{"name":"wp","href":"https:\/\/api.w.org\/{rel}","templated":true}]}}