{"id":29204,"date":"2026-04-08T08:20:23","date_gmt":"2026-04-08T08:20:23","guid":{"rendered":"https:\/\/sanqingniaoo.com\/product\/basix-worsted-solids\/"},"modified":"2026-04-22T09:15:42","modified_gmt":"2026-04-22T09:15:42","slug":"basix-worsted-solids","status":"publish","type":"product","link":"https:\/\/sanqingniaoo.com\/vi\/san-pham\/basix-worsted-solids\/","title":{"rendered":"Basix\u00ae S\u1ee3i ch\u1ea3i k\u1ef9 m\u00e0u tr\u01a1n"},"content":{"rendered":"<p>H\u00e3y s\u1edf h\u1eefu s\u1ee3i acrylic ch\u1ea5t l\u01b0\u1ee3ng cao, \u0111\u1ee7 s\u1ee9c chinh ph\u1ee5c m\u1ecdi d\u1ef1 \u00e1n. Basix\u00ae Worsted c\u00f3 s\u1eb5n trong nhi\u1ec1u m\u00e0u s\u1eafc tuy\u1ec7t \u0111\u1eb9p, ph\u00f9 h\u1ee3p v\u1edbi m\u1ecdi b\u1ea3ng m\u00e0u v\u00e0 s\u1edf th\u00edch. \u0110\u1eb7c bi\u1ec7t, s\u1ea3n ph\u1ea9m n\u00e0y c\u00f3 th\u1ec3 gi\u1eb7t v\u00e0 s\u1ea5y b\u1eb1ng m\u00e1y, gi\u00fap vi\u1ec7c ch\u0103m s\u00f3c tr\u1edf n\u00ean d\u1ec5 d\u00e0ng.\u00a0<br \/>\nH\u00e3y tho\u1ea3i m\u00e1i s\u00e1ng t\u1ea1o v\u1edbi s\u1ef1 an t\u00e2m r\u1eb1ng lo\u1ea1i s\u1ee3i n\u00e0y ho\u00e0n to\u00e0n an to\u00e0n cho b\u1ea1n! S\u1ea3n ph\u1ea9m \u0111\u00e3 \u0111\u1ea1t ti\u00eau chu\u1ea9n cao nh\u1ea5t, ph\u00f9 h\u1ee3p \u0111\u1ec3 ti\u1ebfp x\u00fac tr\u1ef1c ti\u1ebfp v\u1edbi l\u00e0n da nh\u1ea1y c\u1ea3m nh\u1ea5t, k\u1ec3 c\u1ea3 da c\u1ee7a tr\u1ebb s\u01a1 sinh v\u00e0 tr\u1ebb nh\u1ecf.<\/p>","protected":false},"excerpt":{"rendered":"<p>Get high-quality acrylic yarn that can conquer any project Basix\u00ae Worsted is available in a wide range of beautiful colors<\/p>","protected":false},"featured_media":29200,"comment_status":"open","ping_status":"closed","template":"","meta":[],"product_brand":[],"product_cat":[30],"product_tag":[],"class_list":{"0":"post-29204","1":"product","2":"type-product","3":"status-publish","4":"has-post-thumbnail","6":"product_cat-linen-yarn","8":"first","9":"instock","10":"shipping-taxable","11":"purchasable","12":"product-type-simple"},"_links":{"self":[{"href":"https:\/\/sanqingniaoo.com\/vi\/wp-json\/wp\/v2\/product\/29204","targetHints":{"allow":["GET"]}}],"collection":[{"href":"https:\/\/sanqingniaoo.com\/vi\/wp-json\/wp\/v2\/product"}],"about":[{"href":"https:\/\/sanqingniaoo.com\/vi\/wp-json\/wp\/v2\/types\/product"}],"replies":[{"embeddable":true,"href":"https:\/\/sanqingniaoo.com\/vi\/wp-json\/wp\/v2\/comments?post=29204"}],"version-history":[{"count":0,"href":"https:\/\/sanqingniaoo.com\/vi\/wp-json\/wp\/v2\/product\/29204\/revisions"}],"wp:featuredmedia":[{"embeddable":true,"href":"https:\/\/sanqingniaoo.com\/vi\/wp-json\/wp\/v2\/media\/29200"}],"wp:attachment":[{"href":"https:\/\/sanqingniaoo.com\/vi\/wp-json\/wp\/v2\/media?parent=29204"}],"wp:term":[{"taxonomy":"product_brand","embeddable":true,"href":"https:\/\/sanqingniaoo.com\/vi\/wp-json\/wp\/v2\/product_brand?post=29204"},{"taxonomy":"product_cat","embeddable":true,"href":"https:\/\/sanqingniaoo.com\/vi\/wp-json\/wp\/v2\/product_cat?post=29204"},{"taxonomy":"product_tag","embeddable":true,"href":"https:\/\/sanqingniaoo.com\/vi\/wp-json\/wp\/v2\/product_tag?post=29204"}],"curies":[{"name":"wp","href":"https:\/\/api.w.org\/{rel}","templated":true}]}}