{"id":29205,"date":"2026-04-08T08:20:23","date_gmt":"2026-04-08T08:20:23","guid":{"rendered":"https:\/\/sanqingniaoo.com\/product\/bamboo-fair-2\/"},"modified":"2026-04-22T09:15:33","modified_gmt":"2026-04-22T09:15:33","slug":"bamboo-fair-2","status":"publish","type":"product","link":"https:\/\/sanqingniaoo.com\/vi\/san-pham\/bamboo-fair-2\/","title":{"rendered":"H\u1ed9i ch\u1ee3 Tre"},"content":{"rendered":"<p>V\u1edbi s\u1ee3i tre m\u1ec1m m\u1ea1i k\u1ebft h\u1ee3p c\u00f9ng cotton, Bamboo Fair s\u1edf h\u1eefu \u0111\u1ed9 b\u00f3ng nh\u1eb9 nh\u00e0ng v\u00e0 \u0111\u1ed9 m\u1ec1m m\u1ecbn nh\u01b0 l\u1ee5a, khi\u1ebfn b\u1ea1n mu\u1ed1n m\u1eb7c n\u00f3 quanh n\u0103m. L\u00e0 l\u1ef1a ch\u1ecdn l\u00fd t\u01b0\u1edfng cho c\u00e1c d\u1ef1 \u00e1n d\u1ec7t may m\u00f9a h\u00e8, Bamboo Fair l\u00e0 ng\u01b0\u1eddi b\u1ea1n \u0111\u1ed3ng h\u00e0nh ho\u00e0n h\u1ea3o cho chuy\u1ebfn \u0111i bi\u1ec3n ti\u1ebfp theo, bu\u1ed5i d\u00e3 ngo\u1ea1i m\u00f9a h\u00e8, ho\u1eb7c \u0111\u1ec3 qu\u1ea5n em b\u00e9 m\u1edbi ch\u00e0o \u0111\u1eddi trong gia \u0111\u00ecnh b\u1ea1n.<br \/>\nH\u00e3y tho\u1ea3i m\u00e1i s\u00e1ng t\u1ea1o v\u1edbi s\u1ef1 an t\u00e2m r\u1eb1ng lo\u1ea1i s\u1ee3i n\u00e0y ho\u00e0n to\u00e0n an to\u00e0n cho b\u1ea1n! S\u1ea3n ph\u1ea9m \u0111\u00e3 \u0111\u1ea1t ti\u00eau chu\u1ea9n cao nh\u1ea5t, ph\u00f9 h\u1ee3p \u0111\u1ec3 ti\u1ebfp x\u00fac tr\u1ef1c ti\u1ebfp v\u1edbi l\u00e0n da nh\u1ea1y c\u1ea3m nh\u1ea5t, k\u1ec3 c\u1ea3 da c\u1ee7a tr\u1ebb s\u01a1 sinh v\u00e0 tr\u1ebb nh\u1ecf.<br \/>\nS\u1ee3i \u0111\u01b0\u1ee3c ph\u00ea duy\u1ec7t b\u1edfi<\/p>","protected":false},"excerpt":{"rendered":"<p>With soft bamboo fiber mixed with cotton, Bamboo Fair has a subtle sheen and silky softness that will make you<\/p>","protected":false},"featured_media":29201,"comment_status":"open","ping_status":"closed","template":"","meta":[],"product_brand":[],"product_cat":[30],"product_tag":[],"class_list":{"0":"post-29205","1":"product","2":"type-product","3":"status-publish","4":"has-post-thumbnail","6":"product_cat-linen-yarn","8":"first","9":"instock","10":"shipping-taxable","11":"purchasable","12":"product-type-simple"},"_links":{"self":[{"href":"https:\/\/sanqingniaoo.com\/vi\/wp-json\/wp\/v2\/product\/29205","targetHints":{"allow":["GET"]}}],"collection":[{"href":"https:\/\/sanqingniaoo.com\/vi\/wp-json\/wp\/v2\/product"}],"about":[{"href":"https:\/\/sanqingniaoo.com\/vi\/wp-json\/wp\/v2\/types\/product"}],"replies":[{"embeddable":true,"href":"https:\/\/sanqingniaoo.com\/vi\/wp-json\/wp\/v2\/comments?post=29205"}],"version-history":[{"count":0,"href":"https:\/\/sanqingniaoo.com\/vi\/wp-json\/wp\/v2\/product\/29205\/revisions"}],"wp:featuredmedia":[{"embeddable":true,"href":"https:\/\/sanqingniaoo.com\/vi\/wp-json\/wp\/v2\/media\/29201"}],"wp:attachment":[{"href":"https:\/\/sanqingniaoo.com\/vi\/wp-json\/wp\/v2\/media?parent=29205"}],"wp:term":[{"taxonomy":"product_brand","embeddable":true,"href":"https:\/\/sanqingniaoo.com\/vi\/wp-json\/wp\/v2\/product_brand?post=29205"},{"taxonomy":"product_cat","embeddable":true,"href":"https:\/\/sanqingniaoo.com\/vi\/wp-json\/wp\/v2\/product_cat?post=29205"},{"taxonomy":"product_tag","embeddable":true,"href":"https:\/\/sanqingniaoo.com\/vi\/wp-json\/wp\/v2\/product_tag?post=29205"}],"curies":[{"name":"wp","href":"https:\/\/api.w.org\/{rel}","templated":true}]}}