{"id":29214,"date":"2026-04-08T08:20:25","date_gmt":"2026-04-08T08:20:25","guid":{"rendered":"https:\/\/sanqingniaoo.com\/product\/sweet-roll\/"},"modified":"2026-04-22T09:15:58","modified_gmt":"2026-04-22T09:15:58","slug":"sweet-roll","status":"publish","type":"product","link":"https:\/\/sanqingniaoo.com\/vi\/san-pham\/sweet-roll\/","title":{"rendered":"B\u00e1nh cu\u1ed9n ng\u1ecdt\u00ae"},"content":{"rendered":"<p>Sweet Roll k\u1ebft h\u1ee3p 3 m\u00e0u trong m\u1ed7i cu\u1ed9n. S\u1ee3i len \u0111\u01b0\u1ee3c thi\u1ebft k\u1ebf \u0111\u1ec3 t\u1ea1o ra nh\u1eefng s\u1ecdc r\u1ed9ng theo m\u00f4-t\u00edp l\u1eb7p l\u1ea1i \u0111\u1ec1u \u0111\u1eb7n, mang \u0111\u1ebfn ni\u1ec1m vui khi d\u1ec7t nhi\u1ec1u m\u00e0u s\u1eafc m\u00e0 kh\u00f4ng ph\u1ea3i m\u1ea5t th\u1eddi gian x\u1eed l\u00fd c\u00e1c \u0111\u1ea7u s\u1ee3i th\u1eeba. B\u1ed9 s\u01b0u t\u1eadp c\u00e1c ph\u1ed1i m\u00e0u c\u1ee7a ch\u00fang t\u00f4i c\u00f3 \u0111\u1ee7 l\u1ef1a ch\u1ecdn cho m\u1ecdi ng\u01b0\u1eddi, t\u1eeb t\u00f4ng m\u00e0u trung t\u00ednh \u0111\u1ebfn m\u00e0u t\u01b0\u01a1i s\u00e1ng v\u00e0 m\u00e0u pastel.<br \/>\nH\u00e3y tho\u1ea3i m\u00e1i s\u00e1ng t\u1ea1o v\u1edbi s\u1ef1 an t\u00e2m r\u1eb1ng lo\u1ea1i s\u1ee3i n\u00e0y an to\u00e0n cho m\u1ecdi ng\u01b0\u1eddi! S\u1ea3n ph\u1ea9m \u0111\u00e3 \u0111\u1ea1t ti\u00eau chu\u1ea9n cao nh\u1ea5t, ph\u00f9 h\u1ee3p \u0111\u1ec3 ti\u1ebfp x\u00fac tr\u1ef1c ti\u1ebfp v\u1edbi l\u00e0n da nh\u1ea1y c\u1ea3m nh\u1ea5t, k\u1ec3 c\u1ea3 tr\u1ebb s\u01a1 sinh v\u00e0 tr\u1ebb nh\u1ecf.<\/p>","protected":false},"excerpt":{"rendered":"<p>Sweet Roll combines 3 colors in each ball. The yarn is designed to create wide stripes in a regular repeat,<\/p>","protected":false},"featured_media":29212,"comment_status":"open","ping_status":"closed","template":"","meta":[],"product_brand":[],"product_cat":[30],"product_tag":[],"class_list":{"0":"post-29214","1":"product","2":"type-product","3":"status-publish","4":"has-post-thumbnail","6":"product_cat-linen-yarn","8":"first","9":"instock","10":"shipping-taxable","11":"purchasable","12":"product-type-simple"},"_links":{"self":[{"href":"https:\/\/sanqingniaoo.com\/vi\/wp-json\/wp\/v2\/product\/29214","targetHints":{"allow":["GET"]}}],"collection":[{"href":"https:\/\/sanqingniaoo.com\/vi\/wp-json\/wp\/v2\/product"}],"about":[{"href":"https:\/\/sanqingniaoo.com\/vi\/wp-json\/wp\/v2\/types\/product"}],"replies":[{"embeddable":true,"href":"https:\/\/sanqingniaoo.com\/vi\/wp-json\/wp\/v2\/comments?post=29214"}],"version-history":[{"count":0,"href":"https:\/\/sanqingniaoo.com\/vi\/wp-json\/wp\/v2\/product\/29214\/revisions"}],"wp:featuredmedia":[{"embeddable":true,"href":"https:\/\/sanqingniaoo.com\/vi\/wp-json\/wp\/v2\/media\/29212"}],"wp:attachment":[{"href":"https:\/\/sanqingniaoo.com\/vi\/wp-json\/wp\/v2\/media?parent=29214"}],"wp:term":[{"taxonomy":"product_brand","embeddable":true,"href":"https:\/\/sanqingniaoo.com\/vi\/wp-json\/wp\/v2\/product_brand?post=29214"},{"taxonomy":"product_cat","embeddable":true,"href":"https:\/\/sanqingniaoo.com\/vi\/wp-json\/wp\/v2\/product_cat?post=29214"},{"taxonomy":"product_tag","embeddable":true,"href":"https:\/\/sanqingniaoo.com\/vi\/wp-json\/wp\/v2\/product_tag?post=29214"}],"curies":[{"name":"wp","href":"https:\/\/api.w.org\/{rel}","templated":true}]}}