{"id":29219,"date":"2026-04-08T08:20:26","date_gmt":"2026-04-08T08:20:26","guid":{"rendered":"https:\/\/sanqingniaoo.com\/product\/cotton-fair-sport-2\/"},"modified":"2026-04-22T09:16:03","modified_gmt":"2026-04-22T09:16:03","slug":"cotton-fair-sport-2","status":"publish","type":"product","link":"https:\/\/sanqingniaoo.com\/vi\/san-pham\/cotton-fair-sport-2\/","title":{"rendered":"Cotton Fair\u00ae Th\u1ec3 thao"},"content":{"rendered":"<p>Note: This is the same Cotton Fair, we just added the word &#8220;sport&#8221; to the title.\u00a0<br \/>\nThe cool, smooth comfort of cotton is blended with the light bounce of acrylic to make a perfect year-round yarn. The tight twist gives great stitch definition in projects that won&#8217;t sag out of shape. The range of bright colors is great for baby or adult garments and accessories.<br \/>\nH\u00e3y tho\u1ea3i m\u00e1i s\u00e1ng t\u1ea1o v\u1edbi s\u1ef1 an t\u00e2m r\u1eb1ng lo\u1ea1i s\u1ee3i n\u00e0y ho\u00e0n to\u00e0n an to\u00e0n cho b\u1ea1n! S\u1ea3n ph\u1ea9m \u0111\u00e3 \u0111\u1ea1t ti\u00eau chu\u1ea9n cao nh\u1ea5t, ph\u00f9 h\u1ee3p \u0111\u1ec3 ti\u1ebfp x\u00fac tr\u1ef1c ti\u1ebfp v\u1edbi l\u00e0n da nh\u1ea1y c\u1ea3m nh\u1ea5t, k\u1ec3 c\u1ea3 da c\u1ee7a tr\u1ebb s\u01a1 sinh v\u00e0 tr\u1ebb nh\u1ecf.<br \/>\nS\u1ee3i \u0111\u01b0\u1ee3c ph\u00ea duy\u1ec7t b\u1edfi<\/p>","protected":false},"excerpt":{"rendered":"<p>Note: This is the same Cotton Fair, we just added the word &#8220;sport&#8221; to the title.\u00a0 The cool, smooth comfort<\/p>","protected":false},"featured_media":29217,"comment_status":"open","ping_status":"closed","template":"","meta":[],"product_brand":[],"product_cat":[30],"product_tag":[],"class_list":{"0":"post-29219","1":"product","2":"type-product","3":"status-publish","4":"has-post-thumbnail","6":"product_cat-linen-yarn","8":"first","9":"instock","10":"shipping-taxable","11":"purchasable","12":"product-type-simple"},"_links":{"self":[{"href":"https:\/\/sanqingniaoo.com\/vi\/wp-json\/wp\/v2\/product\/29219","targetHints":{"allow":["GET"]}}],"collection":[{"href":"https:\/\/sanqingniaoo.com\/vi\/wp-json\/wp\/v2\/product"}],"about":[{"href":"https:\/\/sanqingniaoo.com\/vi\/wp-json\/wp\/v2\/types\/product"}],"replies":[{"embeddable":true,"href":"https:\/\/sanqingniaoo.com\/vi\/wp-json\/wp\/v2\/comments?post=29219"}],"version-history":[{"count":0,"href":"https:\/\/sanqingniaoo.com\/vi\/wp-json\/wp\/v2\/product\/29219\/revisions"}],"wp:featuredmedia":[{"embeddable":true,"href":"https:\/\/sanqingniaoo.com\/vi\/wp-json\/wp\/v2\/media\/29217"}],"wp:attachment":[{"href":"https:\/\/sanqingniaoo.com\/vi\/wp-json\/wp\/v2\/media?parent=29219"}],"wp:term":[{"taxonomy":"product_brand","embeddable":true,"href":"https:\/\/sanqingniaoo.com\/vi\/wp-json\/wp\/v2\/product_brand?post=29219"},{"taxonomy":"product_cat","embeddable":true,"href":"https:\/\/sanqingniaoo.com\/vi\/wp-json\/wp\/v2\/product_cat?post=29219"},{"taxonomy":"product_tag","embeddable":true,"href":"https:\/\/sanqingniaoo.com\/vi\/wp-json\/wp\/v2\/product_tag?post=29219"}],"curies":[{"name":"wp","href":"https:\/\/api.w.org\/{rel}","templated":true}]}}