{"id":29227,"date":"2026-04-08T08:20:28","date_gmt":"2026-04-08T08:20:28","guid":{"rendered":"https:\/\/sanqingniaoo.com\/product\/serenity-chunky-tweeds-bag-of-3\/"},"modified":"2026-04-22T09:23:13","modified_gmt":"2026-04-22T09:23:13","slug":"serenity-chunky-tweeds-bag-of-3","status":"publish","type":"product","link":"https:\/\/sanqingniaoo.com\/vi\/san-pham\/serenity-chunky-tweeds-bag-of-3\/","title":{"rendered":"Serenity\u00ae T\u00fai v\u1ea3i tweed d\u00e0y, g\u00f3i 3 chi\u1ebfc"},"content":{"rendered":"<p>T\u1ea5t c\u1ea3 c\u00e1c giao d\u1ecbch b\u00e1n h\u00e0ng \u0111\u1ec1u kh\u00f4ng \u0111\u01b0\u1ee3c ho\u00e0n tr\u1ea3.\u00a0<br \/>\nS\u1ee3i len n\u00e0y mang \u0111\u1ebfn s\u1ef1 m\u1ec1m m\u1ea1i v\u00e0 d\u1ec5 ch\u0103m s\u00f3c \u0111\u1eb7c tr\u01b0ng c\u1ee7a Serenity Chunky, k\u1ebft h\u1ee3p v\u1edbi nh\u1eefng \u0111\u1ed1m m\u00e0u \u0111a s\u1eafc \u0111\u01b0\u1ee3c d\u1ec7t tr\u1ef1c ti\u1ebfp v\u00e0o s\u1ee3i. Lo\u1ea1i s\u1ee3i n\u00e0y gi\u00fap b\u1ea1n t\u1ea1o ra nh\u1eefng chi\u1ebfc \u00e1o len, ph\u1ee5 ki\u1ec7n v\u00e0 ch\u0103n \u0111an mang \u0111\u1eadm n\u00e9t c\u1ed5 \u0111i\u1ec3n.<br \/>\nH\u00e3y tho\u1ea3i m\u00e1i s\u00e1ng t\u1ea1o v\u1edbi s\u1ef1 an t\u00e2m r\u1eb1ng lo\u1ea1i s\u1ee3i n\u00e0y an to\u00e0n cho m\u1ecdi ng\u01b0\u1eddi! S\u1ea3n ph\u1ea9m \u0111\u00e3 \u0111\u1ea1t ti\u00eau chu\u1ea9n cao nh\u1ea5t, ph\u00f9 h\u1ee3p \u0111\u1ec3 ti\u1ebfp x\u00fac tr\u1ef1c ti\u1ebfp v\u1edbi l\u00e0n da nh\u1ea1y c\u1ea3m nh\u1ea5t, k\u1ec3 c\u1ea3 tr\u1ebb s\u01a1 sinh v\u00e0 tr\u1ebb nh\u1ecf.<br \/>\n\u00a0<\/p>","protected":false},"excerpt":{"rendered":"<p>All sales final.\u00a0 All the softness and easy care of Serenity Chunky with multi-colored flecks spun right in. This yarns<\/p>","protected":false},"featured_media":29226,"comment_status":"open","ping_status":"closed","template":"","meta":[],"product_brand":[],"product_cat":[30],"product_tag":[],"class_list":{"0":"post-29227","1":"product","2":"type-product","3":"status-publish","4":"has-post-thumbnail","6":"product_cat-linen-yarn","8":"first","9":"instock","10":"shipping-taxable","11":"purchasable","12":"product-type-simple"},"_links":{"self":[{"href":"https:\/\/sanqingniaoo.com\/vi\/wp-json\/wp\/v2\/product\/29227","targetHints":{"allow":["GET"]}}],"collection":[{"href":"https:\/\/sanqingniaoo.com\/vi\/wp-json\/wp\/v2\/product"}],"about":[{"href":"https:\/\/sanqingniaoo.com\/vi\/wp-json\/wp\/v2\/types\/product"}],"replies":[{"embeddable":true,"href":"https:\/\/sanqingniaoo.com\/vi\/wp-json\/wp\/v2\/comments?post=29227"}],"version-history":[{"count":0,"href":"https:\/\/sanqingniaoo.com\/vi\/wp-json\/wp\/v2\/product\/29227\/revisions"}],"wp:featuredmedia":[{"embeddable":true,"href":"https:\/\/sanqingniaoo.com\/vi\/wp-json\/wp\/v2\/media\/29226"}],"wp:attachment":[{"href":"https:\/\/sanqingniaoo.com\/vi\/wp-json\/wp\/v2\/media?parent=29227"}],"wp:term":[{"taxonomy":"product_brand","embeddable":true,"href":"https:\/\/sanqingniaoo.com\/vi\/wp-json\/wp\/v2\/product_brand?post=29227"},{"taxonomy":"product_cat","embeddable":true,"href":"https:\/\/sanqingniaoo.com\/vi\/wp-json\/wp\/v2\/product_cat?post=29227"},{"taxonomy":"product_tag","embeddable":true,"href":"https:\/\/sanqingniaoo.com\/vi\/wp-json\/wp\/v2\/product_tag?post=29227"}],"curies":[{"name":"wp","href":"https:\/\/api.w.org\/{rel}","templated":true}]}}